{"id":2699,"date":"2025-10-17T07:21:28","date_gmt":"2025-10-17T07:21:28","guid":{"rendered":"https:\/\/mountlaser.com\/?post_type=product&#038;p=2699"},"modified":"2025-11-28T06:38:19","modified_gmt":"2025-11-28T06:38:19","slug":"c34b-triple-prism-assembly","status":"publish","type":"product","link":"https:\/\/mountlaser.com\/pl\/produkt\/c34b-triple-prism-assembly\/","title":{"rendered":"Zesp\u00f3\u0142 potr\u00f3jnego pryzmatu C34B"},"content":{"rendered":"<p>Dwa r\u00f3\u017cne modele oznaczone kolorami, u\u0142atwiaj\u0105ce identyfikacj\u0119 i zarz\u0105dzanie projektem:<a href=\"https:\/\/mountlaser.com\/pl\/\"><strong> Zesp\u00f3\u0142 potr\u00f3jnego pryzmatu C34B-YY<\/strong><\/a> (\u017c\u00f3\u0142ty-\u017c\u00f3\u0142ty) i zesp\u00f3\u0142 potr\u00f3jnych pryzmat\u00f3w C34B-RR (czerwony-czerwony), dzi\u0119ki czemu masz pewno\u015b\u0107, \u017ce posiadasz odpowiednie narz\u0119dzie do swojego konkretnego przep\u0142ywu pracy i wymaga\u0144 zespo\u0142u.<\/p>\n<p><a href=\"https:\/\/mountlaser.com\/pl\/products\/\"><strong>Zesp\u00f3\u0142 potr\u00f3jnego pryzmatu C34B<\/strong><\/a> Wyposa\u017cony w trzy wysokiej jako\u015bci pryzmaty o \u015brednicy 64 mm, ten zestaw gwarantuje niezawodny sygna\u0142 zwrotny i wyj\u0105tkow\u0105 sp\u00f3jno\u015b\u0107 pomiar\u00f3w. Oferuje mo\u017cliwo\u015b\u0107 wyboru dok\u0142adno\u015bci 2 lub 3-4 sekund, co pozwala profesjonalistom wybra\u0107 idealny model w oparciu o wymagania dotycz\u0105ce precyzji w danym projekcie.<\/p>\n<p><img fetchpriority=\"high\" decoding=\"async\" class=\"wp-image-2704 aligncenter\" src=\"https:\/\/mountlaser.com\/wp-content\/uploads\/2025\/10\/C34B-RR-2.webp\" alt=\"C34B Triple Prism Assembly\" width=\"500\" height=\"500\" srcset=\"https:\/\/mountlaser.com\/wp-content\/uploads\/2025\/10\/C34B-RR-2.webp 1000w, https:\/\/mountlaser.com\/wp-content\/uploads\/2025\/10\/C34B-RR-2-300x300.webp 300w, https:\/\/mountlaser.com\/wp-content\/uploads\/2025\/10\/C34B-RR-2-400x400.webp 400w, https:\/\/mountlaser.com\/wp-content\/uploads\/2025\/10\/C34B-RR-2-800x800.webp 800w, https:\/\/mountlaser.com\/wp-content\/uploads\/2025\/10\/C34B-RR-2-600x600.webp 600w, https:\/\/mountlaser.com\/wp-content\/uploads\/2025\/10\/C34B-RR-2-150x150.webp 150w, https:\/\/mountlaser.com\/wp-content\/uploads\/2025\/10\/C34B-RR-2-768x768.webp 768w, https:\/\/mountlaser.com\/wp-content\/uploads\/2025\/10\/C34B-RR-2-12x12.webp 12w\" sizes=\"(max-width: 500px) 100vw, 500px\" \/><\/p>\n<p>Uniwersalna kompatybilno\u015b\u0107: Zintegrowany \u017ce\u0144ski adapter 5\/8\u2033-11 ze stali nierdzewnej gwarantuje bezpieczne i uniwersalne dopasowanie do dowolnego standardowego tyczki pryzmatycznej lub adaptera 5\/8\u2033-11, umo\u017cliwiaj\u0105c bezproblemow\u0105 integracj\u0119 z istniej\u0105cym sprz\u0119tem geodezyjnym.<\/p>\n<p>Elastyczna konfiguracja: dzi\u0119ki 100-milimetrowej wysoko\u015bci osi pochylenia i mo\u017cliwo\u015bci przesuni\u0119cia 0 mm lub -30 mm, zesp\u00f3\u0142 potr\u00f3jnych pryzmat\u00f3w C34B zapewnia wszechstronno\u015b\u0107 niezb\u0119dn\u0105 do realizacji skomplikowanych zada\u0144 geodezyjnych, od skomplikowanych uk\u0142ad\u00f3w konstrukcyjnych po wyr\u00f3wnania napowietrzne.<\/p>","protected":false},"excerpt":{"rendered":"<ul>\n<li>Zestaw zosta\u0142 zaprojektowany tak, aby wytrzyma\u0107 trudy codziennego u\u017cytkowania na placach budowy. Dostarczany jest w komplecie z ochronn\u0105 torb\u0105 transportow\u0105.<\/li>\n<li>zapewniaj\u0105c bezpieczny transport i przechowywanie Twojej cennej inwestycji.<\/li>\n<li>Niezale\u017cnie od tego, czy wybierzesz bardzo widoczny zesp\u00f3\u0142 pryzmatyczny C34B-YY z potr\u00f3jnym pryzmatem, czy zesp\u00f3\u0142 pryzmatyczny C34B-RR z potr\u00f3jnym pryzmatem,<\/li>\n<\/ul>","protected":false},"featured_media":2700,"comment_status":"open","ping_status":"closed","template":"","meta":[],"product_brand":[],"product_cat":[72,103],"product_tag":[],"class_list":{"0":"post-2699","1":"product","2":"type-product","3":"status-publish","4":"has-post-thumbnail","6":"product_cat-reflective-target-prism","7":"product_cat-prism-assembly","9":"first","10":"instock","11":"shipping-taxable","12":"product-type-simple"},"_links":{"self":[{"href":"https:\/\/mountlaser.com\/pl\/wp-json\/wp\/v2\/product\/2699","targetHints":{"allow":["GET"]}}],"collection":[{"href":"https:\/\/mountlaser.com\/pl\/wp-json\/wp\/v2\/product"}],"about":[{"href":"https:\/\/mountlaser.com\/pl\/wp-json\/wp\/v2\/types\/product"}],"replies":[{"embeddable":true,"href":"https:\/\/mountlaser.com\/pl\/wp-json\/wp\/v2\/comments?post=2699"}],"wp:featuredmedia":[{"embeddable":true,"href":"https:\/\/mountlaser.com\/pl\/wp-json\/wp\/v2\/media\/2700"}],"wp:attachment":[{"href":"https:\/\/mountlaser.com\/pl\/wp-json\/wp\/v2\/media?parent=2699"}],"wp:term":[{"taxonomy":"product_brand","embeddable":true,"href":"https:\/\/mountlaser.com\/pl\/wp-json\/wp\/v2\/product_brand?post=2699"},{"taxonomy":"product_cat","embeddable":true,"href":"https:\/\/mountlaser.com\/pl\/wp-json\/wp\/v2\/product_cat?post=2699"},{"taxonomy":"product_tag","embeddable":true,"href":"https:\/\/mountlaser.com\/pl\/wp-json\/wp\/v2\/product_tag?post=2699"}],"curies":[{"name":"wp","href":"https:\/\/api.w.org\/{rel}","templated":true}]}}