{"id":2684,"date":"2025-10-16T09:19:22","date_gmt":"2025-10-16T09:19:22","guid":{"rendered":"https:\/\/mountlaser.com\/?post_type=product&#038;p=2684"},"modified":"2025-11-28T06:40:43","modified_gmt":"2025-11-28T06:40:43","slug":"z14ue-prism-assembly","status":"publish","type":"product","link":"https:\/\/mountlaser.com\/pl\/produkt\/z14ue-prism-assembly\/","title":{"rendered":"Zesp\u00f3\u0142 pryzmatu Z14UE"},"content":{"rendered":"<p>Z14UE <a href=\"https:\/\/mountlaser.com\/pl\/\"><strong>Poszerzony zesp\u00f3\u0142 pryzmatu<\/strong><\/a>:Niezr\u00f3wnana stabilno\u015b\u0107 dla precyzyjnych pomiar\u00f3w geodezyjnych<\/p>\n<p>Odkryj nowy poziom stabilno\u015bci pomiar\u00f3w dzi\u0119ki <strong><a href=\"https:\/\/mountlaser.com\/pl\/products\/\">Zesp\u00f3\u0142 pryzmatu Z14UE<\/a>y<\/strong>, wyj\u0105tkowy, metalowy zesp\u00f3\u0142 pryzmatyczny Big Widened, zaprojektowany do wymagaj\u0105cych warunk\u00f3w terenowych.<\/p>\n<p>&nbsp;<\/p>\n<p><img fetchpriority=\"high\" decoding=\"async\" class=\"aligncenter wp-image-2688\" src=\"https:\/\/mountlaser.com\/wp-content\/uploads\/2025\/10\/Z14UE-BY-4.webp\" alt=\"Widened Prism Assembly \" width=\"500\" height=\"500\" srcset=\"https:\/\/mountlaser.com\/wp-content\/uploads\/2025\/10\/Z14UE-BY-4.webp 1000w, https:\/\/mountlaser.com\/wp-content\/uploads\/2025\/10\/Z14UE-BY-4-300x300.webp 300w, https:\/\/mountlaser.com\/wp-content\/uploads\/2025\/10\/Z14UE-BY-4-400x400.webp 400w, https:\/\/mountlaser.com\/wp-content\/uploads\/2025\/10\/Z14UE-BY-4-800x800.webp 800w, https:\/\/mountlaser.com\/wp-content\/uploads\/2025\/10\/Z14UE-BY-4-600x600.webp 600w, https:\/\/mountlaser.com\/wp-content\/uploads\/2025\/10\/Z14UE-BY-4-150x150.webp 150w, https:\/\/mountlaser.com\/wp-content\/uploads\/2025\/10\/Z14UE-BY-4-768x768.webp 768w, https:\/\/mountlaser.com\/wp-content\/uploads\/2025\/10\/Z14UE-BY-4-12x12.webp 12w\" sizes=\"(max-width: 500px) 100vw, 500px\" \/><\/p>\n<p>Ten poszerzony zesp\u00f3\u0142 pryzmatyczny w stylu japo\u0144skim zosta\u0142 starannie wykonany, aby zapewni\u0107 doskona\u0142\u0105 wydajno\u015b\u0107 dzi\u0119ki innowacyjnej konstrukcji. Dost\u0119pny jest w dw\u00f3ch r\u00f3\u017cnych, dobrze widocznych modelach oznaczonych kolorami: Z14UE-BR (du\u017cy czerwony) i Z14UE-RY (du\u017cy \u017c\u00f3\u0142ty), co zapewnia \u0142atw\u0105 identyfikacj\u0119 i efektywne zarz\u0105dzanie przep\u0142ywem pracy w ka\u017cdym miejscu pracy.<\/p>","protected":false},"excerpt":{"rendered":"<ul>\n<li>Podstaw\u0105 tego poszerzonego zestawu pryzmatycznego jest jego unikalnie zaprojektowana szeroka podstawa.<\/li>\n<li>Ten du\u017cy, poszerzony metalowy zesp\u00f3\u0142 pryzmatyczny znacznie zmniejsza ko\u0142ysanie i zwi\u0119ksza og\u00f3ln\u0105 sztywno\u015b\u0107, co przek\u0142ada si\u0119 na bardziej niezawodne zbieranie danych.<\/li>\n<li>Solidna konstrukcja i elastyczna konfiguracja<\/li>\n<\/ul>","protected":false},"featured_media":2686,"comment_status":"open","ping_status":"closed","template":"","meta":[],"product_brand":[],"product_cat":[72,103],"product_tag":[],"class_list":{"0":"post-2684","1":"product","2":"type-product","3":"status-publish","4":"has-post-thumbnail","6":"product_cat-reflective-target-prism","7":"product_cat-prism-assembly","9":"first","10":"instock","11":"shipping-taxable","12":"product-type-simple"},"_links":{"self":[{"href":"https:\/\/mountlaser.com\/pl\/wp-json\/wp\/v2\/product\/2684","targetHints":{"allow":["GET"]}}],"collection":[{"href":"https:\/\/mountlaser.com\/pl\/wp-json\/wp\/v2\/product"}],"about":[{"href":"https:\/\/mountlaser.com\/pl\/wp-json\/wp\/v2\/types\/product"}],"replies":[{"embeddable":true,"href":"https:\/\/mountlaser.com\/pl\/wp-json\/wp\/v2\/comments?post=2684"}],"wp:featuredmedia":[{"embeddable":true,"href":"https:\/\/mountlaser.com\/pl\/wp-json\/wp\/v2\/media\/2686"}],"wp:attachment":[{"href":"https:\/\/mountlaser.com\/pl\/wp-json\/wp\/v2\/media?parent=2684"}],"wp:term":[{"taxonomy":"product_brand","embeddable":true,"href":"https:\/\/mountlaser.com\/pl\/wp-json\/wp\/v2\/product_brand?post=2684"},{"taxonomy":"product_cat","embeddable":true,"href":"https:\/\/mountlaser.com\/pl\/wp-json\/wp\/v2\/product_cat?post=2684"},{"taxonomy":"product_tag","embeddable":true,"href":"https:\/\/mountlaser.com\/pl\/wp-json\/wp\/v2\/product_tag?post=2684"}],"curies":[{"name":"wp","href":"https:\/\/api.w.org\/{rel}","templated":true}]}}