{"id":2676,"date":"2025-10-16T09:09:21","date_gmt":"2025-10-16T09:09:21","guid":{"rendered":"https:\/\/mountlaser.com\/?post_type=product&#038;p=2676"},"modified":"2025-11-28T06:42:40","modified_gmt":"2025-11-28T06:42:40","slug":"z14sk-prism-assembly","status":"publish","type":"product","link":"https:\/\/mountlaser.com\/pl\/produkt\/z14sk-prism-assembly\/","title":{"rendered":"Zesp\u00f3\u0142 pryzmatu Z14SK"},"content":{"rendered":"<p><a href=\"https:\/\/mountlaser.com\/pl\/about-us\/\"><strong>Z14SK Nowy zestaw metalowych pryzmat\u00f3w<\/strong><\/a>:Trwa\u0142o\u015b\u0107 spotyka si\u0119 z precyzj\u0105<\/p>\n<p>Zwi\u0119ksz swoje mo\u017cliwo\u015bci geodezyjne dzi\u0119ki<a href=\"https:\/\/mountlaser.com\/pl\/\"><strong> Zesp\u00f3\u0142 pryzmatu Z14SK<\/strong><\/a>, solidny zestaw pryzmat\u00f3w metalowych w stylu japo\u0144skim, zaprojektowany z my\u015bl\u0105 o wytrzyma\u0142o\u015bci i precyzji w najbardziej wymagaj\u0105cych warunkach. Ten zestaw zosta\u0142 zaprojektowany, aby zapewni\u0107 geodetom niezawodne i trwa\u0142e narz\u0119dzie, dost\u0119pne w dw\u00f3ch dobrze widocznych kolorach, u\u0142atwiaj\u0105cych identyfikacj\u0119: zestaw pryzmat\u00f3w Z14SK-RR (czerwony-czerwony) i zestaw pryzmat\u00f3w Z14SK-YY (\u017c\u00f3\u0142ty-\u017c\u00f3\u0142ty).<\/p>\n<p>&nbsp;<\/p>\n<p><img fetchpriority=\"high\" decoding=\"async\" class=\"wp-image-2681 aligncenter\" src=\"https:\/\/mountlaser.com\/wp-content\/uploads\/2025\/10\/Z14SK-RR-1.webp\" alt=\"New Metal Prism Set \" width=\"500\" height=\"500\" srcset=\"https:\/\/mountlaser.com\/wp-content\/uploads\/2025\/10\/Z14SK-RR-1.webp 1000w, https:\/\/mountlaser.com\/wp-content\/uploads\/2025\/10\/Z14SK-RR-1-300x300.webp 300w, https:\/\/mountlaser.com\/wp-content\/uploads\/2025\/10\/Z14SK-RR-1-400x400.webp 400w, https:\/\/mountlaser.com\/wp-content\/uploads\/2025\/10\/Z14SK-RR-1-800x800.webp 800w, https:\/\/mountlaser.com\/wp-content\/uploads\/2025\/10\/Z14SK-RR-1-600x600.webp 600w, https:\/\/mountlaser.com\/wp-content\/uploads\/2025\/10\/Z14SK-RR-1-150x150.webp 150w, https:\/\/mountlaser.com\/wp-content\/uploads\/2025\/10\/Z14SK-RR-1-768x768.webp 768w, https:\/\/mountlaser.com\/wp-content\/uploads\/2025\/10\/Z14SK-RR-1-12x12.webp 12w\" sizes=\"(max-width: 500px) 100vw, 500px\" \/><\/p>\n<p>Jako zestaw premium New Metal Prism Set, Z14SK jest wyposa\u017cony w precyzyjny pryzmat o \u015brednicy 64 mm, oferuj\u0105cy wiele opcji dok\u0142adno\u015bci \u2013 2\u2033, 3\u20134\u2033 lub 5\u20138\u2033 \u2013 aby sprosta\u0107 zr\u00f3\u017cnicowanym wymaganiom r\u00f3\u017cnych projekt\u00f3w, od precyzyjnych sieci sterowania po og\u00f3lne rozplanowanie konstrukcji. Jego g\u0142\u00f3wn\u0105 zalet\u0105 jest zintegrowany \u017ce\u0144ski gwint 5\/8\u2033-11 ze stali nierdzewnej, kt\u00f3ry gwarantuje pe\u0142n\u0105 kompatybilno\u015b\u0107 ze standardowymi tyczkami i adapterami pryzmat\u00f3w, zapewniaj\u0105c jednocze\u015bnie doskona\u0142\u0105 odporno\u015b\u0107 na korozj\u0119 i zu\u017cycie.<\/p>","protected":false},"excerpt":{"rendered":"<ul>\n<li>Wyra\u017ane kodowanie kolorami pomaga zapobiega\u0107 pomy\u0142kom na miejscu, zwi\u0119kszaj\u0105c wydajno\u015b\u0107 zespo\u0142u.<\/li>\n<li>Dostarczany z por\u0119czn\u0105 torb\u0105 transportow\u0105, ten kompletny zestaw New Metal Prism jest w pe\u0142ni wyposa\u017cony do bezpiecznego transportu i zorganizowanego przechowywania<\/li>\n<li>Gwarantujemy ochron\u0119 Twojej inwestycji i jej ci\u0105g\u0142\u0105 gotowo\u015b\u0107 do dzia\u0142ania.<\/li>\n<\/ul>","protected":false},"featured_media":2677,"comment_status":"open","ping_status":"closed","template":"","meta":[],"product_brand":[],"product_cat":[72,103],"product_tag":[],"class_list":{"0":"post-2676","1":"product","2":"type-product","3":"status-publish","4":"has-post-thumbnail","6":"product_cat-reflective-target-prism","7":"product_cat-prism-assembly","9":"first","10":"instock","11":"shipping-taxable","12":"product-type-simple"},"_links":{"self":[{"href":"https:\/\/mountlaser.com\/pl\/wp-json\/wp\/v2\/product\/2676","targetHints":{"allow":["GET"]}}],"collection":[{"href":"https:\/\/mountlaser.com\/pl\/wp-json\/wp\/v2\/product"}],"about":[{"href":"https:\/\/mountlaser.com\/pl\/wp-json\/wp\/v2\/types\/product"}],"replies":[{"embeddable":true,"href":"https:\/\/mountlaser.com\/pl\/wp-json\/wp\/v2\/comments?post=2676"}],"wp:featuredmedia":[{"embeddable":true,"href":"https:\/\/mountlaser.com\/pl\/wp-json\/wp\/v2\/media\/2677"}],"wp:attachment":[{"href":"https:\/\/mountlaser.com\/pl\/wp-json\/wp\/v2\/media?parent=2676"}],"wp:term":[{"taxonomy":"product_brand","embeddable":true,"href":"https:\/\/mountlaser.com\/pl\/wp-json\/wp\/v2\/product_brand?post=2676"},{"taxonomy":"product_cat","embeddable":true,"href":"https:\/\/mountlaser.com\/pl\/wp-json\/wp\/v2\/product_cat?post=2676"},{"taxonomy":"product_tag","embeddable":true,"href":"https:\/\/mountlaser.com\/pl\/wp-json\/wp\/v2\/product_tag?post=2676"}],"curies":[{"name":"wp","href":"https:\/\/api.w.org\/{rel}","templated":true}]}}