{"id":2668,"date":"2025-10-16T08:59:36","date_gmt":"2025-10-16T08:59:36","guid":{"rendered":"https:\/\/mountlaser.com\/?post_type=product&#038;p=2668"},"modified":"2025-11-28T06:43:47","modified_gmt":"2025-11-28T06:43:47","slug":"z14pt-prism-assembly","status":"publish","type":"product","link":"https:\/\/mountlaser.com\/pl\/produkt\/z14pt-prism-assembly\/","title":{"rendered":"Zesp\u00f3\u0142 pryzmatu Z14PT"},"content":{"rendered":"<p><a href=\"https:\/\/mountlaser.com\/pl\/\"><strong>Zesp\u00f3\u0142 pryzmatu Z14PT<\/strong><\/a>:Ostateczny, wysoce precyzyjny zesp\u00f3\u0142 pryzmat\u00f3w<\/p>\n<p>Podnie\u015b poziom swojej pracy geodezyjnej dzi\u0119ki zestawowi pryzmatycznemu Z14PT, najwy\u017cszej jako\u015bci instrumentowi w japo\u0144skim stylu, zaprojektowanemu do zastosowa\u0144, w kt\u00f3rych liczy si\u0119 najmniejszy margines b\u0142\u0119du. Ten produkt zosta\u0142 starannie wykonany, aby by\u0107 prawdziwym\u2026 <a href=\"https:\/\/mountlaser.com\/pl\/about-us\/\"><strong>Zesp\u00f3\u0142 pryzmat\u00f3w o wysokiej precyzji<\/strong><\/a>, oferuj\u0105c niezr\u00f3wnan\u0105 dok\u0142adno\u015b\u0107 i niezawodno\u015b\u0107 w krytycznych zadaniach pomiarowych. To idealny wyb\u00f3r dla geodet\u00f3w, kt\u00f3rzy wymagaj\u0105 od swojego sprz\u0119tu najwy\u017cszego poziomu integralno\u015bci danych.<\/p>\n<p><img fetchpriority=\"high\" decoding=\"async\" class=\"aligncenter wp-image-2673\" src=\"https:\/\/mountlaser.com\/wp-content\/uploads\/2025\/10\/Z14PT-5.webp\" alt=\"High Precision Prism Assembly\" width=\"500\" height=\"500\" srcset=\"https:\/\/mountlaser.com\/wp-content\/uploads\/2025\/10\/Z14PT-5.webp 1000w, https:\/\/mountlaser.com\/wp-content\/uploads\/2025\/10\/Z14PT-5-300x300.webp 300w, https:\/\/mountlaser.com\/wp-content\/uploads\/2025\/10\/Z14PT-5-400x400.webp 400w, https:\/\/mountlaser.com\/wp-content\/uploads\/2025\/10\/Z14PT-5-800x800.webp 800w, https:\/\/mountlaser.com\/wp-content\/uploads\/2025\/10\/Z14PT-5-600x600.webp 600w, https:\/\/mountlaser.com\/wp-content\/uploads\/2025\/10\/Z14PT-5-150x150.webp 150w, https:\/\/mountlaser.com\/wp-content\/uploads\/2025\/10\/Z14PT-5-768x768.webp 768w, https:\/\/mountlaser.com\/wp-content\/uploads\/2025\/10\/Z14PT-5-12x12.webp 12w\" sizes=\"(max-width: 500px) 100vw, 500px\" \/><\/p>\n<p>Podstaw\u0105 tego zestawu jest wysokiej jako\u015bci pryzmat o \u015brednicy 64 mm, dost\u0119pny z mo\u017cliwo\u015bci\u0105 wyboru dok\u0142adno\u015bci 2\u2033, 3-4\u2033 lub 5-8\u2033. Ta elastyczno\u015b\u0107 pozwala na precyzyjne okre\u015blenie poziomu precyzji wymaganego w projekcie, od tworzenia g\u0142\u00f3wnych sieci kontrolnych po precyzyjne rozplanowanie in\u017cynieryjne. Zaprojektowany z my\u015bl\u0105 o d\u0142ugotrwa\u0142ej wydajno\u015bci, zestaw pryzmatyczny Z14PT wyposa\u017cony jest w solidny adapter ze stali nierdzewnej ze standardowym gwintem \u017ce\u0144skim 5\/8\u2033-11, co zapewnia uniwersaln\u0105 kompatybilno\u015b\u0107 i bezpieczne dopasowanie do wszystkich popularnych tyczek geodezyjnych.<\/p>","protected":false},"excerpt":{"rendered":"<ul>\n<li>Dzi\u0119ki standardowemu przesuni\u0119ciu 0 mm zesp\u00f3\u0142 ten doskonale nadaje si\u0119 do szerokiej gamy og\u00f3lnych i precyzyjnych zastosowa\u0144 geodezyjnych.<\/li>\n<li>Ka\u017cda jednostka jest dostarczana z ochronnym etui<\/li>\n<li>Gwarantujemy, \u017ce zestaw pryzmatyczny Z14PT pozostanie bezpieczny przed uszkodzeniami podczas transportu i przechowywania, gotowy do u\u017cycia w ka\u017cdej chwili.<\/li>\n<\/ul>","protected":false},"featured_media":2672,"comment_status":"open","ping_status":"closed","template":"","meta":[],"product_brand":[],"product_cat":[72,103],"product_tag":[],"class_list":{"0":"post-2668","1":"product","2":"type-product","3":"status-publish","4":"has-post-thumbnail","6":"product_cat-reflective-target-prism","7":"product_cat-prism-assembly","9":"first","10":"instock","11":"shipping-taxable","12":"product-type-simple"},"_links":{"self":[{"href":"https:\/\/mountlaser.com\/pl\/wp-json\/wp\/v2\/product\/2668","targetHints":{"allow":["GET"]}}],"collection":[{"href":"https:\/\/mountlaser.com\/pl\/wp-json\/wp\/v2\/product"}],"about":[{"href":"https:\/\/mountlaser.com\/pl\/wp-json\/wp\/v2\/types\/product"}],"replies":[{"embeddable":true,"href":"https:\/\/mountlaser.com\/pl\/wp-json\/wp\/v2\/comments?post=2668"}],"wp:featuredmedia":[{"embeddable":true,"href":"https:\/\/mountlaser.com\/pl\/wp-json\/wp\/v2\/media\/2672"}],"wp:attachment":[{"href":"https:\/\/mountlaser.com\/pl\/wp-json\/wp\/v2\/media?parent=2668"}],"wp:term":[{"taxonomy":"product_brand","embeddable":true,"href":"https:\/\/mountlaser.com\/pl\/wp-json\/wp\/v2\/product_brand?post=2668"},{"taxonomy":"product_cat","embeddable":true,"href":"https:\/\/mountlaser.com\/pl\/wp-json\/wp\/v2\/product_cat?post=2668"},{"taxonomy":"product_tag","embeddable":true,"href":"https:\/\/mountlaser.com\/pl\/wp-json\/wp\/v2\/product_tag?post=2668"}],"curies":[{"name":"wp","href":"https:\/\/api.w.org\/{rel}","templated":true}]}}