{"id":2661,"date":"2025-10-16T08:52:50","date_gmt":"2025-10-16T08:52:50","guid":{"rendered":"https:\/\/mountlaser.com\/?post_type=product&#038;p=2661"},"modified":"2025-11-28T06:44:48","modified_gmt":"2025-11-28T06:44:48","slug":"z14bs-prism-assembly","status":"publish","type":"product","link":"https:\/\/mountlaser.com\/pl\/produkt\/z14bs-prism-assembly\/","title":{"rendered":"Zesp\u00f3\u0142 pryzmatu Z14BS"},"content":{"rendered":"<p><a href=\"https:\/\/mountlaser.com\/pl\/\"><strong>Z14BS -30mm Zesp\u00f3\u0142 pryzmatu<\/strong><\/a>:Precyzja z celowym przesuni\u0119ciem<\/p>\n<p>Zaprojektowany do wymagaj\u0105cych zada\u0144 geodezyjnych, zesp\u00f3\u0142 pryzmatyczny Z14BS to wysokiej jako\u015bci japo\u0144ski zesp\u00f3\u0142 pryzmatyczny o \u015brednicy 30 mm, kt\u00f3ry zapewnia zar\u00f3wno elastyczno\u015b\u0107, jak i niezmienn\u0105 dok\u0142adno\u015b\u0107. Zesp\u00f3\u0142 ten zosta\u0142 zaprojektowany z my\u015bl\u0105 o wyzwaniach pomiarowych, w kt\u00f3rych standardowe odchylenia s\u0105 niewystarczaj\u0105ce. Jest dost\u0119pny w dw\u00f3ch charakterystycznych, dobrze widocznych kodach kolorystycznych: Z14BS-RG (czerwono-zielony) i Z14BS-RG (czerwono-zielony).<a href=\"https:\/\/mountlaser.com\/pl\/products\/\"><strong> Zesp\u00f3\u0142 pryzmatu Z14BS-RR<\/strong><\/a> (Czerwony-Czerwony), u\u0142atwiaj\u0105cy za\u0142ogom na miejscu identyfikacj\u0119 narz\u0119dzi i zarz\u0105dzanie nimi.<\/p>\n<p><img fetchpriority=\"high\" decoding=\"async\" class=\"aligncenter wp-image-2664\" src=\"https:\/\/mountlaser.com\/wp-content\/uploads\/2025\/10\/Z14BS-RG-5.webp\" alt=\"-30mm Prism Assembly\" width=\"500\" height=\"500\" srcset=\"https:\/\/mountlaser.com\/wp-content\/uploads\/2025\/10\/Z14BS-RG-5.webp 1000w, https:\/\/mountlaser.com\/wp-content\/uploads\/2025\/10\/Z14BS-RG-5-300x300.webp 300w, https:\/\/mountlaser.com\/wp-content\/uploads\/2025\/10\/Z14BS-RG-5-400x400.webp 400w, https:\/\/mountlaser.com\/wp-content\/uploads\/2025\/10\/Z14BS-RG-5-800x800.webp 800w, https:\/\/mountlaser.com\/wp-content\/uploads\/2025\/10\/Z14BS-RG-5-600x600.webp 600w, https:\/\/mountlaser.com\/wp-content\/uploads\/2025\/10\/Z14BS-RG-5-150x150.webp 150w, https:\/\/mountlaser.com\/wp-content\/uploads\/2025\/10\/Z14BS-RG-5-768x768.webp 768w, https:\/\/mountlaser.com\/wp-content\/uploads\/2025\/10\/Z14BS-RG-5-12x12.webp 12w\" sizes=\"(max-width: 500px) 100vw, 500px\" \/><\/p>\n<p>Sercem tego solidnego zestawu jest precyzyjny pryzmat o \u015brednicy 64 mm, oferowany z opcjonalnymi poziomami dok\u0142adno\u015bci 2\u2033, 3-4\u2033 lub 5-8\u2033. Pozwala to na wyb\u00f3r idealnego poziomu precyzji dla ka\u017cdego zastosowania, od sieci o wysokim stopniu kontroli po og\u00f3lne uk\u0142ady konstrukcyjne. Zaprojektowany z my\u015bl\u0105 o trwa\u0142o\u015bci i niezawodno\u015bci, zestaw pryzmatyczny Z14BS wyposa\u017cony jest w wytrzyma\u0142y, \u017ce\u0144ski adapter 5\/8\u2033-11 ze stali nierdzewnej, gwarantuj\u0105cy bezproblemow\u0105 kompatybilno\u015b\u0107 ze wszystkimi standardowymi tyczkami geodezyjnymi i akcesoriami.<\/p>","protected":false},"excerpt":{"rendered":"<ul>\n<li>Wykonany z odpornej na korozj\u0119 stali nierdzewnej adapter 5\/8\u2033-11 zapewnia bezpieczne po\u0142\u0105czenie z dowolnym standardowym dr\u0105\u017ckiem<\/li>\n<li>wytrzymuj\u0105c trudy codziennego u\u017cytkowania w terenie.<\/li>\n<li>Wysoko\u015b\u0107 pochylenia osi wynosz\u0105ca 100 mm umo\u017cliwia sta\u0142e i stabilne odniesienie k\u0105ta, co jest kluczowym czynnikiem w przypadku niezawodnego zbierania danych.<\/li>\n<\/ul>","protected":false},"featured_media":2667,"comment_status":"open","ping_status":"closed","template":"","meta":[],"product_brand":[],"product_cat":[72,103],"product_tag":[],"class_list":{"0":"post-2661","1":"product","2":"type-product","3":"status-publish","4":"has-post-thumbnail","6":"product_cat-reflective-target-prism","7":"product_cat-prism-assembly","9":"first","10":"instock","11":"shipping-taxable","12":"product-type-simple"},"_links":{"self":[{"href":"https:\/\/mountlaser.com\/pl\/wp-json\/wp\/v2\/product\/2661","targetHints":{"allow":["GET"]}}],"collection":[{"href":"https:\/\/mountlaser.com\/pl\/wp-json\/wp\/v2\/product"}],"about":[{"href":"https:\/\/mountlaser.com\/pl\/wp-json\/wp\/v2\/types\/product"}],"replies":[{"embeddable":true,"href":"https:\/\/mountlaser.com\/pl\/wp-json\/wp\/v2\/comments?post=2661"}],"wp:featuredmedia":[{"embeddable":true,"href":"https:\/\/mountlaser.com\/pl\/wp-json\/wp\/v2\/media\/2667"}],"wp:attachment":[{"href":"https:\/\/mountlaser.com\/pl\/wp-json\/wp\/v2\/media?parent=2661"}],"wp:term":[{"taxonomy":"product_brand","embeddable":true,"href":"https:\/\/mountlaser.com\/pl\/wp-json\/wp\/v2\/product_brand?post=2661"},{"taxonomy":"product_cat","embeddable":true,"href":"https:\/\/mountlaser.com\/pl\/wp-json\/wp\/v2\/product_cat?post=2661"},{"taxonomy":"product_tag","embeddable":true,"href":"https:\/\/mountlaser.com\/pl\/wp-json\/wp\/v2\/product_tag?post=2661"}],"curies":[{"name":"wp","href":"https:\/\/api.w.org\/{rel}","templated":true}]}}