{"id":2654,"date":"2025-10-16T08:22:59","date_gmt":"2025-10-16T08:22:59","guid":{"rendered":"https:\/\/mountlaser.com\/?post_type=product&#038;p=2654"},"modified":"2025-11-28T06:46:17","modified_gmt":"2025-11-28T06:46:17","slug":"z14uc-prism-assembly","status":"publish","type":"product","link":"https:\/\/mountlaser.com\/pl\/produkt\/z14uc-prism-assembly\/","title":{"rendered":"Zesp\u00f3\u0142 pryzmatu Z14UC"},"content":{"rendered":"<p><a href=\"https:\/\/mountlaser.com\/pl\/\"><strong>Zesp\u00f3\u0142 pryzmatu Z14UC<\/strong><\/a>:Premium <a href=\"https:\/\/mountlaser.com\/pl\/products\/\"><strong>Zestaw pojedynczego pryzmatu pochyleniowego<\/strong><\/a> dla wy\u017cszej dok\u0142adno\u015bci<\/p>\n<p>Przedstawiamy zestaw pryzmat\u00f3w Z14UC, najwy\u017cszej jako\u015bci zestaw pryzmat\u00f3w w stylu japo\u0144skim z pojedynczym pochyleniem, zaprojektowany dla geodet\u00f3w, kt\u00f3rzy nie chc\u0105 i\u015b\u0107 na kompromis w kwestii precyzji ani trwa\u0142o\u015bci. Zestaw ten jest oferowany w dw\u00f3ch r\u00f3\u017cnych, dobrze widocznych wariantach kolorystycznych: Z14UC-YG Prism Assembly (Y). Wyra\u017ane kodowanie kolorystyczne zestawu pryzmat\u00f3w Z14UC-YG Prism Assembly i Z14UC-YY Prism Assembly usprawnia prac\u0119 zespo\u0142\u00f3w korzystaj\u0105cych z wielu konfiguracji.<\/p>\n<p>W po\u0142\u0105czeniu z ochronn\u0105 torb\u0105 transportow\u0105 ten zestaw pojedynczego pryzmatu pochylonego doskonale nadaje si\u0119 zar\u00f3wno do zorganizowanego przechowywania, jak i \u0142atwego transportu mi\u0119dzy miejscami pracy. (\u017c\u00f3\u0142to-zielony) i zestaw pryzmatu Z14UC-YY (\u017c\u00f3\u0142to-\u017c\u00f3\u0142ty) umo\u017cliwiaj\u0105 \u0142atw\u0105 identyfikacj\u0119 i organizacj\u0119 na ka\u017cdym miejscu pracy.<\/p>\n<p><img fetchpriority=\"high\" decoding=\"async\" class=\"aligncenter wp-image-2658\" src=\"https:\/\/mountlaser.com\/wp-content\/uploads\/2025\/10\/Z14UC-YG-1.webp\" alt=\"Single Tilt Prism Set\" width=\"500\" height=\"500\" srcset=\"https:\/\/mountlaser.com\/wp-content\/uploads\/2025\/10\/Z14UC-YG-1.webp 1000w, https:\/\/mountlaser.com\/wp-content\/uploads\/2025\/10\/Z14UC-YG-1-300x300.webp 300w, https:\/\/mountlaser.com\/wp-content\/uploads\/2025\/10\/Z14UC-YG-1-400x400.webp 400w, https:\/\/mountlaser.com\/wp-content\/uploads\/2025\/10\/Z14UC-YG-1-800x800.webp 800w, https:\/\/mountlaser.com\/wp-content\/uploads\/2025\/10\/Z14UC-YG-1-600x600.webp 600w, https:\/\/mountlaser.com\/wp-content\/uploads\/2025\/10\/Z14UC-YG-1-150x150.webp 150w, https:\/\/mountlaser.com\/wp-content\/uploads\/2025\/10\/Z14UC-YG-1-768x768.webp 768w, https:\/\/mountlaser.com\/wp-content\/uploads\/2025\/10\/Z14UC-YG-1-12x12.webp 12w\" sizes=\"(max-width: 500px) 100vw, 500px\" \/><\/p>\n<p>Zaprojektowany z my\u015bl\u0105 o doskona\u0142o\u015bci, rdze\u0144 tego zestawu stanowi precyzyjny pryzmat o \u015brednicy 64 mm. Zapewnia on mo\u017cliwo\u015b\u0107 wyboru dok\u0142adno\u015bci pomiaru od 2\u2033 do 3-4\u2033, co pozwala na realizacj\u0119 najbardziej wymagaj\u0105cych zada\u0144 pomiarowych, gdzie wymagany jest najwy\u017cszy poziom pewno\u015bci. Solidna konstrukcja wyposa\u017cona jest w adapter ze stali nierdzewnej ze standardowym gwintem \u017ce\u0144skim 5\/8\u2033-11, kt\u00f3ry zapewnia odporno\u015b\u0107 na korozj\u0119 i idealne dopasowanie do wi\u0119kszo\u015bci popularnych tyczek geodezyjnych.<\/p>","protected":false},"excerpt":{"rendered":"<ul>\n<li>Wyra\u017ane kodowanie kolorystyczne zespo\u0142u pryzmatycznego Z14UC-YG i zespo\u0142u pryzmatycznego Z14UC-YY usprawnia prac\u0119 zespo\u0142\u00f3w korzystaj\u0105cych z wielu konfiguracji.<\/li>\n<li>W zestawie z ochronnym etui<\/li>\n<li>Zestaw pojedynczego pryzmatu pochylnego jest idealny zar\u00f3wno do zorganizowanego przechowywania, jak i \u0142atwego transportu mi\u0119dzy miejscami pracy.<\/li>\n<\/ul>","protected":false},"featured_media":2659,"comment_status":"open","ping_status":"closed","template":"","meta":[],"product_brand":[],"product_cat":[72,103],"product_tag":[],"class_list":{"0":"post-2654","1":"product","2":"type-product","3":"status-publish","4":"has-post-thumbnail","6":"product_cat-reflective-target-prism","7":"product_cat-prism-assembly","9":"first","10":"instock","11":"shipping-taxable","12":"product-type-simple"},"_links":{"self":[{"href":"https:\/\/mountlaser.com\/pl\/wp-json\/wp\/v2\/product\/2654","targetHints":{"allow":["GET"]}}],"collection":[{"href":"https:\/\/mountlaser.com\/pl\/wp-json\/wp\/v2\/product"}],"about":[{"href":"https:\/\/mountlaser.com\/pl\/wp-json\/wp\/v2\/types\/product"}],"replies":[{"embeddable":true,"href":"https:\/\/mountlaser.com\/pl\/wp-json\/wp\/v2\/comments?post=2654"}],"wp:featuredmedia":[{"embeddable":true,"href":"https:\/\/mountlaser.com\/pl\/wp-json\/wp\/v2\/media\/2659"}],"wp:attachment":[{"href":"https:\/\/mountlaser.com\/pl\/wp-json\/wp\/v2\/media?parent=2654"}],"wp:term":[{"taxonomy":"product_brand","embeddable":true,"href":"https:\/\/mountlaser.com\/pl\/wp-json\/wp\/v2\/product_brand?post=2654"},{"taxonomy":"product_cat","embeddable":true,"href":"https:\/\/mountlaser.com\/pl\/wp-json\/wp\/v2\/product_cat?post=2654"},{"taxonomy":"product_tag","embeddable":true,"href":"https:\/\/mountlaser.com\/pl\/wp-json\/wp\/v2\/product_tag?post=2654"}],"curies":[{"name":"wp","href":"https:\/\/api.w.org\/{rel}","templated":true}]}}