{"id":2638,"date":"2025-10-16T08:05:14","date_gmt":"2025-10-16T08:05:14","guid":{"rendered":"https:\/\/mountlaser.com\/?post_type=product&#038;p=2638"},"modified":"2025-11-28T06:47:20","modified_gmt":"2025-11-28T06:47:20","slug":"z34b-prism-assembly","status":"publish","type":"product","link":"https:\/\/mountlaser.com\/pl\/produkt\/z34b-prism-assembly\/","title":{"rendered":"Zesp\u00f3\u0142 pryzmatu Z34B"},"content":{"rendered":"<p>Podnie\u015b poziom swoich projekt\u00f3w geodezyjnych dzi\u0119ki<a href=\"https:\/\/mountlaser.com\/pl\/\"><strong> Zesp\u00f3\u0142 pryzmatu Z34B<\/strong><\/a>, wysoce precyzyjny japo\u0144ski system potr\u00f3jnych pryzmat\u00f3w, zaprojektowany do wymagaj\u0105cych zastosowa\u0144. Ten solidny zestaw zosta\u0142 zaprojektowany z my\u015bl\u0105 o wyj\u0105tkowej dok\u0142adno\u015bci i wszechstronno\u015bci w terenie.<\/p>\n<p><a href=\"https:\/\/mountlaser.com\/pl\/products\/\"><strong>Pochylany potr\u00f3jny zesp\u00f3\u0142 pryzmatyczny<\/strong><\/a> Po\u0142\u0105czenie najwy\u017cszej klasy optyki, wszechstronnych mo\u017cliwo\u015bci pochylenia i przesuni\u0119cia oraz solidnej konstrukcji sprawia, \u017ce zestaw Tilting Triple Prism Assembly jest niezast\u0105pionym narz\u0119dziem do pomiar\u00f3w topograficznych, planowania budowy i innych precyzyjnych zada\u0144 pomiarowych.<\/p>\n<p><img fetchpriority=\"high\" decoding=\"async\" class=\"wp-image-2693 aligncenter\" src=\"https:\/\/mountlaser.com\/wp-content\/uploads\/2025\/10\/Z34B-YY-2.webp\" alt=\"Tilting Triple Prism Assembly\" width=\"500\" height=\"500\" srcset=\"https:\/\/mountlaser.com\/wp-content\/uploads\/2025\/10\/Z34B-YY-2.webp 1000w, https:\/\/mountlaser.com\/wp-content\/uploads\/2025\/10\/Z34B-YY-2-300x300.webp 300w, https:\/\/mountlaser.com\/wp-content\/uploads\/2025\/10\/Z34B-YY-2-400x400.webp 400w, https:\/\/mountlaser.com\/wp-content\/uploads\/2025\/10\/Z34B-YY-2-800x800.webp 800w, https:\/\/mountlaser.com\/wp-content\/uploads\/2025\/10\/Z34B-YY-2-600x600.webp 600w, https:\/\/mountlaser.com\/wp-content\/uploads\/2025\/10\/Z34B-YY-2-150x150.webp 150w, https:\/\/mountlaser.com\/wp-content\/uploads\/2025\/10\/Z34B-YY-2-768x768.webp 768w, https:\/\/mountlaser.com\/wp-content\/uploads\/2025\/10\/Z34B-YY-2-12x12.webp 12w\" sizes=\"(max-width: 500px) 100vw, 500px\" \/><\/p>\n<p>Firma Mount Laser oferuje dwa r\u00f3\u017cne modele zespo\u0142u pryzmatycznego Z34B oznaczone kolorami, co u\u0142atwia ich identyfikacj\u0119: <a href=\"https:\/\/mountlaser.com\/pl\/contact-us\/\">Zesp\u00f3\u0142 pryzmatu Z34B-YY<\/a> (\u017c\u00f3\u0142ty-\u017c\u00f3\u0142ty) i zesp\u00f3\u0142 pryzmatu Z34B-YY (czerwony-\u017c\u00f3\u0142ty), dzi\u0119ki czemu masz pewno\u015b\u0107, \u017ce posiadasz w\u0142a\u015bciwe narz\u0119dzie do wymaga\u0144 swojego konkretnego przep\u0142ywu pracy.<\/p>","protected":false},"excerpt":{"rendered":"<ul>\n<li>Zintegrowany \u017ce\u0144ski adapter ze stali nierdzewnej 5\/8\u2033-11 zapewnia bezpieczne dopasowanie do dowolnego standardowego tyczki pryzmatycznej lub adaptera 5\/8\u2033-11<\/li>\n<li>gwarantuj\u0105c bezproblemow\u0105 integracj\u0119 z istniej\u0105cym sprz\u0119tem.<\/li>\n<li>Zesp\u00f3\u0142 pryzmatyczny Z34B zapewnia wszechstronno\u015b\u0107 niezb\u0119dn\u0105 do realizacji skomplikowanych zada\u0144 geodezyjnych, od wyznaczania osi poziomych po skomplikowane prace zwi\u0105zane z uk\u0142adem.<\/li>\n<\/ul>","protected":false},"featured_media":2698,"comment_status":"open","ping_status":"closed","template":"","meta":[],"product_brand":[],"product_cat":[72,103],"product_tag":[],"class_list":{"0":"post-2638","1":"product","2":"type-product","3":"status-publish","4":"has-post-thumbnail","6":"product_cat-reflective-target-prism","7":"product_cat-prism-assembly","9":"first","10":"instock","11":"shipping-taxable","12":"product-type-simple"},"_links":{"self":[{"href":"https:\/\/mountlaser.com\/pl\/wp-json\/wp\/v2\/product\/2638","targetHints":{"allow":["GET"]}}],"collection":[{"href":"https:\/\/mountlaser.com\/pl\/wp-json\/wp\/v2\/product"}],"about":[{"href":"https:\/\/mountlaser.com\/pl\/wp-json\/wp\/v2\/types\/product"}],"replies":[{"embeddable":true,"href":"https:\/\/mountlaser.com\/pl\/wp-json\/wp\/v2\/comments?post=2638"}],"wp:featuredmedia":[{"embeddable":true,"href":"https:\/\/mountlaser.com\/pl\/wp-json\/wp\/v2\/media\/2698"}],"wp:attachment":[{"href":"https:\/\/mountlaser.com\/pl\/wp-json\/wp\/v2\/media?parent=2638"}],"wp:term":[{"taxonomy":"product_brand","embeddable":true,"href":"https:\/\/mountlaser.com\/pl\/wp-json\/wp\/v2\/product_brand?post=2638"},{"taxonomy":"product_cat","embeddable":true,"href":"https:\/\/mountlaser.com\/pl\/wp-json\/wp\/v2\/product_cat?post=2638"},{"taxonomy":"product_tag","embeddable":true,"href":"https:\/\/mountlaser.com\/pl\/wp-json\/wp\/v2\/product_tag?post=2638"}],"curies":[{"name":"wp","href":"https:\/\/api.w.org\/{rel}","templated":true}]}}