{"id":2629,"date":"2025-10-14T09:27:02","date_gmt":"2025-10-14T09:27:02","guid":{"rendered":"https:\/\/mountlaser.com\/?post_type=product&#038;p=2629"},"modified":"2025-11-28T06:48:18","modified_gmt":"2025-11-28T06:48:18","slug":"z14ub-prism-assembly","status":"publish","type":"product","link":"https:\/\/mountlaser.com\/pl\/produkt\/z14ub-prism-assembly\/","title":{"rendered":"Zesp\u00f3\u0142 pryzmatu Z14UB"},"content":{"rendered":"<p><a href=\"https:\/\/mountlaser.com\/pl\/\">Z14UB <strong>Ca\u0142kowicie metalowy pojedynczy pryzmat pochylony<\/strong> <\/a>| Wytrzyma\u0142y zestaw 64 mm do precyzyjnych pomiar\u00f3w geodezyjnych<\/p>\n<p>Ten <a href=\"https:\/\/mountlaser.com\/pl\/products\/\"><strong>Zesp\u00f3\u0142 pryzmatu Z14UB<\/strong><\/a> To solidne, ca\u0142kowicie metalowe rozwi\u0105zanie w \u015bwiecie precyzyjnych pomiar\u00f3w geodezyjnych. Ten wysokiej jako\u015bci, ca\u0142kowicie metalowy pryzmat z pojedynczym pochyleniem zosta\u0142 zaprojektowany z my\u015bl\u0105 o trwa\u0142o\u015bci i dok\u0142adno\u015bci, charakteryzuj\u0105c si\u0119 japo\u0144sk\u0105 konstrukcj\u0105, kt\u00f3ra wytrzyma intensywne u\u017cytkowanie w terenie. Dost\u0119pny jest w dw\u00f3ch r\u00f3\u017cnych modelach oznaczonych kolorami, co zapewnia optymaln\u0105 koordynacj\u0119 zespo\u0142u i \u0142atw\u0105 identyfikacj\u0119: zestaw pryzmatyczny Z14UB-YY (\u017c\u00f3\u0142to-\u017c\u00f3\u0142ty) i zestaw pryzmatyczny Z14UB-RO (czerwono-pomara\u0144czowy). Niezale\u017cnie od tego, czy Tw\u00f3j zesp\u00f3\u0142 jest wyposa\u017cony w dobrze widoczny zestaw pryzmatyczny Z14UB-YY, czy Z14UB-RO, masz gwarancj\u0119 sp\u00f3jnej i niezawodnej pracy.<\/p>\n<p><img fetchpriority=\"high\" decoding=\"async\" class=\"aligncenter wp-image-2633\" src=\"https:\/\/mountlaser.com\/wp-content\/uploads\/2025\/10\/Z14UB-RO-2.webp\" alt=\"All-Metal Single Tilt Prism \" width=\"500\" height=\"500\" srcset=\"https:\/\/mountlaser.com\/wp-content\/uploads\/2025\/10\/Z14UB-RO-2.webp 1000w, https:\/\/mountlaser.com\/wp-content\/uploads\/2025\/10\/Z14UB-RO-2-300x300.webp 300w, https:\/\/mountlaser.com\/wp-content\/uploads\/2025\/10\/Z14UB-RO-2-400x400.webp 400w, https:\/\/mountlaser.com\/wp-content\/uploads\/2025\/10\/Z14UB-RO-2-800x800.webp 800w, https:\/\/mountlaser.com\/wp-content\/uploads\/2025\/10\/Z14UB-RO-2-600x600.webp 600w, https:\/\/mountlaser.com\/wp-content\/uploads\/2025\/10\/Z14UB-RO-2-150x150.webp 150w, https:\/\/mountlaser.com\/wp-content\/uploads\/2025\/10\/Z14UB-RO-2-768x768.webp 768w, https:\/\/mountlaser.com\/wp-content\/uploads\/2025\/10\/Z14UB-RO-2-12x12.webp 12w\" sizes=\"(max-width: 500px) 100vw, 500px\" \/><\/p>\n<p>Zaprojektowany wok\u00f3\u0142 <a href=\"https:\/\/mountlaser.com\/pl\/contact-us\/\">precyzyjny pryzmat 64 mm<\/a>, Ten zestaw zapewnia wyj\u0105tkow\u0105 wydajno\u015b\u0107 optyczn\u0105 wymagan\u0105 przy krytycznych zadaniach pomiarowych, co czyni go niezast\u0105pionym narz\u0119dziem w budownictwie, in\u017cynierii i pomiarach topograficznych.<\/p>","protected":false},"excerpt":{"rendered":"<ul>\n<li>Wszechstronne pozycjonowanie: obs\u0142uguje przesuni\u0119cia 0 mm i -30 mm i jest wyposa\u017cony w o\u015b pochylan\u0105 na wysoko\u015bci 100 mm, co umo\u017cliwia elastyczn\u0105 i precyzyjn\u0105 konfiguracj\u0119 w r\u00f3\u017cnych scenariuszach.<\/li>\n<li>Gotowy do u\u017cycia w terenie: Dostarczany z wygodn\u0105 walizk\u0105 umo\u017cliwiaj\u0105c\u0105 natychmiastowe rozmieszczenie i niezawodn\u0105 ochron\u0119 podczas transportu i przechowywania.<\/li>\n<\/ul>","protected":false},"featured_media":2630,"comment_status":"open","ping_status":"closed","template":"","meta":[],"product_brand":[],"product_cat":[103,72],"product_tag":[],"class_list":{"0":"post-2629","1":"product","2":"type-product","3":"status-publish","4":"has-post-thumbnail","6":"product_cat-prism-assembly","7":"product_cat-reflective-target-prism","9":"first","10":"instock","11":"shipping-taxable","12":"product-type-simple"},"_links":{"self":[{"href":"https:\/\/mountlaser.com\/pl\/wp-json\/wp\/v2\/product\/2629","targetHints":{"allow":["GET"]}}],"collection":[{"href":"https:\/\/mountlaser.com\/pl\/wp-json\/wp\/v2\/product"}],"about":[{"href":"https:\/\/mountlaser.com\/pl\/wp-json\/wp\/v2\/types\/product"}],"replies":[{"embeddable":true,"href":"https:\/\/mountlaser.com\/pl\/wp-json\/wp\/v2\/comments?post=2629"}],"wp:featuredmedia":[{"embeddable":true,"href":"https:\/\/mountlaser.com\/pl\/wp-json\/wp\/v2\/media\/2630"}],"wp:attachment":[{"href":"https:\/\/mountlaser.com\/pl\/wp-json\/wp\/v2\/media?parent=2629"}],"wp:term":[{"taxonomy":"product_brand","embeddable":true,"href":"https:\/\/mountlaser.com\/pl\/wp-json\/wp\/v2\/product_brand?post=2629"},{"taxonomy":"product_cat","embeddable":true,"href":"https:\/\/mountlaser.com\/pl\/wp-json\/wp\/v2\/product_cat?post=2629"},{"taxonomy":"product_tag","embeddable":true,"href":"https:\/\/mountlaser.com\/pl\/wp-json\/wp\/v2\/product_tag?post=2629"}],"curies":[{"name":"wp","href":"https:\/\/api.w.org\/{rel}","templated":true}]}}