{"id":2622,"date":"2025-10-14T09:14:49","date_gmt":"2025-10-14T09:14:49","guid":{"rendered":"https:\/\/mountlaser.com\/?post_type=product&#038;p=2622"},"modified":"2025-11-28T06:49:44","modified_gmt":"2025-11-28T06:49:44","slug":"z14u-prism-assembly","status":"publish","type":"product","link":"https:\/\/mountlaser.com\/pl\/produkt\/z14u-prism-assembly\/","title":{"rendered":"Zesp\u00f3\u0142 pryzmatu Z14U"},"content":{"rendered":"<p><a href=\"https:\/\/mountlaser.com\/pl\/\"><strong>Zesp\u00f3\u0142 pryzmatu Z14U<\/strong><\/a> | Precyzyjny pryzmat 64 mm do profesjonalnych pomiar\u00f3w geodezyjnych<\/p>\n<p>Zesp\u00f3\u0142 pryzmatyczny Z14U to wysokiej jako\u015bci akcesorium geodezyjne przeznaczone dla profesjonalist\u00f3w wymagaj\u0105cych niezmiennej dok\u0142adno\u015bci i solidnej konstrukcji. Zesp\u00f3\u0142 ten jest oferowany w dw\u00f3ch r\u00f3\u017cnych modelach oznaczonych kolorami, aby usprawni\u0107 identyfikacj\u0119 w terenie i przebieg pracy: zesp\u00f3\u0142 pryzmatyczny Z14U-RO (czerwono-pomara\u0144czowy) i zesp\u00f3\u0142 pryzmatyczny Z14U-YY (\u017c\u00f3\u0142to-\u017c\u00f3\u0142ty). Niezale\u017cnie od tego, czy wybierzesz dobrze widoczny, <a href=\"https:\/\/mountlaser.com\/pl\/products\/\"><strong>Zesp\u00f3\u0142 pryzmatu Z14U-RO<\/strong> <\/a>lub zestawu pryzmatycznego Z14U-YY, masz gwarancj\u0119, \u017ce otrzymasz narz\u0119dzie wykonane zgodnie z najwy\u017cszymi standardami.<\/p>\n<p><img fetchpriority=\"high\" decoding=\"async\" class=\"aligncenter wp-image-2623\" src=\"https:\/\/mountlaser.com\/wp-content\/uploads\/2025\/10\/Z14U-YY-1.webp\" alt=\"Z14U Prism Assmbly\" width=\"500\" height=\"500\" srcset=\"https:\/\/mountlaser.com\/wp-content\/uploads\/2025\/10\/Z14U-YY-1.webp 1000w, https:\/\/mountlaser.com\/wp-content\/uploads\/2025\/10\/Z14U-YY-1-300x300.webp 300w, https:\/\/mountlaser.com\/wp-content\/uploads\/2025\/10\/Z14U-YY-1-400x400.webp 400w, https:\/\/mountlaser.com\/wp-content\/uploads\/2025\/10\/Z14U-YY-1-800x800.webp 800w, https:\/\/mountlaser.com\/wp-content\/uploads\/2025\/10\/Z14U-YY-1-600x600.webp 600w, https:\/\/mountlaser.com\/wp-content\/uploads\/2025\/10\/Z14U-YY-1-150x150.webp 150w, https:\/\/mountlaser.com\/wp-content\/uploads\/2025\/10\/Z14U-YY-1-768x768.webp 768w, https:\/\/mountlaser.com\/wp-content\/uploads\/2025\/10\/Z14U-YY-1-12x12.webp 12w\" sizes=\"(max-width: 500px) 100vw, 500px\" \/><\/p>\n<p>Zaprojektowany z precyzyjnym pryzmatem o \u015brednicy 64 mm, ten zestaw jest w stanie sprosta\u0107 najbardziej wymagaj\u0105cym zadaniom pomiarowym, dostarczaj\u0105c wiarygodne dane z r\u00f3\u017cnych lokalizacji topograficznych i plac\u00f3w budowy. Jego trwa\u0142a konstrukcja gwarantuje d\u0142ugotrwa\u0142\u0105 wydajno\u015b\u0107, co czyni go niezawodnym wyborem do codziennego u\u017cytku.<\/p>\n<p><img decoding=\"async\" class=\"aligncenter wp-image-2627\" src=\"https:\/\/mountlaser.com\/wp-content\/uploads\/2025\/10\/Z14U-RO-2.webp\" alt=\"Z14U Prism Assmbly\" width=\"500\" height=\"500\" srcset=\"https:\/\/mountlaser.com\/wp-content\/uploads\/2025\/10\/Z14U-RO-2.webp 800w, https:\/\/mountlaser.com\/wp-content\/uploads\/2025\/10\/Z14U-RO-2-300x300.webp 300w, https:\/\/mountlaser.com\/wp-content\/uploads\/2025\/10\/Z14U-RO-2-400x400.webp 400w, https:\/\/mountlaser.com\/wp-content\/uploads\/2025\/10\/Z14U-RO-2-600x600.webp 600w, https:\/\/mountlaser.com\/wp-content\/uploads\/2025\/10\/Z14U-RO-2-150x150.webp 150w, https:\/\/mountlaser.com\/wp-content\/uploads\/2025\/10\/Z14U-RO-2-768x768.webp 768w, https:\/\/mountlaser.com\/wp-content\/uploads\/2025\/10\/Z14U-RO-2-12x12.webp 12w\" sizes=\"(max-width: 500px) 100vw, 500px\" \/><\/p>","protected":false},"excerpt":{"rendered":"<ul>\n<li>Mo\u017cliwo\u015b\u0107 wyboru przesuni\u0119cia pryzmatu od 0 mm do -30 mm oraz wysoko\u015b\u0107 pochylenia osi wynosz\u0105ca 100 mm zapewniaj\u0105 wszechstronn\u0105 konfiguracj\u0119 i dok\u0142adne celowanie.<\/li>\n<li>Pe\u0142na przeno\u015bno\u015b\u0107: W zestawie znajduje si\u0119 wytrzyma\u0142a torba transportowa zapewniaj\u0105ca doskona\u0142\u0105 ochron\u0119 i u\u0142atwiaj\u0105ca transport urz\u0105dzenia mi\u0119dzy miejscami pracy.<\/li>\n<\/ul>","protected":false},"featured_media":2625,"comment_status":"open","ping_status":"closed","template":"","meta":[],"product_brand":[],"product_cat":[103,72],"product_tag":[],"class_list":{"0":"post-2622","1":"product","2":"type-product","3":"status-publish","4":"has-post-thumbnail","6":"product_cat-prism-assembly","7":"product_cat-reflective-target-prism","9":"first","10":"instock","11":"shipping-taxable","12":"product-type-simple"},"_links":{"self":[{"href":"https:\/\/mountlaser.com\/pl\/wp-json\/wp\/v2\/product\/2622","targetHints":{"allow":["GET"]}}],"collection":[{"href":"https:\/\/mountlaser.com\/pl\/wp-json\/wp\/v2\/product"}],"about":[{"href":"https:\/\/mountlaser.com\/pl\/wp-json\/wp\/v2\/types\/product"}],"replies":[{"embeddable":true,"href":"https:\/\/mountlaser.com\/pl\/wp-json\/wp\/v2\/comments?post=2622"}],"wp:featuredmedia":[{"embeddable":true,"href":"https:\/\/mountlaser.com\/pl\/wp-json\/wp\/v2\/media\/2625"}],"wp:attachment":[{"href":"https:\/\/mountlaser.com\/pl\/wp-json\/wp\/v2\/media?parent=2622"}],"wp:term":[{"taxonomy":"product_brand","embeddable":true,"href":"https:\/\/mountlaser.com\/pl\/wp-json\/wp\/v2\/product_brand?post=2622"},{"taxonomy":"product_cat","embeddable":true,"href":"https:\/\/mountlaser.com\/pl\/wp-json\/wp\/v2\/product_cat?post=2622"},{"taxonomy":"product_tag","embeddable":true,"href":"https:\/\/mountlaser.com\/pl\/wp-json\/wp\/v2\/product_tag?post=2622"}],"curies":[{"name":"wp","href":"https:\/\/api.w.org\/{rel}","templated":true}]}}