{"id":2615,"date":"2025-10-14T08:56:06","date_gmt":"2025-10-14T08:56:06","guid":{"rendered":"https:\/\/mountlaser.com\/?post_type=product&#038;p=2615"},"modified":"2025-11-28T06:50:47","modified_gmt":"2025-11-28T06:50:47","slug":"z14b-prism-assembly","status":"publish","type":"product","link":"https:\/\/mountlaser.com\/pl\/produkt\/z14b-prism-assembly\/","title":{"rendered":"Zesp\u00f3\u0142 pryzmatu Z14B"},"content":{"rendered":"<p>Ten <a href=\"https:\/\/mountlaser.com\/pl\/about-us\/\"><strong>Zesp\u00f3\u0142 pryzmatu Z14B<\/strong><\/a> to precyzyjnie zaprojektowany zesp\u00f3\u0142 pryzmatu reflektorowego, przeznaczony dla geodet\u00f3w, kt\u00f3rzy nie mog\u0105 sobie pozwoli\u0107 na kompromisy w kwestii dok\u0142adno\u015bci ani trwa\u0142o\u015bci. Ten wysokiej jako\u015bci zesp\u00f3\u0142 pryzmatu reflektorowego zosta\u0142 zbudowany na bazie wysokiej jako\u015bci pryzmatu o \u015brednicy 64 mm i jest dost\u0119pny w dw\u00f3ch r\u00f3\u017cnych, oznaczonych kolorami modelach, u\u0142atwiaj\u0105cych identyfikacj\u0119 w terenie: zesp\u00f3\u0142 pryzmatu Z14B-YY (\u017c\u00f3\u0142to-\u017c\u00f3\u0142ty) i zesp\u00f3\u0142 pryzmatu Z14B-YW (\u017c\u00f3\u0142to-bia\u0142y). Kluczow\u0105 cech\u0105 jest jego \u0142atwa w obs\u0142udze konstrukcja, umo\u017cliwiaj\u0105ca \u0142atw\u0105 wymian\u0119 na pryzmat C14B-YY, co wyd\u0142u\u017ca \u017cywotno\u015b\u0107 produktu i obni\u017ca koszty d\u0142ugoterminowe.<\/p>\n<p><img fetchpriority=\"high\" decoding=\"async\" class=\"aligncenter wp-image-2619\" src=\"https:\/\/mountlaser.com\/wp-content\/uploads\/2025\/10\/Z15UB-YY-2-1.webp\" alt=\"Reflector Prism Assembly\" width=\"500\" height=\"500\" srcset=\"https:\/\/mountlaser.com\/wp-content\/uploads\/2025\/10\/Z15UB-YY-2-1.webp 1000w, https:\/\/mountlaser.com\/wp-content\/uploads\/2025\/10\/Z15UB-YY-2-1-300x300.webp 300w, https:\/\/mountlaser.com\/wp-content\/uploads\/2025\/10\/Z15UB-YY-2-1-400x400.webp 400w, https:\/\/mountlaser.com\/wp-content\/uploads\/2025\/10\/Z15UB-YY-2-1-800x800.webp 800w, https:\/\/mountlaser.com\/wp-content\/uploads\/2025\/10\/Z15UB-YY-2-1-600x600.webp 600w, https:\/\/mountlaser.com\/wp-content\/uploads\/2025\/10\/Z15UB-YY-2-1-150x150.webp 150w, https:\/\/mountlaser.com\/wp-content\/uploads\/2025\/10\/Z15UB-YY-2-1-768x768.webp 768w, https:\/\/mountlaser.com\/wp-content\/uploads\/2025\/10\/Z15UB-YY-2-1-12x12.webp 12w\" sizes=\"(max-width: 500px) 100vw, 500px\" \/><\/p>\n<p>Wykonany na solidnym stojaku w stylu japo\u0144skim, ten profesjonalny <a href=\"https:\/\/mountlaser.com\/pl\/products\/\"><strong>Zesp\u00f3\u0142 pryzmatu reflektora<\/strong><\/a> zosta\u0142 stworzony, aby zapewnia\u0107 niezawodn\u0105 wydajno\u015b\u0107 w najbardziej wymagaj\u0105cych \u015brodowiskach, gwarantuj\u0105c integralno\u015b\u0107 danych od konfiguracji do zako\u0144czenia.<\/p>","protected":false},"excerpt":{"rendered":"<ul>\n<li>Oferuje wyb\u00f3r przesuni\u0119cia 0 mm lub -30 mm i wysoko\u015b\u0107 osi pochylonej do 100 mm, co umo\u017cliwia wszechstronne pozycjonowanie i dok\u0142adne odniesienie k\u0105ta.<\/li>\n<li>Dost\u0119pne z pryzmatami pokrytymi miedzi\u0105 lub srebrem, co pozwala zoptymalizowa\u0107 wydajno\u015b\u0107 w zale\u017cno\u015bci od d\u0142ugo\u015bci fali pomiaru i warunk\u00f3w \u015brodowiskowych.<\/li>\n<\/ul>","protected":false},"featured_media":2618,"comment_status":"open","ping_status":"closed","template":"","meta":[],"product_brand":[],"product_cat":[72,103],"product_tag":[],"class_list":{"0":"post-2615","1":"product","2":"type-product","3":"status-publish","4":"has-post-thumbnail","6":"product_cat-reflective-target-prism","7":"product_cat-prism-assembly","9":"first","10":"instock","11":"shipping-taxable","12":"product-type-simple"},"_links":{"self":[{"href":"https:\/\/mountlaser.com\/pl\/wp-json\/wp\/v2\/product\/2615","targetHints":{"allow":["GET"]}}],"collection":[{"href":"https:\/\/mountlaser.com\/pl\/wp-json\/wp\/v2\/product"}],"about":[{"href":"https:\/\/mountlaser.com\/pl\/wp-json\/wp\/v2\/types\/product"}],"replies":[{"embeddable":true,"href":"https:\/\/mountlaser.com\/pl\/wp-json\/wp\/v2\/comments?post=2615"}],"wp:featuredmedia":[{"embeddable":true,"href":"https:\/\/mountlaser.com\/pl\/wp-json\/wp\/v2\/media\/2618"}],"wp:attachment":[{"href":"https:\/\/mountlaser.com\/pl\/wp-json\/wp\/v2\/media?parent=2615"}],"wp:term":[{"taxonomy":"product_brand","embeddable":true,"href":"https:\/\/mountlaser.com\/pl\/wp-json\/wp\/v2\/product_brand?post=2615"},{"taxonomy":"product_cat","embeddable":true,"href":"https:\/\/mountlaser.com\/pl\/wp-json\/wp\/v2\/product_cat?post=2615"},{"taxonomy":"product_tag","embeddable":true,"href":"https:\/\/mountlaser.com\/pl\/wp-json\/wp\/v2\/product_tag?post=2615"}],"curies":[{"name":"wp","href":"https:\/\/api.w.org\/{rel}","templated":true}]}}