{"id":2598,"date":"2025-10-14T07:24:18","date_gmt":"2025-10-14T07:24:18","guid":{"rendered":"https:\/\/mountlaser.com\/?post_type=product&#038;p=2598"},"modified":"2025-11-28T06:59:44","modified_gmt":"2025-11-28T06:59:44","slug":"z15ub-prism-assembly","status":"publish","type":"product","link":"https:\/\/mountlaser.com\/pl\/produkt\/z15ub-prism-assembly\/","title":{"rendered":"Zesp\u00f3\u0142 pryzmatu Z15UB"},"content":{"rendered":"<p><a href=\"https:\/\/mountlaser.com\/pl\/about-us\/\"><strong>Zesp\u00f3\u0142 pryzmatu Z15UB<\/strong><\/a> | Wysokoprecyzyjny, du\u017cy zestaw pryzmat\u00f3w reflektorowych do profesjonalnych pomiar\u00f3w geodezyjnych<\/p>\n<p>Zesp\u00f3\u0142 pryzmatu Z15UB to profesjonalny zesp\u00f3\u0142 pryzmatu z du\u017cym reflektorem, zaprojektowany dla geodet\u00f3w wymagaj\u0105cych niezawodno\u015bci i precyzji. System ten zosta\u0142 zbudowany na bazie wysokiej jako\u015bci pryzmatu o \u015brednicy 64 mm, co czyni go idealnym wyborem do szerokiej gamy wymagaj\u0105cych zastosowa\u0144. Z dum\u0105 oferujemy ten zaawansowany zesp\u00f3\u0142. <a href=\"https:\/\/mountlaser.com\/pl\/products\/\"><strong>Du\u017cy zesp\u00f3\u0142 pryzmatu reflektorowego<\/strong><\/a> w trzech r\u00f3\u017cnych modelach oznaczonych kolorami, kt\u00f3re zaspokoj\u0105 potrzeby i preferencje Twojego zespo\u0142u: zestaw pryzmatyczny Z15UB-YY (\u017c\u00f3\u0142to-\u017c\u00f3\u0142ty), zestaw pryzmatyczny Z15UB-RO (czerwono-pomara\u0144czowy) i zestaw pryzmatyczny Z15UB-RR (czerwono-czerwony).<\/p>\n<p><img fetchpriority=\"high\" decoding=\"async\" class=\"wp-image-2603 aligncenter\" src=\"https:\/\/mountlaser.com\/wp-content\/uploads\/2025\/10\/Z15UB-RO-1.webp\" alt=\"Big Reflector Prism Assembly\" width=\"500\" height=\"500\" srcset=\"https:\/\/mountlaser.com\/wp-content\/uploads\/2025\/10\/Z15UB-RO-1.webp 1000w, https:\/\/mountlaser.com\/wp-content\/uploads\/2025\/10\/Z15UB-RO-1-300x300.webp 300w, https:\/\/mountlaser.com\/wp-content\/uploads\/2025\/10\/Z15UB-RO-1-400x400.webp 400w, https:\/\/mountlaser.com\/wp-content\/uploads\/2025\/10\/Z15UB-RO-1-800x800.webp 800w, https:\/\/mountlaser.com\/wp-content\/uploads\/2025\/10\/Z15UB-RO-1-600x600.webp 600w, https:\/\/mountlaser.com\/wp-content\/uploads\/2025\/10\/Z15UB-RO-1-150x150.webp 150w, https:\/\/mountlaser.com\/wp-content\/uploads\/2025\/10\/Z15UB-RO-1-768x768.webp 768w, https:\/\/mountlaser.com\/wp-content\/uploads\/2025\/10\/Z15UB-RO-1-12x12.webp 12w\" sizes=\"(max-width: 500px) 100vw, 500px\" \/><\/p>\n<p>Wykonany z wytrzyma\u0142ego japo\u0144skiego statywu pryzmatycznego, ten du\u017cy zestaw pryzmat\u00f3w reflektorowych zapewnia wyj\u0105tkow\u0105 stabilno\u015b\u0107 i trwa\u0142o\u015b\u0107 w miejscu pracy. Jego solidna konstrukcja zosta\u0142a zaprojektowana tak, aby wytrzyma\u0107 intensywne, codzienne u\u017cytkowanie, zapewniaj\u0105c jednocze\u015bnie niezmiennie dok\u0142adne pomiary.<\/p>\n<p><img decoding=\"async\" class=\"aligncenter wp-image-2601\" src=\"https:\/\/mountlaser.com\/wp-content\/uploads\/2025\/10\/Z15UB-YY-1.webp\" alt=\"Big Reflector Prism Assembly\" width=\"500\" height=\"500\" srcset=\"https:\/\/mountlaser.com\/wp-content\/uploads\/2025\/10\/Z15UB-YY-1.webp 1000w, https:\/\/mountlaser.com\/wp-content\/uploads\/2025\/10\/Z15UB-YY-1-300x300.webp 300w, https:\/\/mountlaser.com\/wp-content\/uploads\/2025\/10\/Z15UB-YY-1-400x400.webp 400w, https:\/\/mountlaser.com\/wp-content\/uploads\/2025\/10\/Z15UB-YY-1-800x800.webp 800w, https:\/\/mountlaser.com\/wp-content\/uploads\/2025\/10\/Z15UB-YY-1-600x600.webp 600w, https:\/\/mountlaser.com\/wp-content\/uploads\/2025\/10\/Z15UB-YY-1-150x150.webp 150w, https:\/\/mountlaser.com\/wp-content\/uploads\/2025\/10\/Z15UB-YY-1-768x768.webp 768w, https:\/\/mountlaser.com\/wp-content\/uploads\/2025\/10\/Z15UB-YY-1-12x12.webp 12w\" sizes=\"(max-width: 500px) 100vw, 500px\" \/><\/p>","protected":false},"excerpt":{"rendered":"<ul>\n<li>Trwa\u0142a i ochronna konstrukcja: japo\u0144ska konstrukcja gwarantuje solidn\u0105 i niezawodn\u0105 platform\u0119.<\/li>\n<li>Produkt sprzedawany jest w komplecie z ochronn\u0105 torb\u0105 transportow\u0105, zapewniaj\u0105c\u0105 bezpieczny transport i przechowywanie.<\/li>\n<li>Modele oznaczone kolorami: dost\u0119pne w trzech kombinacjach kolor\u00f3w (YY, RO, RR), co pozwala na \u0142atw\u0105 identyfikacj\u0119 i zarz\u0105dzanie wieloma jednostkami w terenie.<\/li>\n<\/ul>","protected":false},"featured_media":2603,"comment_status":"open","ping_status":"closed","template":"","meta":[],"product_brand":[],"product_cat":[72,103],"product_tag":[],"class_list":{"0":"post-2598","1":"product","2":"type-product","3":"status-publish","4":"has-post-thumbnail","6":"product_cat-reflective-target-prism","7":"product_cat-prism-assembly","9":"first","10":"instock","11":"shipping-taxable","12":"product-type-simple"},"_links":{"self":[{"href":"https:\/\/mountlaser.com\/pl\/wp-json\/wp\/v2\/product\/2598","targetHints":{"allow":["GET"]}}],"collection":[{"href":"https:\/\/mountlaser.com\/pl\/wp-json\/wp\/v2\/product"}],"about":[{"href":"https:\/\/mountlaser.com\/pl\/wp-json\/wp\/v2\/types\/product"}],"replies":[{"embeddable":true,"href":"https:\/\/mountlaser.com\/pl\/wp-json\/wp\/v2\/comments?post=2598"}],"wp:featuredmedia":[{"embeddable":true,"href":"https:\/\/mountlaser.com\/pl\/wp-json\/wp\/v2\/media\/2603"}],"wp:attachment":[{"href":"https:\/\/mountlaser.com\/pl\/wp-json\/wp\/v2\/media?parent=2598"}],"wp:term":[{"taxonomy":"product_brand","embeddable":true,"href":"https:\/\/mountlaser.com\/pl\/wp-json\/wp\/v2\/product_brand?post=2598"},{"taxonomy":"product_cat","embeddable":true,"href":"https:\/\/mountlaser.com\/pl\/wp-json\/wp\/v2\/product_cat?post=2598"},{"taxonomy":"product_tag","embeddable":true,"href":"https:\/\/mountlaser.com\/pl\/wp-json\/wp\/v2\/product_tag?post=2598"}],"curies":[{"name":"wp","href":"https:\/\/api.w.org\/{rel}","templated":true}]}}