{"id":2591,"date":"2025-10-13T09:10:16","date_gmt":"2025-10-13T09:10:16","guid":{"rendered":"https:\/\/mountlaser.com\/?post_type=product&#038;p=2591"},"modified":"2025-11-28T07:01:27","modified_gmt":"2025-11-28T07:01:27","slug":"z15u-prism-assembly","status":"publish","type":"product","link":"https:\/\/mountlaser.com\/pl\/produkt\/z15u-prism-assembly\/","title":{"rendered":"Zesp\u00f3\u0142 pryzmatu Z15U"},"content":{"rendered":"<p>Zwi\u0119ksz precyzj\u0119 pomiar\u00f3w geodezyjnych dzi\u0119ki <a href=\"https:\/\/mountlaser.com\/pl\/\"><strong>Zesp\u00f3\u0142 pryzmatu Z15U<\/strong><\/a>, prawdziwie precyzyjny system pryzmatyczny, zbudowany zgodnie z rygorystycznymi standardami japo\u0144skiego statywu pryzmatycznego. Ten precyzyjny system pryzmatyczny zosta\u0142 zaprojektowany dla profesjonalist\u00f3w, kt\u00f3rzy nie id\u0105 na kompromis w kwestii dok\u0142adno\u015bci, wyposa\u017cony w pryzmat o \u015brednicy 64 mm z mo\u017cliwo\u015bci\u0105 wyboru dok\u0142adno\u015bci k\u0105towej 3-4\u2033 lub 5-8\u2033. Zaprojektowano go z my\u015bl\u0105 o wszechstronnym zastosowaniu w terenie, oferuj\u0105c offset 0 mm lub -30 mm oraz 100 mm wysoko\u015bci osi pochylenia dla optymalnego pozycjonowania.<\/p>\n<p><img fetchpriority=\"high\" decoding=\"async\" class=\"aligncenter wp-image-2593\" src=\"https:\/\/mountlaser.com\/wp-content\/uploads\/2025\/10\/Z15U-YY-2.webp\" alt=\"high-precision prism system \" width=\"500\" height=\"500\" srcset=\"https:\/\/mountlaser.com\/wp-content\/uploads\/2025\/10\/Z15U-YY-2.webp 1000w, https:\/\/mountlaser.com\/wp-content\/uploads\/2025\/10\/Z15U-YY-2-300x300.webp 300w, https:\/\/mountlaser.com\/wp-content\/uploads\/2025\/10\/Z15U-YY-2-400x400.webp 400w, https:\/\/mountlaser.com\/wp-content\/uploads\/2025\/10\/Z15U-YY-2-800x800.webp 800w, https:\/\/mountlaser.com\/wp-content\/uploads\/2025\/10\/Z15U-YY-2-600x600.webp 600w, https:\/\/mountlaser.com\/wp-content\/uploads\/2025\/10\/Z15U-YY-2-150x150.webp 150w, https:\/\/mountlaser.com\/wp-content\/uploads\/2025\/10\/Z15U-YY-2-768x768.webp 768w, https:\/\/mountlaser.com\/wp-content\/uploads\/2025\/10\/Z15U-YY-2-12x12.webp 12w\" sizes=\"(max-width: 500px) 100vw, 500px\" \/><\/p>\n<p>Zesp\u00f3\u0142 zapewnia uniwersaln\u0105 kompatybilno\u015b\u0107 dzi\u0119ki zintegrowanemu aluminiowemu adapterowi z gwintem wewn\u0119trznym 5\/8\u2033-11, pasuj\u0105cemu do wszystkich standardowych dr\u0105\u017ck\u00f3w i akcesori\u00f3w. Aby usprawni\u0107 zarz\u0105dzanie projektem i identyfikacj\u0119 narz\u0119dzi, oferujemy ten niezawodny\u2026 <a href=\"https:\/\/mountlaser.com\/pl\/products\/\"><strong>system pryzmat\u00f3w o wysokiej precyzji<\/strong><\/a> w dw\u00f3ch odr\u0119bnych, kodowanych kolorami modelach: Z15U-RO Prism Assembly (czerwono-pomara\u0144czowy) i <a href=\"https:\/\/mountlaser.com\/pl\/contact-us\/\"><strong>Zesp\u00f3\u0142 pryzmatu Z15U-YY<\/strong><\/a> (\u017b\u00f3\u0142ty). Zar\u00f3wno zestaw pryzmatyczny Z15U-RO, jak i zestaw pryzmatyczny Z15U-YY s\u0105 dostarczane z wytrzyma\u0142ym pokrowcem, kt\u00f3ry zapewnia ochron\u0119 inwestycji podczas transportu i przechowywania.<\/p>\n<p><img decoding=\"async\" class=\"aligncenter wp-image-2597\" src=\"https:\/\/mountlaser.com\/wp-content\/uploads\/2025\/10\/Z15U-RO-4.webp\" alt=\"high-precision prism system \" width=\"500\" height=\"500\" srcset=\"https:\/\/mountlaser.com\/wp-content\/uploads\/2025\/10\/Z15U-RO-4.webp 1000w, https:\/\/mountlaser.com\/wp-content\/uploads\/2025\/10\/Z15U-RO-4-300x300.webp 300w, https:\/\/mountlaser.com\/wp-content\/uploads\/2025\/10\/Z15U-RO-4-400x400.webp 400w, https:\/\/mountlaser.com\/wp-content\/uploads\/2025\/10\/Z15U-RO-4-800x800.webp 800w, https:\/\/mountlaser.com\/wp-content\/uploads\/2025\/10\/Z15U-RO-4-600x600.webp 600w, https:\/\/mountlaser.com\/wp-content\/uploads\/2025\/10\/Z15U-RO-4-150x150.webp 150w, https:\/\/mountlaser.com\/wp-content\/uploads\/2025\/10\/Z15U-RO-4-768x768.webp 768w, https:\/\/mountlaser.com\/wp-content\/uploads\/2025\/10\/Z15U-RO-4-12x12.webp 12w\" sizes=\"(max-width: 500px) 100vw, 500px\" \/><\/p>","protected":false},"excerpt":{"rendered":"<ul>\n<li>Konfigurowalna konfiguracja: umo\u017cliwia wyb\u00f3r przesuni\u0119cia 0 mm lub -30 mm i pochylenia osi o 100 mm, co pozwala na elastyczne konfiguracje w terenie.<\/li>\n<li>Uniwersalna kompatybilno\u015b\u0107: zintegrowany adapter z gwintem \u017ce\u0144skim 5\/8\u2033-11 zapewnia bezproblemow\u0105 wsp\u00f3\u0142prac\u0119 ze standardowym sprz\u0119tem geodezyjnym.<\/li>\n<li>Identyfikacja za pomoc\u0105 kolor\u00f3w: Dost\u0119pne jako Z15U-RO (czerwono-pomara\u0144czowy) i Z15U-YY (\u017c\u00f3\u0142ty) dla \u0142atwego rozr\u00f3\u017cniania zespo\u0142\u00f3w i projekt\u00f3w.<\/li>\n<\/ul>","protected":false},"featured_media":2593,"comment_status":"open","ping_status":"closed","template":"","meta":[],"product_brand":[],"product_cat":[72,103],"product_tag":[],"class_list":{"0":"post-2591","1":"product","2":"type-product","3":"status-publish","4":"has-post-thumbnail","6":"product_cat-reflective-target-prism","7":"product_cat-prism-assembly","9":"first","10":"instock","11":"shipping-taxable","12":"product-type-simple"},"_links":{"self":[{"href":"https:\/\/mountlaser.com\/pl\/wp-json\/wp\/v2\/product\/2591","targetHints":{"allow":["GET"]}}],"collection":[{"href":"https:\/\/mountlaser.com\/pl\/wp-json\/wp\/v2\/product"}],"about":[{"href":"https:\/\/mountlaser.com\/pl\/wp-json\/wp\/v2\/types\/product"}],"replies":[{"embeddable":true,"href":"https:\/\/mountlaser.com\/pl\/wp-json\/wp\/v2\/comments?post=2591"}],"wp:featuredmedia":[{"embeddable":true,"href":"https:\/\/mountlaser.com\/pl\/wp-json\/wp\/v2\/media\/2593"}],"wp:attachment":[{"href":"https:\/\/mountlaser.com\/pl\/wp-json\/wp\/v2\/media?parent=2591"}],"wp:term":[{"taxonomy":"product_brand","embeddable":true,"href":"https:\/\/mountlaser.com\/pl\/wp-json\/wp\/v2\/product_brand?post=2591"},{"taxonomy":"product_cat","embeddable":true,"href":"https:\/\/mountlaser.com\/pl\/wp-json\/wp\/v2\/product_cat?post=2591"},{"taxonomy":"product_tag","embeddable":true,"href":"https:\/\/mountlaser.com\/pl\/wp-json\/wp\/v2\/product_tag?post=2591"}],"curies":[{"name":"wp","href":"https:\/\/api.w.org\/{rel}","templated":true}]}}