{"id":2581,"date":"2025-10-13T06:18:32","date_gmt":"2025-10-13T06:18:32","guid":{"rendered":"https:\/\/mountlaser.com\/?post_type=product&#038;p=2581"},"modified":"2025-11-28T07:02:22","modified_gmt":"2025-11-28T07:02:22","slug":"z15b-prism-assembly","status":"publish","type":"product","link":"https:\/\/mountlaser.com\/pl\/produkt\/z15b-prism-assembly\/","title":{"rendered":"Zesp\u00f3\u0142 pryzmatu Z15B"},"content":{"rendered":"<p>Ten <a href=\"https:\/\/mountlaser.com\/pl\/\"><strong>Zesp\u00f3\u0142 pryzmatu Z15B<\/strong><\/a> Uciele\u015bnia precyzj\u0119 i niezawodno\u015b\u0107 japo\u0144skiego statywu pryzmatycznego, oferuj\u0105c wysokiej jako\u015bci rozwi\u0105zanie do monta\u017cu pryzmatu w wymagaj\u0105cych pracach geodezyjnych. Ten zestaw zosta\u0142 zaprojektowany do monta\u017cu pryzmatu o \u015brednicy 64 mm z dok\u0142adno\u015bci\u0105 pomiaru 3-4 lub 5-8 sekund, zapewniaj\u0105c integralno\u015b\u0107 danych w projektach o wysokim ryzyku. Wyposa\u017cony jest w wytrzyma\u0142y, zintegrowany aluminiowy adapter \u017ce\u0144ski 5\/8\u2033-11, zapewniaj\u0105cy uniwersaln\u0105 kompatybilno\u015b\u0107 ze wszystkimi standardowymi tyczkami i adapterami pryzmatycznymi. Dzi\u0119ki elastycznym opcjom konfiguracji, takim jak offset 0 mm lub -30 mm i stabilna wysoko\u015b\u0107 osi pochylenia 100 mm, dostosowuje si\u0119 do r\u00f3\u017cnych warunk\u00f3w na miejscu.<\/p>\n<p><img fetchpriority=\"high\" decoding=\"async\" class=\"aligncenter wp-image-2586\" src=\"https:\/\/mountlaser.com\/wp-content\/uploads\/2025\/10\/Z15B-RY-4-1-300x300.webp\" alt=\"Quality Prism Assembly\" width=\"500\" height=\"500\" srcset=\"https:\/\/mountlaser.com\/wp-content\/uploads\/2025\/10\/Z15B-RY-4-1-300x300.webp 300w, https:\/\/mountlaser.com\/wp-content\/uploads\/2025\/10\/Z15B-RY-4-1-400x400.webp 400w, https:\/\/mountlaser.com\/wp-content\/uploads\/2025\/10\/Z15B-RY-4-1-800x800.webp 800w, https:\/\/mountlaser.com\/wp-content\/uploads\/2025\/10\/Z15B-RY-4-1-600x600.webp 600w, https:\/\/mountlaser.com\/wp-content\/uploads\/2025\/10\/Z15B-RY-4-1-150x150.webp 150w, https:\/\/mountlaser.com\/wp-content\/uploads\/2025\/10\/Z15B-RY-4-1-768x768.webp 768w, https:\/\/mountlaser.com\/wp-content\/uploads\/2025\/10\/Z15B-RY-4-1-12x12.webp 12w, https:\/\/mountlaser.com\/wp-content\/uploads\/2025\/10\/Z15B-RY-4-1.webp 1000w\" sizes=\"(max-width: 500px) 100vw, 500px\" \/><\/p>\n<p>Aby lepiej sprosta\u0107 potrzebom organizacyjnym Twojego zespo\u0142u, zestaw pryzmatyczny Z15B jest dost\u0119pny w czterech r\u00f3\u017cnych modelach oznaczonych kolorami, umo\u017cliwiaj\u0105cych natychmiastow\u0105 identyfikacj\u0119 wizualn\u0105: zestaw pryzmatyczny Z15B-YY (\u017c\u00f3\u0142ty), zestaw pryzmatyczny Z15B-YW (\u017c\u00f3\u0142to-bia\u0142y), zestaw pryzmatyczny Z15B-RW (czerwono-bia\u0142y) oraz zestaw pryzmatyczny Z15B-RY (czerwono-\u017c\u00f3\u0142ty). Ta r\u00f3\u017cnorodno\u015b\u0107 opcji kolorystycznych przewy\u017csza nasz\u0105 popularn\u0105 seri\u0119 C15B, zapewniaj\u0105c jeszcze wi\u0119ksz\u0105 elastyczno\u015b\u0107. Ka\u017cdy <a href=\"https:\/\/mountlaser.com\/pl\/products\/\"><strong>Monta\u017c wysokiej jako\u015bci pryzmat\u00f3w<\/strong> <\/a>W komplecie znajduje si\u0119 ochronna torba transportowa, zapewniaj\u0105ca wygodny transport i przechowywanie.<\/p>","protected":false},"excerpt":{"rendered":"<ul>\n<li>Wsparcie wysokiej precyzji: Obs\u0142uguje pryzmat 64 mm z mo\u017cliwo\u015bci\u0105 wyboru dok\u0142adno\u015bci 3-4\/5-8 sekund.<\/li>\n<li>Uniwersalna kompatybilno\u015b\u0107: wbudowany adapter \u017ce\u0144ski 5\/8\u2033-11 pasuje do wszystkich standardowych tyczek geodezyjnych i akcesori\u00f3w.<\/li>\n<li>Elastyczno\u015b\u0107 operacyjna: Mo\u017cliwo\u015b\u0107 wyboru przesuni\u0119cia 0 mm lub -30 mm oraz pochylenia osi o 100 mm zapewniaj\u0105 wszechstronn\u0105 konfiguracj\u0119.<\/li>\n<\/ul>","protected":false},"featured_media":2582,"comment_status":"open","ping_status":"closed","template":"","meta":[],"product_brand":[],"product_cat":[72,103],"product_tag":[],"class_list":{"0":"post-2581","1":"product","2":"type-product","3":"status-publish","4":"has-post-thumbnail","6":"product_cat-reflective-target-prism","7":"product_cat-prism-assembly","9":"first","10":"instock","11":"shipping-taxable","12":"product-type-simple"},"_links":{"self":[{"href":"https:\/\/mountlaser.com\/pl\/wp-json\/wp\/v2\/product\/2581","targetHints":{"allow":["GET"]}}],"collection":[{"href":"https:\/\/mountlaser.com\/pl\/wp-json\/wp\/v2\/product"}],"about":[{"href":"https:\/\/mountlaser.com\/pl\/wp-json\/wp\/v2\/types\/product"}],"replies":[{"embeddable":true,"href":"https:\/\/mountlaser.com\/pl\/wp-json\/wp\/v2\/comments?post=2581"}],"wp:featuredmedia":[{"embeddable":true,"href":"https:\/\/mountlaser.com\/pl\/wp-json\/wp\/v2\/media\/2582"}],"wp:attachment":[{"href":"https:\/\/mountlaser.com\/pl\/wp-json\/wp\/v2\/media?parent=2581"}],"wp:term":[{"taxonomy":"product_brand","embeddable":true,"href":"https:\/\/mountlaser.com\/pl\/wp-json\/wp\/v2\/product_brand?post=2581"},{"taxonomy":"product_cat","embeddable":true,"href":"https:\/\/mountlaser.com\/pl\/wp-json\/wp\/v2\/product_cat?post=2581"},{"taxonomy":"product_tag","embeddable":true,"href":"https:\/\/mountlaser.com\/pl\/wp-json\/wp\/v2\/product_tag?post=2581"}],"curies":[{"name":"wp","href":"https:\/\/api.w.org\/{rel}","templated":true}]}}