{"id":2573,"date":"2025-10-13T05:57:19","date_gmt":"2025-10-13T05:57:19","guid":{"rendered":"https:\/\/mountlaser.com\/?post_type=product&#038;p=2573"},"modified":"2025-11-28T07:05:04","modified_gmt":"2025-11-28T07:05:04","slug":"c15b-prism-assembly","status":"publish","type":"product","link":"https:\/\/mountlaser.com\/pl\/produkt\/c15b-prism-assembly\/","title":{"rendered":"Zesp\u00f3\u0142 pryzmatu C15B"},"content":{"rendered":"<p>Ten <a href=\"https:\/\/mountlaser.com\/pl\/products\/\"><strong>Zesp\u00f3\u0142 pryzmatu C15B<\/strong><\/a> to precyzyjny statyw do pryzmat\u00f3w w stylu japo\u0144skim, zaprojektowany dla geodet\u00f3w wymagaj\u0105cych niezawodno\u015bci i dok\u0142adno\u015bci. Zaprojektowany z my\u015bl\u0105 o pryzmacie o \u015brednicy 64 mm z opcj\u0105 dok\u0142adno\u015bci 3-4 lub 5-8 sekund, ten zestaw gwarantuje zgodno\u015b\u0107 pomiar\u00f3w z najbardziej rygorystycznymi standardami. Wyposa\u017cony jest we wbudowany aluminiowy adapter \u017ce\u0144ski 5\/8\u2033-11, zapewniaj\u0105cy uniwersaln\u0105 kompatybilno\u015b\u0107 z dowolnym standardowym tyczk\u0105 pryzmatyczn\u0105 lub statywem.<\/p>\n<p><img fetchpriority=\"high\" decoding=\"async\" class=\"aligncenter wp-image-2575\" src=\"https:\/\/mountlaser.com\/wp-content\/uploads\/2025\/10\/C15B-RR-2.webp\" alt=\"C15B Prism Assembly\" width=\"500\" height=\"500\" srcset=\"https:\/\/mountlaser.com\/wp-content\/uploads\/2025\/10\/C15B-RR-2.webp 1000w, https:\/\/mountlaser.com\/wp-content\/uploads\/2025\/10\/C15B-RR-2-300x300.webp 300w, https:\/\/mountlaser.com\/wp-content\/uploads\/2025\/10\/C15B-RR-2-400x400.webp 400w, https:\/\/mountlaser.com\/wp-content\/uploads\/2025\/10\/C15B-RR-2-800x800.webp 800w, https:\/\/mountlaser.com\/wp-content\/uploads\/2025\/10\/C15B-RR-2-600x600.webp 600w, https:\/\/mountlaser.com\/wp-content\/uploads\/2025\/10\/C15B-RR-2-150x150.webp 150w, https:\/\/mountlaser.com\/wp-content\/uploads\/2025\/10\/C15B-RR-2-768x768.webp 768w, https:\/\/mountlaser.com\/wp-content\/uploads\/2025\/10\/C15B-RR-2-12x12.webp 12w\" sizes=\"(max-width: 500px) 100vw, 500px\" \/><\/p>\n<p>Aby dopasowa\u0107 si\u0119 do specyficznych wymaga\u0144 terenowych, zesp\u00f3\u0142 pryzmatyczny C15B oferuje opcje offsetu 0 mm i -30 mm, ze sta\u0142\u0105 wysoko\u015bci\u0105 osi pochylenia 100 mm, co zapewnia stabilno\u015b\u0107 ustawie\u0144. Oferujemy ten wszechstronny model w dw\u00f3ch wariantach oznaczonych kolorami, co u\u0142atwia identyfikacj\u0119 i koordynacj\u0119 zespo\u0142u: zesp\u00f3\u0142 pryzmatyczny C15B-RR i zesp\u00f3\u0142 pryzmatyczny C15B-YY. Niezale\u017cnie od tego, czy wybierzesz zesp\u00f3\u0142 pryzmatyczny C15B-RR, czy <a href=\"https:\/\/mountlaser.com\/pl\/contact-us\/\"><strong>Zesp\u00f3\u0142 pryzmatu C15B-YY<\/strong><\/a>, otrzymasz t\u0119 sam\u0105 solidn\u0105 konstrukcj\u0119, precyzj\u0119 wykonania i wygodne opakowanie, obejmuj\u0105ce ochronny karton do transportu i przechowywania.<\/p>\n<p><img decoding=\"async\" class=\"wp-image-2579 aligncenter\" src=\"https:\/\/mountlaser.com\/wp-content\/uploads\/2025\/10\/C15-YY-2.webp\" alt=\"C15B-YY Prism Assembly\" width=\"500\" height=\"500\" srcset=\"https:\/\/mountlaser.com\/wp-content\/uploads\/2025\/10\/C15-YY-2.webp 1000w, https:\/\/mountlaser.com\/wp-content\/uploads\/2025\/10\/C15-YY-2-300x300.webp 300w, https:\/\/mountlaser.com\/wp-content\/uploads\/2025\/10\/C15-YY-2-400x400.webp 400w, https:\/\/mountlaser.com\/wp-content\/uploads\/2025\/10\/C15-YY-2-800x800.webp 800w, https:\/\/mountlaser.com\/wp-content\/uploads\/2025\/10\/C15-YY-2-600x600.webp 600w, https:\/\/mountlaser.com\/wp-content\/uploads\/2025\/10\/C15-YY-2-150x150.webp 150w, https:\/\/mountlaser.com\/wp-content\/uploads\/2025\/10\/C15-YY-2-768x768.webp 768w, https:\/\/mountlaser.com\/wp-content\/uploads\/2025\/10\/C15-YY-2-12x12.webp 12w\" sizes=\"(max-width: 500px) 100vw, 500px\" \/><\/p>","protected":false},"excerpt":{"rendered":"<ul>\n<li>Stabilna o\u015b pochylenia: Wysoko\u015b\u0107 osi pochylenia wynosi 100 mm, co zapewnia lepsz\u0105 stabilno\u015b\u0107 podczas pracy.<\/li>\n<li>Modele oznaczone kolorami: dost\u0119pne jako C15B-RR i C15B-YY, co u\u0142atwia identyfikacj\u0119 zespo\u0142u i projektu.<\/li>\n<\/ul>","protected":false},"featured_media":2574,"comment_status":"open","ping_status":"closed","template":"","meta":[],"product_brand":[],"product_cat":[72,103],"product_tag":[],"class_list":{"0":"post-2573","1":"product","2":"type-product","3":"status-publish","4":"has-post-thumbnail","6":"product_cat-reflective-target-prism","7":"product_cat-prism-assembly","9":"first","10":"instock","11":"shipping-taxable","12":"product-type-simple"},"_links":{"self":[{"href":"https:\/\/mountlaser.com\/pl\/wp-json\/wp\/v2\/product\/2573","targetHints":{"allow":["GET"]}}],"collection":[{"href":"https:\/\/mountlaser.com\/pl\/wp-json\/wp\/v2\/product"}],"about":[{"href":"https:\/\/mountlaser.com\/pl\/wp-json\/wp\/v2\/types\/product"}],"replies":[{"embeddable":true,"href":"https:\/\/mountlaser.com\/pl\/wp-json\/wp\/v2\/comments?post=2573"}],"wp:featuredmedia":[{"embeddable":true,"href":"https:\/\/mountlaser.com\/pl\/wp-json\/wp\/v2\/media\/2574"}],"wp:attachment":[{"href":"https:\/\/mountlaser.com\/pl\/wp-json\/wp\/v2\/media?parent=2573"}],"wp:term":[{"taxonomy":"product_brand","embeddable":true,"href":"https:\/\/mountlaser.com\/pl\/wp-json\/wp\/v2\/product_brand?post=2573"},{"taxonomy":"product_cat","embeddable":true,"href":"https:\/\/mountlaser.com\/pl\/wp-json\/wp\/v2\/product_cat?post=2573"},{"taxonomy":"product_tag","embeddable":true,"href":"https:\/\/mountlaser.com\/pl\/wp-json\/wp\/v2\/product_tag?post=2573"}],"curies":[{"name":"wp","href":"https:\/\/api.w.org\/{rel}","templated":true}]}}