{"id":2560,"date":"2025-10-13T02:00:31","date_gmt":"2025-10-13T02:00:31","guid":{"rendered":"https:\/\/mountlaser.com\/?post_type=product&#038;p=2560"},"modified":"2025-11-28T07:08:15","modified_gmt":"2025-11-28T07:08:15","slug":"ad-c50-aluminum-adapter","status":"publish","type":"product","link":"https:\/\/mountlaser.com\/pl\/produkt\/ad-c50-aluminum-adapter\/","title":{"rendered":"Adapter aluminiowy AD-C50"},"content":{"rendered":"<p>Ten <a href=\"https:\/\/mountlaser.com\/pl\/\"><strong>Adapter aluminiowy AD-C50<\/strong><\/a> to precyzyjnie zaprojektowany dodatek, kt\u00f3ry zapewnia lepsz\u0105 kompatybilno\u015b\u0107 z systemami pomiarowymi. Ten wytrzyma\u0142y <a href=\"https:\/\/mountlaser.com\/pl\/products\/\"><strong>Adapter aluminiowy o wysoko\u015bci 50 mm<\/strong><\/a> Wykonany jest z wysokiej jako\u015bci aluminium, oferuj\u0105c optymaln\u0105 r\u00f3wnowag\u0119 mi\u0119dzy wytrzyma\u0142o\u015bci\u0105 a lekko\u015bci\u0105. Posiada uniwersalne, podw\u00f3jne gwinty (M8 i 5\/8\u2033-11) na przeciwleg\u0142ych ko\u0144cach, co czyni go niezb\u0119dnym narz\u0119dziem do pod\u0142\u0105czania r\u00f3\u017cnych instrument\u00f3w i akcesori\u00f3w, kt\u00f3re w innym przypadku by\u0142yby niekompatybilne. \u015arednica zewn\u0119trzna 32 mm zapewnia bezpieczne i stabilne dopasowanie.<\/p>\n<p><img fetchpriority=\"high\" decoding=\"async\" class=\"wp-image-2564 aligncenter\" src=\"https:\/\/mountlaser.com\/wp-content\/uploads\/2025\/10\/AD-C50-5.webp\" alt=\"Height 50mm Aluminum Adapter \" width=\"500\" height=\"500\" srcset=\"https:\/\/mountlaser.com\/wp-content\/uploads\/2025\/10\/AD-C50-5.webp 1000w, https:\/\/mountlaser.com\/wp-content\/uploads\/2025\/10\/AD-C50-5-300x300.webp 300w, https:\/\/mountlaser.com\/wp-content\/uploads\/2025\/10\/AD-C50-5-400x400.webp 400w, https:\/\/mountlaser.com\/wp-content\/uploads\/2025\/10\/AD-C50-5-800x800.webp 800w, https:\/\/mountlaser.com\/wp-content\/uploads\/2025\/10\/AD-C50-5-600x600.webp 600w, https:\/\/mountlaser.com\/wp-content\/uploads\/2025\/10\/AD-C50-5-150x150.webp 150w, https:\/\/mountlaser.com\/wp-content\/uploads\/2025\/10\/AD-C50-5-768x768.webp 768w, https:\/\/mountlaser.com\/wp-content\/uploads\/2025\/10\/AD-C50-5-12x12.webp 12w\" sizes=\"(max-width: 500px) 100vw, 500px\" \/><\/p>\n<p>Podstawow\u0105 funkcj\u0105 tego konkretnego <a href=\"https:\/\/mountlaser.com\/pl\/contact-us\/\">Adapter aluminiowy o wysoko\u015bci 50 mm<\/a> Ma dzia\u0142a\u0107 jako niezawodny element po\u015brednicz\u0105cy, skutecznie rozszerzaj\u0105c lub dostosowuj\u0105c po\u0142\u0105czenia w Twojej instalacji. Jego standaryzowana wysoko\u015b\u0107 zapewnia niezb\u0119dny prze\u015bwit i dopasowanie, co gwarantuje dok\u0142adno\u015b\u0107 pomiar\u00f3w. Wybierz AD-C50, niezb\u0119dny aluminiowy adapter o wysoko\u015bci 50 mm, aby uzyska\u0107 p\u0142ynne i profesjonalne rozwi\u0105zanie integracyjne w Twoich aplikacjach pomiarowych.<\/p>","protected":false},"excerpt":{"rendered":"<ul>\n<li>Dopasowanie po\u0142\u0105czenia: \u0141\u0105czy urz\u0105dzenia z gwintami M8 i 5\/8\u2033-11.<\/li>\n<li>Zgodno\u015b\u0107 systemu: umo\u017cliwia stosowanie instrument\u00f3w i akcesori\u00f3w o r\u00f3\u017cnych standardach gwint\u00f3w.<\/li>\n<\/ul>","protected":false},"featured_media":2561,"comment_status":"open","ping_status":"closed","template":"","meta":[],"product_brand":[],"product_cat":[79,102],"product_tag":[],"class_list":{"0":"post-2560","1":"product","2":"type-product","3":"status-publish","4":"has-post-thumbnail","6":"product_cat-surveying-accessory","7":"product_cat-monitoring-adapter","9":"first","10":"instock","11":"shipping-taxable","12":"product-type-simple"},"_links":{"self":[{"href":"https:\/\/mountlaser.com\/pl\/wp-json\/wp\/v2\/product\/2560","targetHints":{"allow":["GET"]}}],"collection":[{"href":"https:\/\/mountlaser.com\/pl\/wp-json\/wp\/v2\/product"}],"about":[{"href":"https:\/\/mountlaser.com\/pl\/wp-json\/wp\/v2\/types\/product"}],"replies":[{"embeddable":true,"href":"https:\/\/mountlaser.com\/pl\/wp-json\/wp\/v2\/comments?post=2560"}],"wp:featuredmedia":[{"embeddable":true,"href":"https:\/\/mountlaser.com\/pl\/wp-json\/wp\/v2\/media\/2561"}],"wp:attachment":[{"href":"https:\/\/mountlaser.com\/pl\/wp-json\/wp\/v2\/media?parent=2560"}],"wp:term":[{"taxonomy":"product_brand","embeddable":true,"href":"https:\/\/mountlaser.com\/pl\/wp-json\/wp\/v2\/product_brand?post=2560"},{"taxonomy":"product_cat","embeddable":true,"href":"https:\/\/mountlaser.com\/pl\/wp-json\/wp\/v2\/product_cat?post=2560"},{"taxonomy":"product_tag","embeddable":true,"href":"https:\/\/mountlaser.com\/pl\/wp-json\/wp\/v2\/product_tag?post=2560"}],"curies":[{"name":"wp","href":"https:\/\/api.w.org\/{rel}","templated":true}]}}