{"id":2536,"date":"2025-10-09T08:53:53","date_gmt":"2025-10-09T08:53:53","guid":{"rendered":"https:\/\/mountlaser.com\/?post_type=product&#038;p=2536"},"modified":"2025-11-28T07:12:33","modified_gmt":"2025-11-28T07:12:33","slug":"ad-e03-stainless-steel-adapter","status":"publish","type":"product","link":"https:\/\/mountlaser.com\/pl\/produkt\/ad-e03-stainless-steel-adapter\/","title":{"rendered":"Adapter ze stali nierdzewnej AD-E03"},"content":{"rendered":"<p>Poczuj niezwyk\u0142\u0105 si\u0142\u0119 dzi\u0119ki <a href=\"https:\/\/mountlaser.com\/pl\/\"><strong>Adapter ze stali nierdzewnej AD-E03<\/strong><\/a><\/p>\n<p>Uchwyt laserowy AD-E03 to wytrzyma\u0142y adapter ze stali nierdzewnej o wysoko\u015bci 22 mm, zaprojektowany dla profesjonalist\u00f3w wymagaj\u0105cych maksymalnej wytrzyma\u0142o\u015bci w trudnych warunkach pracy. W przeciwie\u0144stwie do standardowych adapter\u00f3w aluminiowych, ten model jest precyzyjnie wykonany z wysokiej jako\u015bci stali nierdzewnej, co zapewnia wyj\u0105tkow\u0105 odporno\u015b\u0107 na korozj\u0119, uderzenia i zu\u017cycie.<\/p>\n<p><img fetchpriority=\"high\" decoding=\"async\" class=\"aligncenter wp-image-2541\" src=\"https:\/\/mountlaser.com\/wp-content\/uploads\/2025\/10\/AD-E03-6.webp\" alt=\"Height 22mm Stainless steel adapter \" width=\"500\" height=\"500\" srcset=\"https:\/\/mountlaser.com\/wp-content\/uploads\/2025\/10\/AD-E03-6.webp 1000w, https:\/\/mountlaser.com\/wp-content\/uploads\/2025\/10\/AD-E03-6-300x300.webp 300w, https:\/\/mountlaser.com\/wp-content\/uploads\/2025\/10\/AD-E03-6-400x400.webp 400w, https:\/\/mountlaser.com\/wp-content\/uploads\/2025\/10\/AD-E03-6-800x800.webp 800w, https:\/\/mountlaser.com\/wp-content\/uploads\/2025\/10\/AD-E03-6-600x600.webp 600w, https:\/\/mountlaser.com\/wp-content\/uploads\/2025\/10\/AD-E03-6-150x150.webp 150w, https:\/\/mountlaser.com\/wp-content\/uploads\/2025\/10\/AD-E03-6-768x768.webp 768w, https:\/\/mountlaser.com\/wp-content\/uploads\/2025\/10\/AD-E03-6-12x12.webp 12w\" sizes=\"(max-width: 500px) 100vw, 500px\" \/><\/p>\n<p>Ten wytrzyma\u0142y <a href=\"https:\/\/mountlaser.com\/pl\/products\/\"><strong>Adapter ze stali nierdzewnej o wysoko\u015bci 22 mm<\/strong><\/a> Posiada dwa gwinty 5\/8\u2033-11 (m\u0119ski i \u017ce\u0144ski), stanowi\u0105c kluczowy element przed\u0142u\u017caj\u0105cy do tyczki i uchwyt\u00f3w geodezyjnych. Solidno\u015b\u0107 tego adaptera ze stali nierdzewnej o wysoko\u015bci 22 mm gwarantuje stabilno\u015b\u0107 i precyzyjne ustawienie precyzyjnych instrument\u00f3w, nawet przy codziennym intensywnym u\u017cytkowaniu.<\/p>","protected":false},"excerpt":{"rendered":"<ul>\n<li>Uniwersalna kompatybilno\u015b\u0107: Posiada dwa gwinty 5\/8\u2033-11 umo\u017cliwiaj\u0105ce pod\u0142\u0105czenie szerokiej gamy kompatybilnych urz\u0105dze\u0144 pomiarowych i akcesori\u00f3w.<\/li>\n<li>Bezpieczne po\u0142\u0105czenie: zapewnia sztywne i niezawodne po\u0142\u0105czenie, kt\u00f3re minimalizuje wibracje i ruchy, chroni\u0105c dok\u0142adno\u015b\u0107 pomiar\u00f3w.<\/li>\n<\/ul>","protected":false},"featured_media":2538,"comment_status":"open","ping_status":"closed","template":"","meta":[],"product_brand":[],"product_cat":[79,102],"product_tag":[],"class_list":{"0":"post-2536","1":"product","2":"type-product","3":"status-publish","4":"has-post-thumbnail","6":"product_cat-surveying-accessory","7":"product_cat-monitoring-adapter","9":"first","10":"instock","11":"shipping-taxable","12":"product-type-simple"},"_links":{"self":[{"href":"https:\/\/mountlaser.com\/pl\/wp-json\/wp\/v2\/product\/2536","targetHints":{"allow":["GET"]}}],"collection":[{"href":"https:\/\/mountlaser.com\/pl\/wp-json\/wp\/v2\/product"}],"about":[{"href":"https:\/\/mountlaser.com\/pl\/wp-json\/wp\/v2\/types\/product"}],"replies":[{"embeddable":true,"href":"https:\/\/mountlaser.com\/pl\/wp-json\/wp\/v2\/comments?post=2536"}],"wp:featuredmedia":[{"embeddable":true,"href":"https:\/\/mountlaser.com\/pl\/wp-json\/wp\/v2\/media\/2538"}],"wp:attachment":[{"href":"https:\/\/mountlaser.com\/pl\/wp-json\/wp\/v2\/media?parent=2536"}],"wp:term":[{"taxonomy":"product_brand","embeddable":true,"href":"https:\/\/mountlaser.com\/pl\/wp-json\/wp\/v2\/product_brand?post=2536"},{"taxonomy":"product_cat","embeddable":true,"href":"https:\/\/mountlaser.com\/pl\/wp-json\/wp\/v2\/product_cat?post=2536"},{"taxonomy":"product_tag","embeddable":true,"href":"https:\/\/mountlaser.com\/pl\/wp-json\/wp\/v2\/product_tag?post=2536"}],"curies":[{"name":"wp","href":"https:\/\/api.w.org\/{rel}","templated":true}]}}