{"id":2529,"date":"2025-10-09T08:45:48","date_gmt":"2025-10-09T08:45:48","guid":{"rendered":"https:\/\/mountlaser.com\/?post_type=product&#038;p=2529"},"modified":"2025-11-28T07:13:32","modified_gmt":"2025-11-28T07:13:32","slug":"ad-e02-aluminum-adapter","status":"publish","type":"product","link":"https:\/\/mountlaser.com\/pl\/produkt\/ad-e02-aluminum-adapter\/","title":{"rendered":"Adapter aluminiowy AD-E02"},"content":{"rendered":"<p>Zapewnij solidne po\u0142\u0105czenie z <a href=\"https:\/\/mountlaser.com\/pl\/\"><strong>Adapter aluminiowy AD-E02<\/strong><\/a><\/p>\n<p>Uchwyt laserowy AD-E02 to precyzyjnie obrobiony<a href=\"https:\/\/mountlaser.com\/pl\/products\/\"><strong> Adapter aluminiowy o wysoko\u015bci 20 mm<\/strong><\/a> Zaprojektowany, aby zapewni\u0107 solidne i niezawodne przed\u0142u\u017cenie dla Twojego sprz\u0119tu geodezyjnego. Wykonany z wysokowytrzyma\u0142ego stopu aluminium, ten adapter zosta\u0142 zaprojektowany tak, aby zapewni\u0107 trwa\u0142o\u015b\u0107, a jednocze\u015bnie zachowa\u0107 lekko\u015b\u0107, co u\u0142atwia u\u017cytkowanie w terenie.<\/p>\n<p><img fetchpriority=\"high\" decoding=\"async\" class=\"aligncenter wp-image-2534\" src=\"https:\/\/mountlaser.com\/wp-content\/uploads\/2025\/10\/AD-E02-6.webp\" alt=\"Height 20mm Aluminum adapter\" width=\"500\" height=\"500\" srcset=\"https:\/\/mountlaser.com\/wp-content\/uploads\/2025\/10\/AD-E02-6.webp 1000w, https:\/\/mountlaser.com\/wp-content\/uploads\/2025\/10\/AD-E02-6-300x300.webp 300w, https:\/\/mountlaser.com\/wp-content\/uploads\/2025\/10\/AD-E02-6-400x400.webp 400w, https:\/\/mountlaser.com\/wp-content\/uploads\/2025\/10\/AD-E02-6-800x800.webp 800w, https:\/\/mountlaser.com\/wp-content\/uploads\/2025\/10\/AD-E02-6-600x600.webp 600w, https:\/\/mountlaser.com\/wp-content\/uploads\/2025\/10\/AD-E02-6-150x150.webp 150w, https:\/\/mountlaser.com\/wp-content\/uploads\/2025\/10\/AD-E02-6-768x768.webp 768w, https:\/\/mountlaser.com\/wp-content\/uploads\/2025\/10\/AD-E02-6-12x12.webp 12w\" sizes=\"(max-width: 500px) 100vw, 500px\" \/><\/p>\n<p>Jako oddany <a href=\"https:\/\/mountlaser.com\/pl\/contact-us\/\">Adapter aluminiowy o wysoko\u015bci 20 mm<\/a>, Posiada dwa gwinty 5\/8\u2033-11 (jeden m\u0119ski, jeden \u017ce\u0144ski), co czyni go idealnym narz\u0119dziem do zwi\u0119kszania wysoko\u015bci tyczki pryzmatycznej lub pod\u0142\u0105czania kompatybilnych akcesori\u00f3w. Kompaktowy i wytrzyma\u0142y aluminiowy adapter o wysoko\u015bci 20 mm zapewnia stabilno\u015b\u0107 i precyzj\u0119 ustawienia.<\/p>","protected":false},"excerpt":{"rendered":"<ul>\n<li>Stosowany g\u0142\u00f3wnie w celu dodania precyzyjnego przed\u0142u\u017cenia 20 mm do tyczek pryzmatycznych i innych system\u00f3w monta\u017cowych.<\/li>\n<li>Posiada dwa gwinty 5\/8\u2033-11 umo\u017cliwiaj\u0105ce bezproblemowe \u0142\u0105czenie kompatybilnych instrument\u00f3w i akcesori\u00f3w.<\/li>\n<\/ul>","protected":false},"featured_media":2531,"comment_status":"open","ping_status":"closed","template":"","meta":[],"product_brand":[],"product_cat":[79,102],"product_tag":[],"class_list":{"0":"post-2529","1":"product","2":"type-product","3":"status-publish","4":"has-post-thumbnail","6":"product_cat-surveying-accessory","7":"product_cat-monitoring-adapter","9":"first","10":"instock","11":"shipping-taxable","12":"product-type-simple"},"_links":{"self":[{"href":"https:\/\/mountlaser.com\/pl\/wp-json\/wp\/v2\/product\/2529","targetHints":{"allow":["GET"]}}],"collection":[{"href":"https:\/\/mountlaser.com\/pl\/wp-json\/wp\/v2\/product"}],"about":[{"href":"https:\/\/mountlaser.com\/pl\/wp-json\/wp\/v2\/types\/product"}],"replies":[{"embeddable":true,"href":"https:\/\/mountlaser.com\/pl\/wp-json\/wp\/v2\/comments?post=2529"}],"wp:featuredmedia":[{"embeddable":true,"href":"https:\/\/mountlaser.com\/pl\/wp-json\/wp\/v2\/media\/2531"}],"wp:attachment":[{"href":"https:\/\/mountlaser.com\/pl\/wp-json\/wp\/v2\/media?parent=2529"}],"wp:term":[{"taxonomy":"product_brand","embeddable":true,"href":"https:\/\/mountlaser.com\/pl\/wp-json\/wp\/v2\/product_brand?post=2529"},{"taxonomy":"product_cat","embeddable":true,"href":"https:\/\/mountlaser.com\/pl\/wp-json\/wp\/v2\/product_cat?post=2529"},{"taxonomy":"product_tag","embeddable":true,"href":"https:\/\/mountlaser.com\/pl\/wp-json\/wp\/v2\/product_tag?post=2529"}],"curies":[{"name":"wp","href":"https:\/\/api.w.org\/{rel}","templated":true}]}}