{"id":2522,"date":"2025-10-09T08:38:59","date_gmt":"2025-10-09T08:38:59","guid":{"rendered":"https:\/\/mountlaser.com\/?post_type=product&#038;p=2522"},"modified":"2025-11-28T07:16:18","modified_gmt":"2025-11-28T07:16:18","slug":"ad-e01-aluminum-adapter","status":"publish","type":"product","link":"https:\/\/mountlaser.com\/pl\/produkt\/ad-e01-aluminum-adapter\/","title":{"rendered":"Adapter aluminiowy AD-E01"},"content":{"rendered":"<p>Ulepsz sw\u00f3j system monta\u017cowy dzi\u0119ki <a href=\"https:\/\/mountlaser.com\/pl\/\"><strong>Adapter aluminiowy AD-E01<\/strong><\/a><\/p>\n<p>Ten <a href=\"https:\/\/mountlaser.com\/pl\/products\/\"><strong>Monta\u017c laserowy AD-E01<\/strong><\/a> to precyzyjnie zaprojektowany adapter \u017ce\u0144ski na m\u0119ski, kt\u00f3ry zapewnia p\u0142ynne i niezawodne po\u0142\u0105czenie mi\u0119dzy instrumentami pomiarowymi a akcesoriami. Ten wszechstronny aluminiowy adapter o wysoko\u015bci 18,5 mm zosta\u0142 wykonany z wysokiej jako\u015bci aluminium, oferuj\u0105c optymaln\u0105 r\u00f3wnowag\u0119 mi\u0119dzy lekko\u015bci\u0105 konstrukcji a wyj\u0105tkow\u0105 wytrzyma\u0142o\u015bci\u0105, co pozwala na codzienne u\u017cytkowanie w terenie.<\/p>\n<p><img fetchpriority=\"high\" decoding=\"async\" class=\"aligncenter wp-image-2525\" src=\"https:\/\/mountlaser.com\/wp-content\/uploads\/2025\/10\/AD-E01-4.webp\" alt=\"Female to Male Adapter\" width=\"500\" height=\"500\" srcset=\"https:\/\/mountlaser.com\/wp-content\/uploads\/2025\/10\/AD-E01-4.webp 1000w, https:\/\/mountlaser.com\/wp-content\/uploads\/2025\/10\/AD-E01-4-300x300.webp 300w, https:\/\/mountlaser.com\/wp-content\/uploads\/2025\/10\/AD-E01-4-400x400.webp 400w, https:\/\/mountlaser.com\/wp-content\/uploads\/2025\/10\/AD-E01-4-800x800.webp 800w, https:\/\/mountlaser.com\/wp-content\/uploads\/2025\/10\/AD-E01-4-600x600.webp 600w, https:\/\/mountlaser.com\/wp-content\/uploads\/2025\/10\/AD-E01-4-150x150.webp 150w, https:\/\/mountlaser.com\/wp-content\/uploads\/2025\/10\/AD-E01-4-768x768.webp 768w, https:\/\/mountlaser.com\/wp-content\/uploads\/2025\/10\/AD-E01-4-12x12.webp 12w\" sizes=\"(max-width: 500px) 100vw, 500px\" \/><\/p>\n<p>Jako kluczowy <strong>Adapter \u017ce\u0144ski na m\u0119ski<\/strong>, skutecznie \u0142\u0105czy urz\u0105dzenia o r\u00f3\u017cnych standardach gwint\u00f3w, zapewniaj\u0105c kompatybilno\u015b\u0107 z szerok\u0105 gam\u0105 narz\u0119dzi.<\/p>","protected":false},"excerpt":{"rendered":"<ul>\n<li>Precyzyjna konwersja gwintu: \u0141atwa konwersja z gwintu \u017ce\u0144skiego 5\/8\u2033-11 na gwint zewn\u0119trzny 1\/4\u2033-20.<\/li>\n<li>Solidna konstrukcja aluminiowa: Wykonana z wysokiej jako\u015bci aluminium, co zapewnia d\u0142ugotrwa\u0142\u0105 wydajno\u015b\u0107 bez znacz\u0105cego zwi\u0119kszenia wagi.<\/li>\n<li>Zoptymalizowane wymiary: \u015brednica zewn\u0119trzna 25 mm i precyzyjna wysoko\u015b\u0107 18,5 mm<\/li>\n<li>dzi\u0119ki czemu ten aluminiowy adapter jest kompaktowym i wydajnym rozwi\u0105zaniem dla Twojej konfiguracji.<\/li>\n<\/ul>","protected":false},"featured_media":2523,"comment_status":"open","ping_status":"closed","template":"","meta":[],"product_brand":[],"product_cat":[79,102],"product_tag":[],"class_list":{"0":"post-2522","1":"product","2":"type-product","3":"status-publish","4":"has-post-thumbnail","6":"product_cat-surveying-accessory","7":"product_cat-monitoring-adapter","9":"first","10":"instock","11":"shipping-taxable","12":"product-type-simple"},"_links":{"self":[{"href":"https:\/\/mountlaser.com\/pl\/wp-json\/wp\/v2\/product\/2522","targetHints":{"allow":["GET"]}}],"collection":[{"href":"https:\/\/mountlaser.com\/pl\/wp-json\/wp\/v2\/product"}],"about":[{"href":"https:\/\/mountlaser.com\/pl\/wp-json\/wp\/v2\/types\/product"}],"replies":[{"embeddable":true,"href":"https:\/\/mountlaser.com\/pl\/wp-json\/wp\/v2\/comments?post=2522"}],"wp:featuredmedia":[{"embeddable":true,"href":"https:\/\/mountlaser.com\/pl\/wp-json\/wp\/v2\/media\/2523"}],"wp:attachment":[{"href":"https:\/\/mountlaser.com\/pl\/wp-json\/wp\/v2\/media?parent=2522"}],"wp:term":[{"taxonomy":"product_brand","embeddable":true,"href":"https:\/\/mountlaser.com\/pl\/wp-json\/wp\/v2\/product_brand?post=2522"},{"taxonomy":"product_cat","embeddable":true,"href":"https:\/\/mountlaser.com\/pl\/wp-json\/wp\/v2\/product_cat?post=2522"},{"taxonomy":"product_tag","embeddable":true,"href":"https:\/\/mountlaser.com\/pl\/wp-json\/wp\/v2\/product_tag?post=2522"}],"curies":[{"name":"wp","href":"https:\/\/api.w.org\/{rel}","templated":true}]}}