{"id":2476,"date":"2025-09-30T08:57:38","date_gmt":"2025-09-30T08:57:38","guid":{"rendered":"https:\/\/mountlaser.com\/?post_type=product&#038;p=2476"},"modified":"2025-11-28T07:19:48","modified_gmt":"2025-11-28T07:19:48","slug":"ad-l09-stainless-steel-adapter","status":"publish","type":"product","link":"https:\/\/mountlaser.com\/pl\/produkt\/ad-l09-stainless-steel-adapter\/","title":{"rendered":"Adapter ze stali nierdzewnej AD-L09"},"content":{"rendered":"<p>Zwi\u0119ksz trwa\u0142o\u015b\u0107 swojego sprz\u0119tu dzi\u0119ki <a href=\"https:\/\/mountlaser.com\/pl\/\"><strong>Adapter ze stali nierdzewnej AD-L09 do mocowania lasera<\/strong><\/a>. Zaprojektowany z my\u015bl\u0105 o najtrudniejszych warunkach na placu budowy, ten wysokiej jako\u015bci adapter AD-L09 ze stali nierdzewnej jest wykonany z wysokiej jako\u015bci stali nierdzewnej, oferuj\u0105c niezr\u00f3wnan\u0105 odporno\u015b\u0107 na korozj\u0119, uderzenia i zu\u017cycie. Wyposa\u017cony jest w precyzyjn\u0105 wtyczk\u0119 szwajcarsk\u0105 25 mm i uniwersalny gwint \u017ce\u0144ski 5\/8\u2033-11, co gwarantuje idealne, bezpieczne i trwa\u0142e po\u0142\u0105czenie z instrumentami geodezyjnymi.<\/p>\n<p><img fetchpriority=\"high\" decoding=\"async\" class=\"aligncenter wp-image-2479\" src=\"https:\/\/mountlaser.com\/wp-content\/uploads\/2025\/09\/AD-L09-7.webp\" alt=\"AD-L09 Stainless steel Adapter\" width=\"500\" height=\"500\" srcset=\"https:\/\/mountlaser.com\/wp-content\/uploads\/2025\/09\/AD-L09-7.webp 1000w, https:\/\/mountlaser.com\/wp-content\/uploads\/2025\/09\/AD-L09-7-300x300.webp 300w, https:\/\/mountlaser.com\/wp-content\/uploads\/2025\/09\/AD-L09-7-400x400.webp 400w, https:\/\/mountlaser.com\/wp-content\/uploads\/2025\/09\/AD-L09-7-800x800.webp 800w, https:\/\/mountlaser.com\/wp-content\/uploads\/2025\/09\/AD-L09-7-600x600.webp 600w, https:\/\/mountlaser.com\/wp-content\/uploads\/2025\/09\/AD-L09-7-150x150.webp 150w, https:\/\/mountlaser.com\/wp-content\/uploads\/2025\/09\/AD-L09-7-768x768.webp 768w, https:\/\/mountlaser.com\/wp-content\/uploads\/2025\/09\/AD-L09-7-12x12.webp 12w\" sizes=\"(max-width: 500px) 100vw, 500px\" \/><\/p>\n<p>Zaprojektowane tak, aby wytrzyma\u0107 ci\u0105g\u0142e u\u017cytkowanie w trudnych warunkach, solidna konstrukcja <a href=\"https:\/\/mountlaser.com\/pl\/products\/\"><strong>Adapter ze stali nierdzewnej AD-L09<\/strong><\/a> gwarantuje stabilno\u015b\u0107 i dok\u0142adno\u015b\u0107 konfiguracji, projekt po projekcie. Jego wyj\u0105tkowa wytrzyma\u0142o\u015b\u0107 chroni cenny sprz\u0119t przed uszkodzeniem i zerwaniem gwintu. Dla profesjonalist\u00f3w, kt\u00f3rzy nie id\u0105 na kompromis w kwestii jako\u015bci i trwa\u0142o\u015bci, adapter AD-L09 to najlepszy wyb\u00f3r \u2013 niezawodny i bezobs\u0142ugowy.<\/p>","protected":false},"excerpt":{"rendered":"<ul>\n<li>Zapewnia maksymaln\u0105 wytrzyma\u0142o\u015b\u0107, odporno\u015b\u0107 na korozj\u0119 i d\u0142ugoterminow\u0105 trwa\u0142o\u015b\u0107 w ka\u017cdych warunkach.<\/li>\n<li>Posiada precyzyjn\u0105 wtyczk\u0119 o \u015brednicy 25 mm, kt\u00f3ra zapewnia bezpieczne i idealne dopasowanie do Twoich instrument\u00f3w.<\/li>\n<li>Zapewnia szerok\u0105 kompatybilno\u015b\u0107 ze standardowymi statywami geodezyjnymi, tyczkami i akcesoriami.<\/li>\n<\/ul>","protected":false},"featured_media":2477,"comment_status":"open","ping_status":"closed","template":"","meta":[],"product_brand":[],"product_cat":[79,102],"product_tag":[],"class_list":{"0":"post-2476","1":"product","2":"type-product","3":"status-publish","4":"has-post-thumbnail","6":"product_cat-surveying-accessory","7":"product_cat-monitoring-adapter","9":"first","10":"instock","11":"shipping-taxable","12":"product-type-simple"},"_links":{"self":[{"href":"https:\/\/mountlaser.com\/pl\/wp-json\/wp\/v2\/product\/2476","targetHints":{"allow":["GET"]}}],"collection":[{"href":"https:\/\/mountlaser.com\/pl\/wp-json\/wp\/v2\/product"}],"about":[{"href":"https:\/\/mountlaser.com\/pl\/wp-json\/wp\/v2\/types\/product"}],"replies":[{"embeddable":true,"href":"https:\/\/mountlaser.com\/pl\/wp-json\/wp\/v2\/comments?post=2476"}],"wp:featuredmedia":[{"embeddable":true,"href":"https:\/\/mountlaser.com\/pl\/wp-json\/wp\/v2\/media\/2477"}],"wp:attachment":[{"href":"https:\/\/mountlaser.com\/pl\/wp-json\/wp\/v2\/media?parent=2476"}],"wp:term":[{"taxonomy":"product_brand","embeddable":true,"href":"https:\/\/mountlaser.com\/pl\/wp-json\/wp\/v2\/product_brand?post=2476"},{"taxonomy":"product_cat","embeddable":true,"href":"https:\/\/mountlaser.com\/pl\/wp-json\/wp\/v2\/product_cat?post=2476"},{"taxonomy":"product_tag","embeddable":true,"href":"https:\/\/mountlaser.com\/pl\/wp-json\/wp\/v2\/product_tag?post=2476"}],"curies":[{"name":"wp","href":"https:\/\/api.w.org\/{rel}","templated":true}]}}