{"id":2471,"date":"2025-09-30T08:54:19","date_gmt":"2025-09-30T08:54:19","guid":{"rendered":"https:\/\/mountlaser.com\/?post_type=product&#038;p=2471"},"modified":"2025-11-28T07:26:59","modified_gmt":"2025-11-28T07:26:59","slug":"ad-l08-aluminum-adapter","status":"publish","type":"product","link":"https:\/\/mountlaser.com\/pl\/produkt\/ad-l08-aluminum-adapter\/","title":{"rendered":"Adapter aluminiowy AD-L08"},"content":{"rendered":"<p>Poznaj Mount Laser <a href=\"https:\/\/mountlaser.com\/pl\/products\/\"><strong>Adapter aluminiowy AD-L08<\/strong><\/a>, Lekkie i wytrzyma\u0142e rozwi\u0105zanie dla Twoich potrzeb w zakresie precyzyjnych po\u0142\u0105cze\u0144. Ten wysokiej jako\u015bci adapter wyposa\u017cony jest w solidn\u0105 wtyczk\u0119 szwajcarsk\u0105 o \u015brednicy 25 mm i jest wykonany z litego aluminium, oferuj\u0105c idealn\u0105 r\u00f3wnowag\u0119 mi\u0119dzy wytrzyma\u0142o\u015bci\u0105 a minimaln\u0105 wag\u0105. Jego g\u0142\u00f3wn\u0105 cech\u0105 jest precyzyjnie zaprojektowany adapter z gwintem \u017ce\u0144skim 5\/8-11, zaprojektowany z my\u015bl\u0105 o uniwersalnej kompatybilno\u015bci z szerok\u0105 gam\u0105 sprz\u0119tu geodezyjnego, w tym statywami i tyczkami.<\/p>\n<p><img fetchpriority=\"high\" decoding=\"async\" class=\"aligncenter wp-image-2474\" src=\"https:\/\/mountlaser.com\/wp-content\/uploads\/2025\/09\/AD-L08-6.webp\" alt=\"Female 5\/8&quot;-11 thread Adapter\" width=\"500\" height=\"500\" srcset=\"https:\/\/mountlaser.com\/wp-content\/uploads\/2025\/09\/AD-L08-6.webp 1000w, https:\/\/mountlaser.com\/wp-content\/uploads\/2025\/09\/AD-L08-6-300x300.webp 300w, https:\/\/mountlaser.com\/wp-content\/uploads\/2025\/09\/AD-L08-6-400x400.webp 400w, https:\/\/mountlaser.com\/wp-content\/uploads\/2025\/09\/AD-L08-6-800x800.webp 800w, https:\/\/mountlaser.com\/wp-content\/uploads\/2025\/09\/AD-L08-6-600x600.webp 600w, https:\/\/mountlaser.com\/wp-content\/uploads\/2025\/09\/AD-L08-6-150x150.webp 150w, https:\/\/mountlaser.com\/wp-content\/uploads\/2025\/09\/AD-L08-6-768x768.webp 768w, https:\/\/mountlaser.com\/wp-content\/uploads\/2025\/09\/AD-L08-6-12x12.webp 12w\" sizes=\"(max-width: 500px) 100vw, 500px\" \/><\/p>\n<p>AD-L08 zosta\u0142 specjalnie zaprojektowany jako niezawodny<a href=\"https:\/\/mountlaser.com\/pl\/about-us\/\"> <strong>Adapter gwintu \u017ce\u0144skiego 5\/8-11<\/strong> <\/a>Zapewnia bezpieczne, precyzyjne i antypo\u015blizgowe po\u0142\u0105czenie za ka\u017cdym razem. Lekka aluminiowa konstrukcja zmniejsza og\u00f3lne zm\u0119czenie narz\u0119dzia bez uszczerbku dla trwa\u0142o\u015bci, dzi\u0119ki czemu ten adapter z gwintem \u017ce\u0144skim 5\/8-11 jest idealny dla geodet\u00f3w, kt\u00f3rzy s\u0105 ci\u0105gle w ruchu. Uzupe\u0142nij sw\u00f3j zestaw o adapter AD-L08, aby zapewni\u0107 p\u0142ynn\u0105 i wydajn\u0105 konfiguracj\u0119.<\/p>","protected":false},"excerpt":{"rendered":"<ul>\n<li>Lekki aluminium: Wykonany z litego aluminium, co zapewnia doskona\u0142y stosunek wytrzyma\u0142o\u015bci do wagi, redukuj\u0105c zm\u0119czenie u\u017cytkownika.<\/li>\n<li>Precyzyjna szwajcarska wtyczka: Posiada wysokiej jako\u015bci szwajcarsk\u0105 wtyczk\u0119 o \u015brednicy 25 mm, kt\u00f3ra zapewnia bezpieczne i dok\u0142adne dopasowanie.<\/li>\n<li>Uniwersalny gwint \u017ce\u0144ski 5\/8\u2033-11: zapewnia szerok\u0105 kompatybilno\u015b\u0107 ze standardowymi statywami geodezyjnymi, tyczkami i akcesoriami.<\/li>\n<\/ul>","protected":false},"featured_media":2472,"comment_status":"open","ping_status":"closed","template":"","meta":[],"product_brand":[],"product_cat":[79,102],"product_tag":[],"class_list":{"0":"post-2471","1":"product","2":"type-product","3":"status-publish","4":"has-post-thumbnail","6":"product_cat-surveying-accessory","7":"product_cat-monitoring-adapter","9":"first","10":"instock","11":"shipping-taxable","12":"product-type-simple"},"_links":{"self":[{"href":"https:\/\/mountlaser.com\/pl\/wp-json\/wp\/v2\/product\/2471","targetHints":{"allow":["GET"]}}],"collection":[{"href":"https:\/\/mountlaser.com\/pl\/wp-json\/wp\/v2\/product"}],"about":[{"href":"https:\/\/mountlaser.com\/pl\/wp-json\/wp\/v2\/types\/product"}],"replies":[{"embeddable":true,"href":"https:\/\/mountlaser.com\/pl\/wp-json\/wp\/v2\/comments?post=2471"}],"wp:featuredmedia":[{"embeddable":true,"href":"https:\/\/mountlaser.com\/pl\/wp-json\/wp\/v2\/media\/2472"}],"wp:attachment":[{"href":"https:\/\/mountlaser.com\/pl\/wp-json\/wp\/v2\/media?parent=2471"}],"wp:term":[{"taxonomy":"product_brand","embeddable":true,"href":"https:\/\/mountlaser.com\/pl\/wp-json\/wp\/v2\/product_brand?post=2471"},{"taxonomy":"product_cat","embeddable":true,"href":"https:\/\/mountlaser.com\/pl\/wp-json\/wp\/v2\/product_cat?post=2471"},{"taxonomy":"product_tag","embeddable":true,"href":"https:\/\/mountlaser.com\/pl\/wp-json\/wp\/v2\/product_tag?post=2471"}],"curies":[{"name":"wp","href":"https:\/\/api.w.org\/{rel}","templated":true}]}}