{"id":2466,"date":"2025-09-30T08:36:09","date_gmt":"2025-09-30T08:36:09","guid":{"rendered":"https:\/\/mountlaser.com\/?post_type=product&#038;p=2466"},"modified":"2025-11-28T08:02:02","modified_gmt":"2025-11-28T08:02:02","slug":"ad-l07-copper-adapter","status":"publish","type":"product","link":"https:\/\/mountlaser.com\/pl\/produkt\/ad-l07-copper-adapter\/","title":{"rendered":"Adapter miedziany AD-L07"},"content":{"rendered":"<p>Ciesz si\u0119 doskona\u0142\u0105 wydajno\u015bci\u0105 i trwa\u0142o\u015bci\u0105 dzi\u0119ki Mount Laser <a href=\"https:\/\/mountlaser.com\/pl\/\"><strong>Adapter miedziany AD-L07<\/strong><\/a>. Zaprojektowany z precyzj\u0105 dla geodet\u00f3w, kt\u00f3rzy wymagaj\u0105 najwy\u017cszej jako\u015bci, ten adapter \u0142\u0105czy doskona\u0142\u0105 odporno\u015b\u0107 na zu\u017cycie i naturalne w\u0142a\u015bciwo\u015bci smarne miedzi z uniwersalnym gwintem M8 i szwajcarsk\u0105 konstrukcj\u0105. Adapter miedziany AD-L07 zapewnia bezpieczne, odporne na zatarcia po\u0142\u0105czenie, odporne na intensywne, codzienne u\u017cytkowanie, chroni\u0105c cenne instrumenty przed zatarciem gwintu i uszkodzeniami.<\/p>\n<p>Idealnie nadaje si\u0119 do zada\u0144 geodezyjnych wymagaj\u0105cych wysokiej precyzji, dzi\u0119ki solidnej konstrukcji<a href=\"https:\/\/mountlaser.com\/pl\/about-us\/\"><strong> AD-L07<\/strong> <\/a>Adapter miedziany gwarantuje d\u0142ugotrwa\u0142\u0105 niezawodno\u015b\u0107 i sp\u00f3jn\u0105 wydajno\u015b\u0107 w terenie. Zmniejszaj\u0105c tarcie i zu\u017cycie zar\u00f3wno adaptera, jak i urz\u0105dzenia, wyd\u0142u\u017ca \u017cywotno\u015b\u0107 sprz\u0119tu i minimalizuje przestoje. Wybierz AD-L07, aby uzyska\u0107 niezr\u00f3wnane po\u0142\u0105czenie jako\u015bci, funkcjonalno\u015bci i ochrony.<\/p>\n<p><img fetchpriority=\"high\" decoding=\"async\" class=\"aligncenter wp-image-2469\" src=\"https:\/\/mountlaser.com\/wp-content\/uploads\/2025\/09\/AD-L07-6.webp\" alt=\"AD-L07 Copper Adapter \" width=\"500\" height=\"500\" srcset=\"https:\/\/mountlaser.com\/wp-content\/uploads\/2025\/09\/AD-L07-6.webp 1000w, https:\/\/mountlaser.com\/wp-content\/uploads\/2025\/09\/AD-L07-6-300x300.webp 300w, https:\/\/mountlaser.com\/wp-content\/uploads\/2025\/09\/AD-L07-6-400x400.webp 400w, https:\/\/mountlaser.com\/wp-content\/uploads\/2025\/09\/AD-L07-6-800x800.webp 800w, https:\/\/mountlaser.com\/wp-content\/uploads\/2025\/09\/AD-L07-6-600x600.webp 600w, https:\/\/mountlaser.com\/wp-content\/uploads\/2025\/09\/AD-L07-6-150x150.webp 150w, https:\/\/mountlaser.com\/wp-content\/uploads\/2025\/09\/AD-L07-6-768x768.webp 768w, https:\/\/mountlaser.com\/wp-content\/uploads\/2025\/09\/AD-L07-6-12x12.webp 12w\" sizes=\"(max-width: 500px) 100vw, 500px\" \/><\/p>\n<p><strong>Stosowa\u0107 z adapterem miedzianym AD-L07<\/strong><\/p>\n<p><img decoding=\"async\" class=\"aligncenter wp-image-2220 size-full\" src=\"https:\/\/mountlaser.com\/wp-content\/uploads\/2025\/09\/1-5.webp\" alt=\"\" width=\"614\" height=\"759\" srcset=\"https:\/\/mountlaser.com\/wp-content\/uploads\/2025\/09\/1-5.webp 614w, https:\/\/mountlaser.com\/wp-content\/uploads\/2025\/09\/1-5-600x742.webp 600w, https:\/\/mountlaser.com\/wp-content\/uploads\/2025\/09\/1-5-243x300.webp 243w, https:\/\/mountlaser.com\/wp-content\/uploads\/2025\/09\/1-5-10x12.webp 10w\" sizes=\"(max-width: 614px) 100vw, 614px\" \/><\/p>","protected":false},"excerpt":{"rendered":"<ul>\n<li>Konstrukcja z najwy\u017cszej jako\u015bci miedzi: zapewnia doskona\u0142\u0105 odporno\u015b\u0107 na zu\u017cycie, naturalne smarowanie i w\u0142a\u015bciwo\u015bci zapobiegaj\u0105ce zapiekaniu si\u0119.<\/li>\n<li>Precyzyjny gwint M8: zapewnia uniwersalne, bezpieczne i dok\u0142adne po\u0142\u0105czenie z urz\u0105dzeniami pomiarowymi.<\/li>\n<li>Konstrukcja w stylu szwajcarskim: gwarantuje wysokie standardy produkcji zapewniaj\u0105ce doskona\u0142\u0105 kompatybilno\u015b\u0107 i niezawodn\u0105 prac\u0119.<\/li>\n<\/ul>","protected":false},"featured_media":2467,"comment_status":"open","ping_status":"closed","template":"","meta":[],"product_brand":[],"product_cat":[79,102],"product_tag":[],"class_list":{"0":"post-2466","1":"product","2":"type-product","3":"status-publish","4":"has-post-thumbnail","6":"product_cat-surveying-accessory","7":"product_cat-monitoring-adapter","9":"first","10":"instock","11":"shipping-taxable","12":"product-type-simple"},"_links":{"self":[{"href":"https:\/\/mountlaser.com\/pl\/wp-json\/wp\/v2\/product\/2466","targetHints":{"allow":["GET"]}}],"collection":[{"href":"https:\/\/mountlaser.com\/pl\/wp-json\/wp\/v2\/product"}],"about":[{"href":"https:\/\/mountlaser.com\/pl\/wp-json\/wp\/v2\/types\/product"}],"replies":[{"embeddable":true,"href":"https:\/\/mountlaser.com\/pl\/wp-json\/wp\/v2\/comments?post=2466"}],"wp:featuredmedia":[{"embeddable":true,"href":"https:\/\/mountlaser.com\/pl\/wp-json\/wp\/v2\/media\/2467"}],"wp:attachment":[{"href":"https:\/\/mountlaser.com\/pl\/wp-json\/wp\/v2\/media?parent=2466"}],"wp:term":[{"taxonomy":"product_brand","embeddable":true,"href":"https:\/\/mountlaser.com\/pl\/wp-json\/wp\/v2\/product_brand?post=2466"},{"taxonomy":"product_cat","embeddable":true,"href":"https:\/\/mountlaser.com\/pl\/wp-json\/wp\/v2\/product_cat?post=2466"},{"taxonomy":"product_tag","embeddable":true,"href":"https:\/\/mountlaser.com\/pl\/wp-json\/wp\/v2\/product_tag?post=2466"}],"curies":[{"name":"wp","href":"https:\/\/api.w.org\/{rel}","templated":true}]}}