{"id":2402,"date":"2025-09-30T08:16:47","date_gmt":"2025-09-30T08:16:47","guid":{"rendered":"https:\/\/mountlaser.com\/?post_type=product&#038;p=2402"},"modified":"2025-11-28T08:03:24","modified_gmt":"2025-11-28T08:03:24","slug":"ad-l06-stainless-steel-adapter","status":"publish","type":"product","link":"https:\/\/mountlaser.com\/pl\/produkt\/ad-l06-stainless-steel-adapter\/","title":{"rendered":"Adapter ze stali nierdzewnej AD-L06"},"content":{"rendered":"<p>Ulepsz sw\u00f3j proces pomiaru dzi\u0119ki <a href=\"https:\/\/mountlaser.com\/pl\/products\/\"><strong>Adapter ze stali nierdzewnej AD-L06 do mocowania lasera<\/strong><\/a>. Zaprojektowany z my\u015bl\u0105 o precyzji i trwa\u0142o\u015bci, ten wysokiej jako\u015bci adapter jest wyposa\u017cony w wtyczk\u0119 szwajcarsk\u0105 i uniwersalny gwint M8, co gwarantuje idealne i bezpieczne po\u0142\u0105czenie z Twoimi instrumentami.<\/p>\n<p>Ten <a href=\"https:\/\/mountlaser.com\/pl\/contact-us\/\"><strong>AD-L06<\/strong><\/a> zosta\u0142 zaprojektowany jako wszechstronny adapter szybkoz\u0142\u0105czny, umo\u017cliwiaj\u0105cy szybk\u0105 wymian\u0119 narz\u0119dzi i znacznie skracaj\u0105cy czas monta\u017cu na miejscu budowy. Wykonany z wytrzyma\u0142ej stali nierdzewnej, jest odporny na trudne warunki terenowe, korozj\u0119 i zu\u017cycie. Ta niezawodno\u015b\u0107 sprawia, \u017ce nasz adapter szybkoz\u0142\u0105czny jest niezb\u0119dnym narz\u0119dziem dla geodet\u00f3w i specjalist\u00f3w budowlanych, kt\u00f3rzy wymagaj\u0105 zar\u00f3wno szybko\u015bci, jak i dok\u0142adno\u015bci. Zintegruj adapter szybkoz\u0142\u0105czny AD-L06 z zestawem narz\u0119dzi, aby zapewni\u0107 sobie p\u0142ynne i wydajne prace geodezyjne.<\/p>\n<p><img fetchpriority=\"high\" decoding=\"async\" class=\"wp-image-2463 aligncenter\" src=\"https:\/\/mountlaser.com\/wp-content\/uploads\/2025\/09\/AD-L06-5.webp\" alt=\"AD-L06 Stainless Steel Adapter\" width=\"500\" height=\"500\" srcset=\"https:\/\/mountlaser.com\/wp-content\/uploads\/2025\/09\/AD-L06-5.webp 1000w, https:\/\/mountlaser.com\/wp-content\/uploads\/2025\/09\/AD-L06-5-300x300.webp 300w, https:\/\/mountlaser.com\/wp-content\/uploads\/2025\/09\/AD-L06-5-400x400.webp 400w, https:\/\/mountlaser.com\/wp-content\/uploads\/2025\/09\/AD-L06-5-800x800.webp 800w, https:\/\/mountlaser.com\/wp-content\/uploads\/2025\/09\/AD-L06-5-600x600.webp 600w, https:\/\/mountlaser.com\/wp-content\/uploads\/2025\/09\/AD-L06-5-150x150.webp 150w, https:\/\/mountlaser.com\/wp-content\/uploads\/2025\/09\/AD-L06-5-768x768.webp 768w, https:\/\/mountlaser.com\/wp-content\/uploads\/2025\/09\/AD-L06-5-12x12.webp 12w\" sizes=\"(max-width: 500px) 100vw, 500px\" \/><\/p>\n<p><strong>Stosowa\u0107 z adapterem ze stali nierdzewnej AD-L06<\/strong><\/p>\n<p><img decoding=\"async\" class=\"aligncenter wp-image-2220 size-full\" src=\"https:\/\/mountlaser.com\/wp-content\/uploads\/2025\/09\/1-5.webp\" alt=\"\" width=\"614\" height=\"759\" srcset=\"https:\/\/mountlaser.com\/wp-content\/uploads\/2025\/09\/1-5.webp 614w, https:\/\/mountlaser.com\/wp-content\/uploads\/2025\/09\/1-5-600x742.webp 600w, https:\/\/mountlaser.com\/wp-content\/uploads\/2025\/09\/1-5-243x300.webp 243w, https:\/\/mountlaser.com\/wp-content\/uploads\/2025\/09\/1-5-10x12.webp 10w\" sizes=\"(max-width: 614px) 100vw, 614px\" \/><\/p>","protected":false},"excerpt":{"rendered":"<ul>\n<li>Materia\u0142 najwy\u017cszej jako\u015bci: Wykonany z wysokiej jako\u015bci stali nierdzewnej zapewniaj\u0105cej wyj\u0105tkow\u0105 trwa\u0142o\u015b\u0107 i odporno\u015b\u0107 na korozj\u0119.<\/li>\n<li>Precyzyjne gwinty: Posiadaj\u0105 wtyczk\u0119 szwajcarsk\u0105 i standardowy gwint M8, co zapewnia uniwersalne, bezpieczne i dok\u0142adne dopasowanie.<\/li>\n<\/ul>","protected":false},"featured_media":2462,"comment_status":"open","ping_status":"closed","template":"","meta":[],"product_brand":[],"product_cat":[79,102],"product_tag":[],"class_list":{"0":"post-2402","1":"product","2":"type-product","3":"status-publish","4":"has-post-thumbnail","6":"product_cat-surveying-accessory","7":"product_cat-monitoring-adapter","9":"first","10":"instock","11":"shipping-taxable","12":"product-type-simple"},"_links":{"self":[{"href":"https:\/\/mountlaser.com\/pl\/wp-json\/wp\/v2\/product\/2402","targetHints":{"allow":["GET"]}}],"collection":[{"href":"https:\/\/mountlaser.com\/pl\/wp-json\/wp\/v2\/product"}],"about":[{"href":"https:\/\/mountlaser.com\/pl\/wp-json\/wp\/v2\/types\/product"}],"replies":[{"embeddable":true,"href":"https:\/\/mountlaser.com\/pl\/wp-json\/wp\/v2\/comments?post=2402"}],"wp:featuredmedia":[{"embeddable":true,"href":"https:\/\/mountlaser.com\/pl\/wp-json\/wp\/v2\/media\/2462"}],"wp:attachment":[{"href":"https:\/\/mountlaser.com\/pl\/wp-json\/wp\/v2\/media?parent=2402"}],"wp:term":[{"taxonomy":"product_brand","embeddable":true,"href":"https:\/\/mountlaser.com\/pl\/wp-json\/wp\/v2\/product_brand?post=2402"},{"taxonomy":"product_cat","embeddable":true,"href":"https:\/\/mountlaser.com\/pl\/wp-json\/wp\/v2\/product_cat?post=2402"},{"taxonomy":"product_tag","embeddable":true,"href":"https:\/\/mountlaser.com\/pl\/wp-json\/wp\/v2\/product_tag?post=2402"}],"curies":[{"name":"wp","href":"https:\/\/api.w.org\/{rel}","templated":true}]}}