{"id":2396,"date":"2025-09-29T08:50:48","date_gmt":"2025-09-29T08:50:48","guid":{"rendered":"https:\/\/mountlaser.com\/?post_type=product&#038;p=2396"},"modified":"2025-11-28T08:06:37","modified_gmt":"2025-11-28T08:06:37","slug":"ad-l02-stainless-steel-adapter","status":"publish","type":"product","link":"https:\/\/mountlaser.com\/pl\/produkt\/ad-l02-stainless-steel-adapter\/","title":{"rendered":"Adapter ze stali nierdzewnej AD-L02"},"content":{"rendered":"<p>Przedstawiamy <a href=\"https:\/\/mountlaser.com\/pl\/\"><strong>Adapter ze stali nierdzewnej AD-L02<\/strong><\/a>, premia <a href=\"https:\/\/mountlaser.com\/pl\/about-us\/\"><strong>Szybkoz\u0142\u0105czka<\/strong><\/a> Zaprojektowany dla geodet\u00f3w, kt\u00f3rzy wymagaj\u0105 zar\u00f3wno szybko\u015bci, jak i niezmiennej precyzji. Wykonany z wysokiej jako\u015bci stali nierdzewnej, ten solidny dodatek jest odporny na trudne warunki panuj\u0105ce na placu budowy, zapewniaj\u0105c jednocze\u015bnie niezawodne i bezpieczne po\u0142\u0105czenie.<\/p>\n<p><img fetchpriority=\"high\" decoding=\"async\" class=\"aligncenter wp-image-2399\" src=\"https:\/\/mountlaser.com\/wp-content\/uploads\/2025\/09\/10-7.webp\" alt=\"Quick Release Adapter\" width=\"500\" height=\"500\" srcset=\"https:\/\/mountlaser.com\/wp-content\/uploads\/2025\/09\/10-7.webp 1000w, https:\/\/mountlaser.com\/wp-content\/uploads\/2025\/09\/10-7-300x300.webp 300w, https:\/\/mountlaser.com\/wp-content\/uploads\/2025\/09\/10-7-400x400.webp 400w, https:\/\/mountlaser.com\/wp-content\/uploads\/2025\/09\/10-7-800x800.webp 800w, https:\/\/mountlaser.com\/wp-content\/uploads\/2025\/09\/10-7-600x600.webp 600w, https:\/\/mountlaser.com\/wp-content\/uploads\/2025\/09\/10-7-150x150.webp 150w, https:\/\/mountlaser.com\/wp-content\/uploads\/2025\/09\/10-7-768x768.webp 768w, https:\/\/mountlaser.com\/wp-content\/uploads\/2025\/09\/10-7-12x12.webp 12w\" sizes=\"(max-width: 500px) 100vw, 500px\" \/><br \/>\nTen <a href=\"https:\/\/mountlaser.com\/pl\/contact-us\/\">AD-L02<\/a> Dzia\u0142a jak adapter szybkoz\u0142\u0105czki typu szwajcarskiego, wyposa\u017cony w wydajny mechanizm, kt\u00f3ry umo\u017cliwia szybk\u0105 wymian\u0119 narz\u0119dzi bez utraty dok\u0142adno\u015bci. Dzi\u0119ki standardowemu gwintowi 1\/4\u2033-20 (nr kat.: 6601-01) oferuje wyj\u0105tkow\u0105 wszechstronno\u015b\u0107 w monta\u017cu r\u00f3\u017cnych instrument\u00f3w. Dla profesjonalist\u00f3w poszukuj\u0105cych trwa\u0142ego i oszcz\u0119dzaj\u0105cego czas rozwi\u0105zania, ten wydajny adapter szybkoz\u0142\u0105czki jest niezb\u0119dnym uzupe\u0142nieniem zestawu narz\u0119dzi pomiarowych.<\/p>\n<table width=\"587\">\n<tbody>\n<tr>\n<td width=\"72\">Model<\/td>\n<td width=\"254\">Zdj\u0119cie<\/td>\n<td width=\"261\">Parametry<\/td>\n<\/tr>\n<tr>\n<td>AD-L01<\/td>\n<td>\u00a0 \u00a0 \u00a0 \u00a0 \u00a0 \u00a0 \u00a0 \u00a0 \u00a0 \u00a0<img decoding=\"async\" class=\"alignnone size-full wp-image-2403\" src=\"https:\/\/mountlaser.com\/wp-content\/uploads\/2025\/09\/5d0d6e9b-010a-4c65-b3da-5a849a3fff64.webp\" alt=\"\" width=\"99\" height=\"184\" srcset=\"https:\/\/mountlaser.com\/wp-content\/uploads\/2025\/09\/5d0d6e9b-010a-4c65-b3da-5a849a3fff64.webp 99w, https:\/\/mountlaser.com\/wp-content\/uploads\/2025\/09\/5d0d6e9b-010a-4c65-b3da-5a849a3fff64-6x12.webp 6w\" sizes=\"(max-width: 99px) 100vw, 99px\" \/><\/td>\n<td>Gwint M10<\/td>\n<\/tr>\n<tr>\n<td>AD-L02<\/td>\n<td><img decoding=\"async\" class=\"alignnone size-medium wp-image-2400\" src=\"https:\/\/mountlaser.com\/wp-content\/uploads\/2025\/09\/AD-L02-2-300x300.webp\" alt=\"\" width=\"300\" height=\"300\" srcset=\"https:\/\/mountlaser.com\/wp-content\/uploads\/2025\/09\/AD-L02-2-300x300.webp 300w, https:\/\/mountlaser.com\/wp-content\/uploads\/2025\/09\/AD-L02-2-400x400.webp 400w, https:\/\/mountlaser.com\/wp-content\/uploads\/2025\/09\/AD-L02-2-800x800.webp 800w, https:\/\/mountlaser.com\/wp-content\/uploads\/2025\/09\/AD-L02-2-600x600.webp 600w, https:\/\/mountlaser.com\/wp-content\/uploads\/2025\/09\/AD-L02-2-150x150.webp 150w, https:\/\/mountlaser.com\/wp-content\/uploads\/2025\/09\/AD-L02-2-768x768.webp 768w, https:\/\/mountlaser.com\/wp-content\/uploads\/2025\/09\/AD-L02-2-12x12.webp 12w, https:\/\/mountlaser.com\/wp-content\/uploads\/2025\/09\/AD-L02-2.webp 1000w\" sizes=\"(max-width: 300px) 100vw, 300px\" \/><\/td>\n<td>Gwint 1\/4\u2033-20 (nr cz\u0119\u015bci: 6601-01)<\/td>\n<\/tr>\n<tr>\n<td>AD-L03<\/td>\n<td><img loading=\"lazy\" decoding=\"async\" class=\"alignnone size-medium wp-image-2405\" src=\"https:\/\/mountlaser.com\/wp-content\/uploads\/2025\/09\/AD-L03-1-300x300.webp\" alt=\"\" width=\"300\" height=\"300\" srcset=\"https:\/\/mountlaser.com\/wp-content\/uploads\/2025\/09\/AD-L03-1-300x300.webp 300w, https:\/\/mountlaser.com\/wp-content\/uploads\/2025\/09\/AD-L03-1-400x400.webp 400w, https:\/\/mountlaser.com\/wp-content\/uploads\/2025\/09\/AD-L03-1-800x800.webp 800w, https:\/\/mountlaser.com\/wp-content\/uploads\/2025\/09\/AD-L03-1-600x600.webp 600w, https:\/\/mountlaser.com\/wp-content\/uploads\/2025\/09\/AD-L03-1-150x150.webp 150w, https:\/\/mountlaser.com\/wp-content\/uploads\/2025\/09\/AD-L03-1-768x768.webp 768w, https:\/\/mountlaser.com\/wp-content\/uploads\/2025\/09\/AD-L03-1-12x12.webp 12w, https:\/\/mountlaser.com\/wp-content\/uploads\/2025\/09\/AD-L03-1.webp 1000w\" sizes=\"(max-width: 300px) 100vw, 300px\" \/><\/td>\n<td>Gwint M8 (nr cz\u0119\u015bci: 6601-03)<\/td>\n<\/tr>\n<tr>\n<td>AD-L04<\/td>\n<td><img loading=\"lazy\" decoding=\"async\" class=\"alignnone wp-image-2406\" src=\"https:\/\/mountlaser.com\/wp-content\/uploads\/2025\/09\/AD-L04-2-300x300.webp\" alt=\"\" width=\"210\" height=\"210\" srcset=\"https:\/\/mountlaser.com\/wp-content\/uploads\/2025\/09\/AD-L04-2-300x300.webp 300w, https:\/\/mountlaser.com\/wp-content\/uploads\/2025\/09\/AD-L04-2-400x400.webp 400w, https:\/\/mountlaser.com\/wp-content\/uploads\/2025\/09\/AD-L04-2-800x800.webp 800w, https:\/\/mountlaser.com\/wp-content\/uploads\/2025\/09\/AD-L04-2-600x600.webp 600w, https:\/\/mountlaser.com\/wp-content\/uploads\/2025\/09\/AD-L04-2-150x150.webp 150w, https:\/\/mountlaser.com\/wp-content\/uploads\/2025\/09\/AD-L04-2-768x768.webp 768w, https:\/\/mountlaser.com\/wp-content\/uploads\/2025\/09\/AD-L04-2-12x12.webp 12w, https:\/\/mountlaser.com\/wp-content\/uploads\/2025\/09\/AD-L04-2.webp 1000w\" sizes=\"(max-width: 210px) 100vw, 210px\" \/><\/td>\n<td>Gwint 3\/8\u2033-24<\/td>\n<\/tr>\n<tr>\n<td>AD-L05<\/td>\n<td><img loading=\"lazy\" decoding=\"async\" class=\"alignnone size-medium wp-image-2407\" src=\"https:\/\/mountlaser.com\/wp-content\/uploads\/2025\/09\/AD-L05-5-300x300.webp\" alt=\"\" width=\"300\" height=\"300\" srcset=\"https:\/\/mountlaser.com\/wp-content\/uploads\/2025\/09\/AD-L05-5-300x300.webp 300w, https:\/\/mountlaser.com\/wp-content\/uploads\/2025\/09\/AD-L05-5-400x400.webp 400w, https:\/\/mountlaser.com\/wp-content\/uploads\/2025\/09\/AD-L05-5-800x800.webp 800w, https:\/\/mountlaser.com\/wp-content\/uploads\/2025\/09\/AD-L05-5-600x600.webp 600w, https:\/\/mountlaser.com\/wp-content\/uploads\/2025\/09\/AD-L05-5-150x150.webp 150w, https:\/\/mountlaser.com\/wp-content\/uploads\/2025\/09\/AD-L05-5-768x768.webp 768w, https:\/\/mountlaser.com\/wp-content\/uploads\/2025\/09\/AD-L05-5-12x12.webp 12w, https:\/\/mountlaser.com\/wp-content\/uploads\/2025\/09\/AD-L05-5.webp 1000w\" sizes=\"(max-width: 300px) 100vw, 300px\" \/><\/td>\n<td>Gwint 5\/8\u2033-11 (nr cz\u0119\u015bci: 5113-012)<\/td>\n<\/tr>\n<tr>\n<td>AD-L10<\/td>\n<td><img loading=\"lazy\" decoding=\"async\" class=\"alignnone size-medium wp-image-2408\" src=\"https:\/\/mountlaser.com\/wp-content\/uploads\/2025\/09\/AD-L10-5-300x300.webp\" alt=\"\" width=\"300\" height=\"300\" srcset=\"https:\/\/mountlaser.com\/wp-content\/uploads\/2025\/09\/AD-L10-5-300x300.webp 300w, https:\/\/mountlaser.com\/wp-content\/uploads\/2025\/09\/AD-L10-5-400x400.webp 400w, https:\/\/mountlaser.com\/wp-content\/uploads\/2025\/09\/AD-L10-5-800x800.webp 800w, https:\/\/mountlaser.com\/wp-content\/uploads\/2025\/09\/AD-L10-5-600x600.webp 600w, https:\/\/mountlaser.com\/wp-content\/uploads\/2025\/09\/AD-L10-5-150x150.webp 150w, https:\/\/mountlaser.com\/wp-content\/uploads\/2025\/09\/AD-L10-5-768x768.webp 768w, https:\/\/mountlaser.com\/wp-content\/uploads\/2025\/09\/AD-L10-5-12x12.webp 12w, https:\/\/mountlaser.com\/wp-content\/uploads\/2025\/09\/AD-L10-5.webp 1000w\" sizes=\"(max-width: 300px) 100vw, 300px\" \/><\/td>\n<td>Gwint M8<\/td>\n<\/tr>\n<\/tbody>\n<\/table>","protected":false},"excerpt":{"rendered":"<ul>\n<li>Szybkie pod\u0142\u0105czanie\/od\u0142\u0105czanie: Mechanizm szybkiego zwalniania<\/li>\n<li>umo\u017cliwia szybki i \u0142atwy monta\u017c i demonta\u017c sprz\u0119tu.<\/li>\n<li>Bezpieczne blokowanie: zapewnia stabilne i stabilne po\u0142\u0105czenie, gwarantuj\u0105c dok\u0142adno\u015b\u0107 pomiaru.<\/li>\n<\/ul>","protected":false},"featured_media":2400,"comment_status":"open","ping_status":"closed","template":"","meta":[],"product_brand":[],"product_cat":[79,102],"product_tag":[],"class_list":{"0":"post-2396","1":"product","2":"type-product","3":"status-publish","4":"has-post-thumbnail","6":"product_cat-surveying-accessory","7":"product_cat-monitoring-adapter","9":"first","10":"instock","11":"shipping-taxable","12":"product-type-simple"},"_links":{"self":[{"href":"https:\/\/mountlaser.com\/pl\/wp-json\/wp\/v2\/product\/2396","targetHints":{"allow":["GET"]}}],"collection":[{"href":"https:\/\/mountlaser.com\/pl\/wp-json\/wp\/v2\/product"}],"about":[{"href":"https:\/\/mountlaser.com\/pl\/wp-json\/wp\/v2\/types\/product"}],"replies":[{"embeddable":true,"href":"https:\/\/mountlaser.com\/pl\/wp-json\/wp\/v2\/comments?post=2396"}],"wp:featuredmedia":[{"embeddable":true,"href":"https:\/\/mountlaser.com\/pl\/wp-json\/wp\/v2\/media\/2400"}],"wp:attachment":[{"href":"https:\/\/mountlaser.com\/pl\/wp-json\/wp\/v2\/media?parent=2396"}],"wp:term":[{"taxonomy":"product_brand","embeddable":true,"href":"https:\/\/mountlaser.com\/pl\/wp-json\/wp\/v2\/product_brand?post=2396"},{"taxonomy":"product_cat","embeddable":true,"href":"https:\/\/mountlaser.com\/pl\/wp-json\/wp\/v2\/product_cat?post=2396"},{"taxonomy":"product_tag","embeddable":true,"href":"https:\/\/mountlaser.com\/pl\/wp-json\/wp\/v2\/product_tag?post=2396"}],"curies":[{"name":"wp","href":"https:\/\/api.w.org\/{rel}","templated":true}]}}