{"id":2349,"date":"2025-09-29T07:59:48","date_gmt":"2025-09-29T07:59:48","guid":{"rendered":"https:\/\/mountlaser.com\/?post_type=product&#038;p=2349"},"modified":"2025-11-28T08:08:23","modified_gmt":"2025-11-28T08:08:23","slug":"gad31-swiss-screw-to-stub-adapter","status":"publish","type":"product","link":"https:\/\/mountlaser.com\/pl\/produkt\/gad31-swiss-screw-to-stub-adapter\/","title":{"rendered":"GAD31 Szwajcarski adapter \u015brubowy do czopu"},"content":{"rendered":"<p>Ten <a href=\"https:\/\/mountlaser.com\/pl\/\"><strong>Sprzedam adapter \u015brubowo-czopowy<\/strong><\/a> z naszej precyzyjnej linii produkt\u00f3w jest <a href=\"https:\/\/mountlaser.com\/pl\/products\/\"><strong>GAD31 Szwajcarski adapter \u015brubowy do czopu<\/strong><\/a>. To fachowo wykonane narz\u0119dzie jest niezb\u0119dne dla geodet\u00f3w, kt\u00f3rzy musz\u0105 \u0142\u0105czy\u0107 instrumenty ze standardowym gwintem \u017ce\u0144skim 5\/8\u2033-11 z kr\u00f3tkim gwintem m\u0119skim, powszechnie spotykanym w laserach budowlanych i specjalistycznych systemach monta\u017cowych. Zaprojektowany z renomowan\u0105 szwajcarsk\u0105 precyzj\u0105, ten szwajcarski adapter GAD31 ze \u015brub\u0105 i trzpieniem gwarantuje idealne, bezpieczne i niezawodne dopasowanie, eliminuj\u0105c luz i zapewniaj\u0105c dok\u0142adno\u015b\u0107 pomiaru.<\/p>\n<p><img fetchpriority=\"high\" decoding=\"async\" class=\"wp-image-2384 aligncenter\" src=\"https:\/\/mountlaser.com\/wp-content\/uploads\/2025\/09\/GAD314.webp\" alt=\"Screw-to-Stub Adapter for sale\" width=\"500\" height=\"500\" srcset=\"https:\/\/mountlaser.com\/wp-content\/uploads\/2025\/09\/GAD314.webp 800w, https:\/\/mountlaser.com\/wp-content\/uploads\/2025\/09\/GAD314-300x300.webp 300w, https:\/\/mountlaser.com\/wp-content\/uploads\/2025\/09\/GAD314-400x400.webp 400w, https:\/\/mountlaser.com\/wp-content\/uploads\/2025\/09\/GAD314-600x600.webp 600w, https:\/\/mountlaser.com\/wp-content\/uploads\/2025\/09\/GAD314-150x150.webp 150w, https:\/\/mountlaser.com\/wp-content\/uploads\/2025\/09\/GAD314-768x768.webp 768w, https:\/\/mountlaser.com\/wp-content\/uploads\/2025\/09\/GAD314-12x12.webp 12w\" sizes=\"(max-width: 500px) 100vw, 500px\" \/><\/p>\n<p>Je\u015bli szukasz wytrzyma\u0142ego i wszechstronnego adaptera \u015bruba-trzpie\u0144 na sprzeda\u017c,<a href=\"https:\/\/mountlaser.com\/pl\/contact-us\/\"> GAD31<\/a> (Nr cz\u0119\u015bci: 667217) to idealne rozwi\u0105zanie do bezproblemowej integracji w terenie. Ten wysokiej jako\u015bci adapter \u015brubowy do bolca dost\u0119pny w sprzeda\u017cy to niezb\u0119dny element wyposa\u017cenia dla profesjonalist\u00f3w ceni\u0105cych kompatybilno\u015b\u0107 i wydajno\u015b\u0107.<\/p>","protected":false},"excerpt":{"rendered":"<ul>\n<li>Solidna szwajcarska produkcja: Zbudowane wed\u0142ug rygorystycznych standard\u00f3w, aby zapewni\u0107 maksymaln\u0105 trwa\u0142o\u015b\u0107 i idealne dopasowanie.<\/li>\n<li>Standardowy gwint 5\/8\u2033-11: Posiada standardowy rozmiar gwintu zapewniaj\u0105cy szerok\u0105 kompatybilno\u015b\u0107 z r\u00f3\u017cnymi urz\u0105dzeniami pomiarowymi.<\/li>\n<li>Konstrukcja adaptera kr\u00f3\u0107ca: skutecznie przekszta\u0142ca \u017ce\u0144ski gwint 5\/8\u2033-11 w m\u0119ski gwint kr\u00f3\u0107ca przeznaczony do specjalistycznych instrument\u00f3w.<\/li>\n<\/ul>","protected":false},"featured_media":2381,"comment_status":"open","ping_status":"closed","template":"","meta":[],"product_brand":[],"product_cat":[79,102],"product_tag":[],"class_list":{"0":"post-2349","1":"product","2":"type-product","3":"status-publish","4":"has-post-thumbnail","6":"product_cat-surveying-accessory","7":"product_cat-monitoring-adapter","9":"first","10":"instock","11":"shipping-taxable","12":"product-type-simple"},"_links":{"self":[{"href":"https:\/\/mountlaser.com\/pl\/wp-json\/wp\/v2\/product\/2349","targetHints":{"allow":["GET"]}}],"collection":[{"href":"https:\/\/mountlaser.com\/pl\/wp-json\/wp\/v2\/product"}],"about":[{"href":"https:\/\/mountlaser.com\/pl\/wp-json\/wp\/v2\/types\/product"}],"replies":[{"embeddable":true,"href":"https:\/\/mountlaser.com\/pl\/wp-json\/wp\/v2\/comments?post=2349"}],"wp:featuredmedia":[{"embeddable":true,"href":"https:\/\/mountlaser.com\/pl\/wp-json\/wp\/v2\/media\/2381"}],"wp:attachment":[{"href":"https:\/\/mountlaser.com\/pl\/wp-json\/wp\/v2\/media?parent=2349"}],"wp:term":[{"taxonomy":"product_brand","embeddable":true,"href":"https:\/\/mountlaser.com\/pl\/wp-json\/wp\/v2\/product_brand?post=2349"},{"taxonomy":"product_cat","embeddable":true,"href":"https:\/\/mountlaser.com\/pl\/wp-json\/wp\/v2\/product_cat?post=2349"},{"taxonomy":"product_tag","embeddable":true,"href":"https:\/\/mountlaser.com\/pl\/wp-json\/wp\/v2\/product_tag?post=2349"}],"curies":[{"name":"wp","href":"https:\/\/api.w.org\/{rel}","templated":true}]}}