{"id":2284,"date":"2025-09-28T08:24:08","date_gmt":"2025-09-28T08:24:08","guid":{"rendered":"https:\/\/mountlaser.com\/?post_type=product&#038;p=2284"},"modified":"2025-11-28T08:15:40","modified_gmt":"2025-11-28T08:15:40","slug":"ad-s04-stainless-steel-adapter","status":"publish","type":"product","link":"https:\/\/mountlaser.com\/pl\/produkt\/ad-s04-stainless-steel-adapter\/","title":{"rendered":"Adapter ze stali nierdzewnej AD-S04"},"content":{"rendered":"<p>Ten <a href=\"https:\/\/mountlaser.com\/pl\/\"><strong>Monta\u017c lasera AD-S04<\/strong><\/a> jest to produkt klasy premium <a href=\"https:\/\/mountlaser.com\/pl\/products\/\"><strong>Adapter gwintu M8<\/strong><\/a> Zaprojektowany dla profesjonalist\u00f3w, kt\u00f3rzy wymagaj\u0105 solidnej kompatybilno\u015bci i niezmiennej wytrzyma\u0142o\u015bci w swoich systemach pomiarowych. Ten niezb\u0119dny adapter p\u0142ynnie \u0142\u0105czy standardowy w bran\u017cy gwint 5\/8\u2033-11 z uniwersalnym gwintem M8, czyni\u0105c go niezb\u0119dnym adapterem do integracji szerokiej gamy instrument\u00f3w i akcesori\u00f3w.<\/p>\n<p>Wykonany w ca\u0142o\u015bci z wysokiej jako\u015bci stali nierdzewnej, ten wytrzyma\u0142y <a href=\"https:\/\/mountlaser.com\/pl\/contact-us\/\">Adapter gwintu M8<\/a> Zosta\u0142 zaprojektowany z my\u015bl\u0105 o odporno\u015bci na korozj\u0119, zu\u017cycie i uderzenia, zapewniaj\u0105c niezawodn\u0105 prac\u0119 w najbardziej wymagaj\u0105cych warunkach terenowych. To idealne rozwi\u0105zanie do uzyskania bezpiecznego i precyzyjnego po\u0142\u0105czenia w konfiguracjach o mieszanym standardzie.<\/p>\n<p>&nbsp;<\/p>\n<p><img fetchpriority=\"high\" decoding=\"async\" class=\"wp-image-2286 aligncenter\" src=\"https:\/\/mountlaser.com\/wp-content\/uploads\/2025\/09\/IMG_0262_\u526f\u672c.webp\" alt=\"M8 thread Adapter\" width=\"500\" height=\"500\" srcset=\"https:\/\/mountlaser.com\/wp-content\/uploads\/2025\/09\/IMG_0262_\u526f\u672c.webp 800w, https:\/\/mountlaser.com\/wp-content\/uploads\/2025\/09\/IMG_0262_\u526f\u672c-300x300.webp 300w, https:\/\/mountlaser.com\/wp-content\/uploads\/2025\/09\/IMG_0262_\u526f\u672c-400x400.webp 400w, https:\/\/mountlaser.com\/wp-content\/uploads\/2025\/09\/IMG_0262_\u526f\u672c-600x600.webp 600w, https:\/\/mountlaser.com\/wp-content\/uploads\/2025\/09\/IMG_0262_\u526f\u672c-150x150.webp 150w, https:\/\/mountlaser.com\/wp-content\/uploads\/2025\/09\/IMG_0262_\u526f\u672c-768x768.webp 768w, https:\/\/mountlaser.com\/wp-content\/uploads\/2025\/09\/IMG_0262_\u526f\u672c-12x12.webp 12w\" sizes=\"(max-width: 500px) 100vw, 500px\" \/><\/p>\n<p>&nbsp;<\/p>\n<p><strong>Stosowa\u0107 z adapterem ze stali nierdzewnej AD-S04<\/strong><\/p>\n<p><img decoding=\"async\" class=\"wp-image-2220 size-full aligncenter\" src=\"https:\/\/mountlaser.com\/wp-content\/uploads\/2025\/09\/1-5.webp\" alt=\"\" width=\"614\" height=\"759\" srcset=\"https:\/\/mountlaser.com\/wp-content\/uploads\/2025\/09\/1-5.webp 614w, https:\/\/mountlaser.com\/wp-content\/uploads\/2025\/09\/1-5-600x742.webp 600w, https:\/\/mountlaser.com\/wp-content\/uploads\/2025\/09\/1-5-243x300.webp 243w, https:\/\/mountlaser.com\/wp-content\/uploads\/2025\/09\/1-5-10x12.webp 10w\" sizes=\"(max-width: 614px) 100vw, 614px\" \/><\/p>","protected":false},"excerpt":{"rendered":"<ul>\n<li>Zgodno\u015b\u0107 z r\u00f3\u017cnymi standardami gwint\u00f3w: Posiada gwint 5\/8\u2033-11 na jednym ko\u0144cu i M8 na drugim, co umo\u017cliwia \u0142\u0105czenie z r\u00f3\u017cnymi standardami gwint\u00f3w.<\/li>\n<li>Wykonanie ze stali nierdzewnej: zapewnia doskona\u0142\u0105 wytrzyma\u0142o\u015b\u0107 i doskona\u0142\u0105 odporno\u015b\u0107 na rdz\u0119 i korozj\u0119.<\/li>\n<\/ul>\n<p>&nbsp;<\/p>","protected":false},"featured_media":2288,"comment_status":"open","ping_status":"closed","template":"","meta":[],"product_brand":[],"product_cat":[79,102],"product_tag":[],"class_list":{"0":"post-2284","1":"product","2":"type-product","3":"status-publish","4":"has-post-thumbnail","6":"product_cat-surveying-accessory","7":"product_cat-monitoring-adapter","9":"first","10":"instock","11":"shipping-taxable","12":"product-type-simple"},"_links":{"self":[{"href":"https:\/\/mountlaser.com\/pl\/wp-json\/wp\/v2\/product\/2284","targetHints":{"allow":["GET"]}}],"collection":[{"href":"https:\/\/mountlaser.com\/pl\/wp-json\/wp\/v2\/product"}],"about":[{"href":"https:\/\/mountlaser.com\/pl\/wp-json\/wp\/v2\/types\/product"}],"replies":[{"embeddable":true,"href":"https:\/\/mountlaser.com\/pl\/wp-json\/wp\/v2\/comments?post=2284"}],"wp:featuredmedia":[{"embeddable":true,"href":"https:\/\/mountlaser.com\/pl\/wp-json\/wp\/v2\/media\/2288"}],"wp:attachment":[{"href":"https:\/\/mountlaser.com\/pl\/wp-json\/wp\/v2\/media?parent=2284"}],"wp:term":[{"taxonomy":"product_brand","embeddable":true,"href":"https:\/\/mountlaser.com\/pl\/wp-json\/wp\/v2\/product_brand?post=2284"},{"taxonomy":"product_cat","embeddable":true,"href":"https:\/\/mountlaser.com\/pl\/wp-json\/wp\/v2\/product_cat?post=2284"},{"taxonomy":"product_tag","embeddable":true,"href":"https:\/\/mountlaser.com\/pl\/wp-json\/wp\/v2\/product_tag?post=2284"}],"curies":[{"name":"wp","href":"https:\/\/api.w.org\/{rel}","templated":true}]}}