{"id":2277,"date":"2025-09-28T07:46:49","date_gmt":"2025-09-28T07:46:49","guid":{"rendered":"https:\/\/mountlaser.com\/?post_type=product&#038;p=2277"},"modified":"2025-11-28T08:17:32","modified_gmt":"2025-11-28T08:17:32","slug":"ad-s02-stainless-steel-adapter","status":"publish","type":"product","link":"https:\/\/mountlaser.com\/pl\/produkt\/ad-s02-stainless-steel-adapter\/","title":{"rendered":"Adapter ze stali nierdzewnej AD-S02"},"content":{"rendered":"<p>Ten <a href=\"https:\/\/mountlaser.com\/pl\/\"><strong>Adapter ze stali nierdzewnej AD-S02<\/strong><\/a> Adapter Mount Laser to wysokiej jako\u015bci adapter z gwintem 5\/8\u2033-11, zaprojektowany z my\u015bl\u0105 o wytrzyma\u0142o\u015bci i precyzji w wymagaj\u0105cych warunkach pomiarowych. Wykonany w ca\u0142o\u015bci ze stali nierdzewnej, ten wytrzyma\u0142y <a href=\"https:\/\/mountlaser.com\/pl\/products\/\"><strong>Adapter gwintu 5\/8\u2033-11<\/strong> <\/a>zapewnia lepsz\u0105 odporno\u015b\u0107 na korozj\u0119, zu\u017cycie i uderzenia w por\u00f3wnaniu ze standardowymi modelami aluminiowymi.<\/p>\n<p><img fetchpriority=\"high\" decoding=\"async\" class=\"wp-image-2281 aligncenter\" src=\"https:\/\/mountlaser.com\/wp-content\/uploads\/2025\/09\/AD-S02-5.webp\" alt=\"5\/8&quot;-11 thread Adapter\" width=\"500\" height=\"500\" srcset=\"https:\/\/mountlaser.com\/wp-content\/uploads\/2025\/09\/AD-S02-5.webp 1000w, https:\/\/mountlaser.com\/wp-content\/uploads\/2025\/09\/AD-S02-5-300x300.webp 300w, https:\/\/mountlaser.com\/wp-content\/uploads\/2025\/09\/AD-S02-5-400x400.webp 400w, https:\/\/mountlaser.com\/wp-content\/uploads\/2025\/09\/AD-S02-5-800x800.webp 800w, https:\/\/mountlaser.com\/wp-content\/uploads\/2025\/09\/AD-S02-5-600x600.webp 600w, https:\/\/mountlaser.com\/wp-content\/uploads\/2025\/09\/AD-S02-5-150x150.webp 150w, https:\/\/mountlaser.com\/wp-content\/uploads\/2025\/09\/AD-S02-5-768x768.webp 768w, https:\/\/mountlaser.com\/wp-content\/uploads\/2025\/09\/AD-S02-5-12x12.webp 12w\" sizes=\"(max-width: 500px) 100vw, 500px\" \/><br \/>\nZosta\u0142 zaprojektowany, aby zapewni\u0107 bezpieczne i niezawodne po\u0142\u0105czenie dla Twojego sprz\u0119tu geodezyjnego i pomiarowego, gwarantuj\u0105c d\u0142ugotrwa\u0142\u0105 dok\u0142adno\u015b\u0107. Gdy Twoje projekty wymagaj\u0105 niezawodnej wydajno\u015bci w trudnych warunkach, ten adapter ze stali nierdzewnej 5\/8\u2033-11 i gwintem M8 to idealny wyb\u00f3r dla profesjonalist\u00f3w, kt\u00f3rzy nie id\u0105 na kompromis w kwestii jako\u015bci.<\/p>\n<p>&nbsp;<\/p>\n<p><strong>Stosowa\u0107 z adapterem ze stali nierdzewnej AD-S02<\/strong><\/p>\n<p><img decoding=\"async\" class=\"wp-image-2220 size-full aligncenter\" src=\"https:\/\/mountlaser.com\/wp-content\/uploads\/2025\/09\/1-5.webp\" alt=\"\" width=\"614\" height=\"759\" srcset=\"https:\/\/mountlaser.com\/wp-content\/uploads\/2025\/09\/1-5.webp 614w, https:\/\/mountlaser.com\/wp-content\/uploads\/2025\/09\/1-5-600x742.webp 600w, https:\/\/mountlaser.com\/wp-content\/uploads\/2025\/09\/1-5-243x300.webp 243w, https:\/\/mountlaser.com\/wp-content\/uploads\/2025\/09\/1-5-10x12.webp 10w\" sizes=\"(max-width: 614px) 100vw, 614px\" \/><\/p>\n<p>&nbsp;<\/p>","protected":false},"excerpt":{"rendered":"<ul>\n<li>Materia\u0142 najwy\u017cszej jako\u015bci: Wykonany z wysokiej jako\u015bci stali nierdzewnej zapewniaj\u0105cej maksymaln\u0105 trwa\u0142o\u015b\u0107.<\/li>\n<li>Precyzyjne gwintowanie: Posiada standardowy gwint 5\/8\u2033-11 zapewniaj\u0105cy uniwersaln\u0105 kompatybilno\u015b\u0107 ze statywami i instrumentami.<\/li>\n<li>Odporno\u015b\u0107 na korozj\u0119: Idealne do stosowania w trudnych warunkach lub na zewn\u0105trz, gdzie problemem mo\u017ce by\u0107 wilgo\u0107.<\/li>\n<\/ul>","protected":false},"featured_media":2280,"comment_status":"open","ping_status":"closed","template":"","meta":[],"product_brand":[],"product_cat":[79,102],"product_tag":[],"class_list":{"0":"post-2277","1":"product","2":"type-product","3":"status-publish","4":"has-post-thumbnail","6":"product_cat-surveying-accessory","7":"product_cat-monitoring-adapter","9":"first","10":"instock","11":"shipping-taxable","12":"product-type-simple"},"_links":{"self":[{"href":"https:\/\/mountlaser.com\/pl\/wp-json\/wp\/v2\/product\/2277","targetHints":{"allow":["GET"]}}],"collection":[{"href":"https:\/\/mountlaser.com\/pl\/wp-json\/wp\/v2\/product"}],"about":[{"href":"https:\/\/mountlaser.com\/pl\/wp-json\/wp\/v2\/types\/product"}],"replies":[{"embeddable":true,"href":"https:\/\/mountlaser.com\/pl\/wp-json\/wp\/v2\/comments?post=2277"}],"wp:featuredmedia":[{"embeddable":true,"href":"https:\/\/mountlaser.com\/pl\/wp-json\/wp\/v2\/media\/2280"}],"wp:attachment":[{"href":"https:\/\/mountlaser.com\/pl\/wp-json\/wp\/v2\/media?parent=2277"}],"wp:term":[{"taxonomy":"product_brand","embeddable":true,"href":"https:\/\/mountlaser.com\/pl\/wp-json\/wp\/v2\/product_brand?post=2277"},{"taxonomy":"product_cat","embeddable":true,"href":"https:\/\/mountlaser.com\/pl\/wp-json\/wp\/v2\/product_cat?post=2277"},{"taxonomy":"product_tag","embeddable":true,"href":"https:\/\/mountlaser.com\/pl\/wp-json\/wp\/v2\/product_tag?post=2277"}],"curies":[{"name":"wp","href":"https:\/\/api.w.org\/{rel}","templated":true}]}}