{"id":2272,"date":"2025-09-28T07:09:01","date_gmt":"2025-09-28T07:09:01","guid":{"rendered":"https:\/\/mountlaser.com\/?post_type=product&#038;p=2272"},"modified":"2025-11-28T08:25:31","modified_gmt":"2025-11-28T08:25:31","slug":"ad-s01-adapter","status":"publish","type":"product","link":"https:\/\/mountlaser.com\/pl\/produkt\/ad-s01-adapter\/","title":{"rendered":"Adapter AD-S01"},"content":{"rendered":"<p>Ten <a href=\"https:\/\/mountlaser.com\/pl\/products\/\"><strong>Adapter AD-S01<\/strong><\/a> To precyzyjnie zaprojektowany akcesorium monitoruj\u0105ce przeznaczone do profesjonalnych zastosowa\u0144 geodezyjnych i monitoringu konstrukcji. Wyposa\u017cony w solidny adapter m\u0119ski Double 5\/8\u2033-11, adapter AD-S01 zapewnia bezpieczny, stabilny i wysoce kompatybilny monta\u017c mi\u0119dzy pryzmatami, wspornikami, masztami i elementami monitoruj\u0105cymi. Dwugwintowa konstrukcja zwi\u0119ksza wszechstronno\u015b\u0107, umo\u017cliwiaj\u0105c p\u0142ynn\u0105 integracj\u0119 z szerok\u0105 gam\u0105 sprz\u0119tu terenowego.<\/p>\n<p><img fetchpriority=\"high\" decoding=\"async\" class=\"aligncenter wp-image-2276\" src=\"https:\/\/mountlaser.com\/wp-content\/uploads\/2025\/09\/AD-S01-4-1.webp\" alt=\"Double 5\/8&quot;-11 Male Adapter\" width=\"500\" height=\"500\" srcset=\"https:\/\/mountlaser.com\/wp-content\/uploads\/2025\/09\/AD-S01-4-1.webp 1000w, https:\/\/mountlaser.com\/wp-content\/uploads\/2025\/09\/AD-S01-4-1-300x300.webp 300w, https:\/\/mountlaser.com\/wp-content\/uploads\/2025\/09\/AD-S01-4-1-400x400.webp 400w, https:\/\/mountlaser.com\/wp-content\/uploads\/2025\/09\/AD-S01-4-1-800x800.webp 800w, https:\/\/mountlaser.com\/wp-content\/uploads\/2025\/09\/AD-S01-4-1-600x600.webp 600w, https:\/\/mountlaser.com\/wp-content\/uploads\/2025\/09\/AD-S01-4-1-150x150.webp 150w, https:\/\/mountlaser.com\/wp-content\/uploads\/2025\/09\/AD-S01-4-1-768x768.webp 768w, https:\/\/mountlaser.com\/wp-content\/uploads\/2025\/09\/AD-S01-4-1-12x12.webp 12w\" sizes=\"(max-width: 500px) 100vw, 500px\" \/><\/p>\n<p>Dzi\u0119ki solidnej metalowej konstrukcji i odpornemu na korozj\u0119 wyko\u0144czeniu, adapter Double 5\/8\u2033-11 m\u0119ski zapewnia d\u0142ugotrwa\u0142\u0105 niezawodno\u015b\u0107 nawet w trudnych warunkach zewn\u0119trznych. Niezale\u017cnie od tego, czy jest u\u017cywany w instalacjach sta\u0142ych, czy w mobilnych systemach monitoringu, <a href=\"https:\/\/mountlaser.com\/pl\/contact-us\/\">Podw\u00f3jny adapter m\u0119ski 5\/8\u2033-11<\/a> Zapewnia sta\u0142\u0105 dok\u0142adno\u015b\u0107 ustawienia i niezawodn\u0105 wytrzyma\u0142o\u015b\u0107 mechaniczn\u0105. Adapter AD-S01 to niezb\u0119dny element dla geodet\u00f3w poszukuj\u0105cych trwa\u0142o\u015bci, kompatybilno\u015bci i precyzyjnej integracji systemu w zastosowaniach monitoruj\u0105cych.<\/p>","protected":false},"excerpt":{"rendered":"<ul>\n<li>Podw\u00f3jne z\u0142\u0105cze m\u0119skie: Posiada dwa zewn\u0119trzne gwinty m\u0119skie 5\/8\u2033-11 do pod\u0142\u0105czania element\u00f3w z gwintem \u017ce\u0144skim.<\/li>\n<li>Precyzyjne gwintowanie: Zaprojektowane z zachowaniem wysokich tolerancji, aby zapewni\u0107 bezpieczne po\u0142\u0105czenie bez ryzyka przekr\u0119cenia gwintu.<\/li>\n<\/ul>","protected":false},"featured_media":2273,"comment_status":"open","ping_status":"closed","template":"","meta":[],"product_brand":[],"product_cat":[79,102],"product_tag":[],"class_list":{"0":"post-2272","1":"product","2":"type-product","3":"status-publish","4":"has-post-thumbnail","6":"product_cat-surveying-accessory","7":"product_cat-monitoring-adapter","9":"first","10":"instock","11":"shipping-taxable","12":"product-type-simple"},"_links":{"self":[{"href":"https:\/\/mountlaser.com\/pl\/wp-json\/wp\/v2\/product\/2272","targetHints":{"allow":["GET"]}}],"collection":[{"href":"https:\/\/mountlaser.com\/pl\/wp-json\/wp\/v2\/product"}],"about":[{"href":"https:\/\/mountlaser.com\/pl\/wp-json\/wp\/v2\/types\/product"}],"replies":[{"embeddable":true,"href":"https:\/\/mountlaser.com\/pl\/wp-json\/wp\/v2\/comments?post=2272"}],"wp:featuredmedia":[{"embeddable":true,"href":"https:\/\/mountlaser.com\/pl\/wp-json\/wp\/v2\/media\/2273"}],"wp:attachment":[{"href":"https:\/\/mountlaser.com\/pl\/wp-json\/wp\/v2\/media?parent=2272"}],"wp:term":[{"taxonomy":"product_brand","embeddable":true,"href":"https:\/\/mountlaser.com\/pl\/wp-json\/wp\/v2\/product_brand?post=2272"},{"taxonomy":"product_cat","embeddable":true,"href":"https:\/\/mountlaser.com\/pl\/wp-json\/wp\/v2\/product_cat?post=2272"},{"taxonomy":"product_tag","embeddable":true,"href":"https:\/\/mountlaser.com\/pl\/wp-json\/wp\/v2\/product_tag?post=2272"}],"curies":[{"name":"wp","href":"https:\/\/api.w.org\/{rel}","templated":true}]}}