{"id":2267,"date":"2025-09-28T03:31:47","date_gmt":"2025-09-28T03:31:47","guid":{"rendered":"https:\/\/mountlaser.com\/?post_type=product&#038;p=2267"},"modified":"2025-11-28T08:28:58","modified_gmt":"2025-11-28T08:28:58","slug":"ad-f01-double-female-adapter","status":"publish","type":"product","link":"https:\/\/mountlaser.com\/pl\/produkt\/ad-f01-double-female-adapter\/","title":{"rendered":"Podw\u00f3jny adapter \u017ce\u0144ski AD-F01"},"content":{"rendered":"<p>Ten <a href=\"https:\/\/mountlaser.com\/pl\/products\/\"><strong>Podw\u00f3jny adapter \u017ce\u0144ski Mountlaser 5\/8\u2033-11<\/strong><\/a> (Nr kat.: 5181-00) to niezb\u0119dne rozwi\u0105zanie w zakresie \u0142\u0105czno\u015bci dla precyzyjnych system\u00f3w pomiarowych. Ten wszechstronny adapter posiada gwint \u017ce\u0144ski na obu ko\u0144cach i zosta\u0142 zaprojektowany z my\u015bl\u0105 o \u0142\u0105czeniu dw\u00f3ch element\u00f3w z gwintem m\u0119skim, takich jak statywy i r\u00f3\u017cnego rodzaju instrumenty.<\/p>\n<p><img fetchpriority=\"high\" decoding=\"async\" class=\"wp-image-2270 aligncenter\" src=\"https:\/\/mountlaser.com\/wp-content\/uploads\/2025\/09\/IMG_5059_\u526f\u672c.webp\" alt=\"Double Female Adapter\" width=\"500\" height=\"500\" srcset=\"https:\/\/mountlaser.com\/wp-content\/uploads\/2025\/09\/IMG_5059_\u526f\u672c.webp 800w, https:\/\/mountlaser.com\/wp-content\/uploads\/2025\/09\/IMG_5059_\u526f\u672c-300x300.webp 300w, https:\/\/mountlaser.com\/wp-content\/uploads\/2025\/09\/IMG_5059_\u526f\u672c-400x400.webp 400w, https:\/\/mountlaser.com\/wp-content\/uploads\/2025\/09\/IMG_5059_\u526f\u672c-600x600.webp 600w, https:\/\/mountlaser.com\/wp-content\/uploads\/2025\/09\/IMG_5059_\u526f\u672c-150x150.webp 150w, https:\/\/mountlaser.com\/wp-content\/uploads\/2025\/09\/IMG_5059_\u526f\u672c-768x768.webp 768w, https:\/\/mountlaser.com\/wp-content\/uploads\/2025\/09\/IMG_5059_\u526f\u672c-12x12.webp 12w\" sizes=\"(max-width: 500px) 100vw, 500px\" \/><br \/>\nDzi\u0119ki solidnej konstrukcji i kompaktowej wysoko\u015bci 38 mm, <a href=\"https:\/\/mountlaser.com\/pl\/contact-us\/\"><strong>Podw\u00f3jny adapter \u017ce\u0144ski<\/strong><\/a> zapewnia bezpieczne i stabilne po\u0142\u0105czenie, skutecznie rozszerzaj\u0105c konfiguracj\u0119 bez utraty dok\u0142adno\u015bci. Dla profesjonalist\u00f3w poszukuj\u0105cych niezawodnych i wysokiej jako\u015bci akcesori\u00f3w pomiarowych, adapter Mountlaser Double 5\/8\u2033-11 Female to idealny wyb\u00f3r do z\u0142o\u017conych konfiguracji.<\/p>","protected":false},"excerpt":{"rendered":"<ul>\n<li>Podw\u00f3jne z\u0142\u0105cze \u017ce\u0144skie: Posiada dwa gwinty \u017ce\u0144skie 5\/8\u2033-11 do \u0142\u0105czenia element\u00f3w z gwintem m\u0119skim.<\/li>\n<li>Kompaktowa konstrukcja: Wysoko\u015b\u0107 zaledwie 38 mm zapewnia przed\u0142u\u017cenie o niskim profilu.<\/li>\n<\/ul>","protected":false},"featured_media":2268,"comment_status":"open","ping_status":"closed","template":"","meta":[],"product_brand":[],"product_cat":[79,102],"product_tag":[],"class_list":{"0":"post-2267","1":"product","2":"type-product","3":"status-publish","4":"has-post-thumbnail","6":"product_cat-surveying-accessory","7":"product_cat-monitoring-adapter","9":"first","10":"instock","11":"shipping-taxable","12":"product-type-simple"},"_links":{"self":[{"href":"https:\/\/mountlaser.com\/pl\/wp-json\/wp\/v2\/product\/2267","targetHints":{"allow":["GET"]}}],"collection":[{"href":"https:\/\/mountlaser.com\/pl\/wp-json\/wp\/v2\/product"}],"about":[{"href":"https:\/\/mountlaser.com\/pl\/wp-json\/wp\/v2\/types\/product"}],"replies":[{"embeddable":true,"href":"https:\/\/mountlaser.com\/pl\/wp-json\/wp\/v2\/comments?post=2267"}],"wp:featuredmedia":[{"embeddable":true,"href":"https:\/\/mountlaser.com\/pl\/wp-json\/wp\/v2\/media\/2268"}],"wp:attachment":[{"href":"https:\/\/mountlaser.com\/pl\/wp-json\/wp\/v2\/media?parent=2267"}],"wp:term":[{"taxonomy":"product_brand","embeddable":true,"href":"https:\/\/mountlaser.com\/pl\/wp-json\/wp\/v2\/product_brand?post=2267"},{"taxonomy":"product_cat","embeddable":true,"href":"https:\/\/mountlaser.com\/pl\/wp-json\/wp\/v2\/product_cat?post=2267"},{"taxonomy":"product_tag","embeddable":true,"href":"https:\/\/mountlaser.com\/pl\/wp-json\/wp\/v2\/product_tag?post=2267"}],"curies":[{"name":"wp","href":"https:\/\/api.w.org\/{rel}","templated":true}]}}