{"id":2250,"date":"2025-09-26T09:25:24","date_gmt":"2025-09-26T09:25:24","guid":{"rendered":"https:\/\/mountlaser.com\/?post_type=product&#038;p=2250"},"modified":"2025-11-28T08:50:32","modified_gmt":"2025-11-28T08:50:32","slug":"bc02-23-galvanised-steel-beam-clamp","status":"publish","type":"product","link":"https:\/\/mountlaser.com\/pl\/produkt\/bc02-23-galvanised-steel-beam-clamp\/","title":{"rendered":"BC02-23 Zacisk belki ze stali ocynkowanej"},"content":{"rendered":"<p>Wszechstronny i wytrzyma\u0142y monta\u017c z uniwersalnym zaciskiem belkowym BC02-23<\/p>\n<p>Ten <a href=\"https:\/\/mountlaser.com\/pl\/\"><strong>BC02-23 Zacisk belki ze stali ocynkowanej<\/strong><\/a> To niezb\u0119dne narz\u0119dzie dla geodet\u00f3w i in\u017cynier\u00f3w, kt\u00f3rzy potrzebuj\u0105 bezpiecznego i regulowanego rozwi\u0105zania monta\u017cowego do belek stalowych konstrukcji. Ten produkt jest doskona\u0142ym przyk\u0142adem praktycznych rozmiar\u00f3w zacisk\u00f3w belek ze stali ocynkowanej, zaprojektowanych specjalnie do belek o szeroko\u015bci ko\u0142nierza 0-23 mm. Jego innowacyjna konstrukcja sprawia, \u017ce jest to prawdziwie uniwersalny zacisk belek, oferuj\u0105cy wyj\u0105tkow\u0105 wszechstronno\u015b\u0107 w r\u00f3\u017cnych miejscach pracy.<\/p>\n<p>Funkcjonowanie jako wysoce adaptowalny <a href=\"https:\/\/mountlaser.com\/pl\/products\/\"><strong>Uniwersalny zacisk belki<\/strong><\/a>, BC02-23 mo\u017cna szybko zamontowa\u0107 bez wiercenia ani spawania, zachowuj\u0105c integralno\u015b\u0107 belki. Posiada standardowy otw\u00f3r gwintowany M8, umo\u017cliwiaj\u0105cy \u0142atwy monta\u017c r\u00f3\u017cnych akcesori\u00f3w geodezyjnych, takich jak pryzmaty, anteny czy czujniki.<\/p>\n<p>&nbsp;<\/p>\n<p><img fetchpriority=\"high\" decoding=\"async\" class=\"wp-image-2252 aligncenter\" src=\"https:\/\/mountlaser.com\/wp-content\/uploads\/2025\/09\/IMG_6836_\u526f\u672c.webp\" alt=\"Universal Beam Clamp\" width=\"500\" height=\"500\" srcset=\"https:\/\/mountlaser.com\/wp-content\/uploads\/2025\/09\/IMG_6836_\u526f\u672c.webp 800w, https:\/\/mountlaser.com\/wp-content\/uploads\/2025\/09\/IMG_6836_\u526f\u672c-300x300.webp 300w, https:\/\/mountlaser.com\/wp-content\/uploads\/2025\/09\/IMG_6836_\u526f\u672c-400x400.webp 400w, https:\/\/mountlaser.com\/wp-content\/uploads\/2025\/09\/IMG_6836_\u526f\u672c-600x600.webp 600w, https:\/\/mountlaser.com\/wp-content\/uploads\/2025\/09\/IMG_6836_\u526f\u672c-150x150.webp 150w, https:\/\/mountlaser.com\/wp-content\/uploads\/2025\/09\/IMG_6836_\u526f\u672c-768x768.webp 768w, https:\/\/mountlaser.com\/wp-content\/uploads\/2025\/09\/IMG_6836_\u526f\u672c-12x12.webp 12w\" sizes=\"(max-width: 500px) 100vw, 500px\" \/><\/p>\n<p>Zacisk wykonany jest z wysokowytrzyma\u0142ej stali i pokryty pow\u0142ok\u0105 ocynkowan\u0105 ogniowo, co zapewnia doskona\u0142\u0105 odporno\u015b\u0107 na rdz\u0119 i korozj\u0119, co jest kluczowe w przypadku d\u0142ugotrwa\u0142ych zastosowa\u0144 zewn\u0119trznych lub przemys\u0142owych. Wybieraj\u0105c spo\u015br\u00f3d r\u00f3\u017cnych rozmiar\u00f3w zacisk\u00f3w belek ze stali ocynkowanej, <a href=\"https:\/\/mountlaser.com\/pl\/contact-us\/\">BC02-23<\/a> jest idealnym wyborem do zastosowa\u0144 o ma\u0142ym i \u015brednim obci\u0105\u017ceniu na belkach o standardowych rozmiarach.<\/p>\n<p><strong>Stosowa\u0107 z zaciskiem belki ze stali ocynkowanej BC02-23<\/strong><\/p>\n<p><img decoding=\"async\" class=\"wp-image-2220 size-full aligncenter\" src=\"https:\/\/mountlaser.com\/wp-content\/uploads\/2025\/09\/1-5.webp\" alt=\"\" width=\"614\" height=\"759\" srcset=\"https:\/\/mountlaser.com\/wp-content\/uploads\/2025\/09\/1-5.webp 614w, https:\/\/mountlaser.com\/wp-content\/uploads\/2025\/09\/1-5-600x742.webp 600w, https:\/\/mountlaser.com\/wp-content\/uploads\/2025\/09\/1-5-243x300.webp 243w, https:\/\/mountlaser.com\/wp-content\/uploads\/2025\/09\/1-5-10x12.webp 10w\" sizes=\"(max-width: 614px) 100vw, 614px\" \/><\/p>","protected":false},"excerpt":{"rendered":"<ul>\n<li>Uniwersalny monta\u017c: zapewnia bezpieczny, nieinwazyjny punkt mocowania na belkach stalowych o szeroko\u015bci ko\u0142nierza do 23 mm.<\/li>\n<li>Zgodno\u015b\u0107 z gwintem M8: Zintegrowany gwint M8 umo\u017cliwia standardowe pod\u0142\u0105czenie szerokiej gamy urz\u0105dze\u0144 i akcesori\u00f3w geodezyjnych.<\/li>\n<\/ul>","protected":false},"featured_media":2251,"comment_status":"open","ping_status":"closed","template":"","meta":[],"product_brand":[],"product_cat":[79,102],"product_tag":[],"class_list":{"0":"post-2250","1":"product","2":"type-product","3":"status-publish","4":"has-post-thumbnail","6":"product_cat-surveying-accessory","7":"product_cat-monitoring-adapter","9":"first","10":"instock","11":"shipping-taxable","12":"product-type-simple"},"_links":{"self":[{"href":"https:\/\/mountlaser.com\/pl\/wp-json\/wp\/v2\/product\/2250","targetHints":{"allow":["GET"]}}],"collection":[{"href":"https:\/\/mountlaser.com\/pl\/wp-json\/wp\/v2\/product"}],"about":[{"href":"https:\/\/mountlaser.com\/pl\/wp-json\/wp\/v2\/types\/product"}],"replies":[{"embeddable":true,"href":"https:\/\/mountlaser.com\/pl\/wp-json\/wp\/v2\/comments?post=2250"}],"wp:featuredmedia":[{"embeddable":true,"href":"https:\/\/mountlaser.com\/pl\/wp-json\/wp\/v2\/media\/2251"}],"wp:attachment":[{"href":"https:\/\/mountlaser.com\/pl\/wp-json\/wp\/v2\/media?parent=2250"}],"wp:term":[{"taxonomy":"product_brand","embeddable":true,"href":"https:\/\/mountlaser.com\/pl\/wp-json\/wp\/v2\/product_brand?post=2250"},{"taxonomy":"product_cat","embeddable":true,"href":"https:\/\/mountlaser.com\/pl\/wp-json\/wp\/v2\/product_cat?post=2250"},{"taxonomy":"product_tag","embeddable":true,"href":"https:\/\/mountlaser.com\/pl\/wp-json\/wp\/v2\/product_tag?post=2250"}],"curies":[{"name":"wp","href":"https:\/\/api.w.org\/{rel}","templated":true}]}}