{"id":2243,"date":"2025-09-26T09:14:59","date_gmt":"2025-09-26T09:14:59","guid":{"rendered":"https:\/\/mountlaser.com\/?post_type=product&#038;p=2243"},"modified":"2025-12-01T01:17:53","modified_gmt":"2025-12-01T01:17:53","slug":"wa30-40-wall-anchor","status":"publish","type":"product","link":"https:\/\/mountlaser.com\/pl\/produkt\/wa30-40-wall-anchor\/","title":{"rendered":"Kotwa \u015bcienna WA30\/40"},"content":{"rendered":"<p>Ten <a href=\"https:\/\/mountlaser.com\/pl\/kategoria-produktu\/surveying-accessory\/\"><strong>Kotwa \u015bcienna WA30\/40<\/strong><\/a> Zapewnia niezawodny i trwa\u0142y punkt mocowania dla r\u00f3\u017cnorodnych akcesori\u00f3w geodezyjnych na betonie, cegle i innych twardych powierzchniach. Ten niezb\u0119dny <a href=\"https:\/\/mountlaser.com\/pl\/\"><strong>zestaw do kotwienia \u015bciennego<\/strong><\/a> zawiera dwie wytrzyma\u0142e kotwy, kotw\u0119 \u015bcienn\u0105 WA-30 z gwintem M8 i kotw\u0119 \u015bcienn\u0105 WA-40 z gwintem M8, zapewniaj\u0105c elastyczno\u015b\u0107 w przypadku r\u00f3\u017cnych wymaga\u0144 dotycz\u0105cych g\u0142\u0119boko\u015bci monta\u017cu.<\/p>\n<p>Obie kotwy w tym zestawie maj\u0105 standardowy gwint wewn\u0119trzny M8, co zapewnia kompatybilno\u015b\u0107 z szerok\u0105 gam\u0105 uchwyt\u00f3w, s\u0142up\u00f3w i adapter\u00f3w.<\/p>\n<p>Kluczowa r\u00f3\u017cnica w zestawie kotew \u015bciennych polega na ich ca\u0142kowitej wysoko\u015bci: <a href=\"https:\/\/mountlaser.com\/pl\/contact-us\/\">Kotwa \u015bcienna WA-30<\/a> Gwint M8 ma 30 mm, a kotwa \u015bcienna WA-40 z gwintem M8 ma wysoko\u015b\u0107 40 mm, dzi\u0119ki czemu nadaje si\u0119 do zastosowa\u0144 wymagaj\u0105cych g\u0142\u0119bszego osadzenia dla zwi\u0119kszenia stabilno\u015bci. Wykonane z materia\u0142\u00f3w o wysokiej wytrzyma\u0142o\u015bci, kotwy te zosta\u0142y zaprojektowane z my\u015bl\u0105 o trwa\u0142o\u015bci i d\u0142ugotrwa\u0142ej wydajno\u015bci w warunkach zewn\u0119trznych.<\/p>\n<p><img fetchpriority=\"high\" decoding=\"async\" class=\"aligncenter wp-image-2245\" src=\"https:\/\/mountlaser.com\/wp-content\/uploads\/2025\/09\/WA-40-3.webp\" alt=\"wall anchor kit\" width=\"500\" height=\"500\" srcset=\"https:\/\/mountlaser.com\/wp-content\/uploads\/2025\/09\/WA-40-3.webp 1000w, https:\/\/mountlaser.com\/wp-content\/uploads\/2025\/09\/WA-40-3-300x300.webp 300w, https:\/\/mountlaser.com\/wp-content\/uploads\/2025\/09\/WA-40-3-400x400.webp 400w, https:\/\/mountlaser.com\/wp-content\/uploads\/2025\/09\/WA-40-3-800x800.webp 800w, https:\/\/mountlaser.com\/wp-content\/uploads\/2025\/09\/WA-40-3-600x600.webp 600w, https:\/\/mountlaser.com\/wp-content\/uploads\/2025\/09\/WA-40-3-150x150.webp 150w, https:\/\/mountlaser.com\/wp-content\/uploads\/2025\/09\/WA-40-3-768x768.webp 768w, https:\/\/mountlaser.com\/wp-content\/uploads\/2025\/09\/WA-40-3-12x12.webp 12w\" sizes=\"(max-width: 500px) 100vw, 500px\" \/><\/p>\n<p>&nbsp;<\/p>\n<p><strong>Stosowa\u0107 z kotw\u0105 \u015bcienn\u0105 WA30\/40<\/strong><\/p>\n<p><img decoding=\"async\" class=\"wp-image-2220 size-full aligncenter\" src=\"https:\/\/mountlaser.com\/wp-content\/uploads\/2025\/09\/1-5.webp\" alt=\"\" width=\"614\" height=\"759\" srcset=\"https:\/\/mountlaser.com\/wp-content\/uploads\/2025\/09\/1-5.webp 614w, https:\/\/mountlaser.com\/wp-content\/uploads\/2025\/09\/1-5-600x742.webp 600w, https:\/\/mountlaser.com\/wp-content\/uploads\/2025\/09\/1-5-243x300.webp 243w, https:\/\/mountlaser.com\/wp-content\/uploads\/2025\/09\/1-5-10x12.webp 10w\" sizes=\"(max-width: 614px) 100vw, 614px\" \/><\/p>","protected":false},"excerpt":{"rendered":"<ul>\n<li>Zaprojektowane w celu stworzenia bezpiecznego i nieruchomego punktu mocowania sprz\u0119tu geodezyjnego na solidnych \u015bcianach lub konstrukcjach.<\/li>\n<li>Zestaw dost\u0119pny jest w wersjach o wysoko\u015bci 30 mm i 40 mm (WA-30 i WA-40), co pozwala dostosowa\u0107 go do r\u00f3\u017cnych warunk\u00f3w powierzchni i potrzeb w zakresie stabilno\u015bci.<\/li>\n<li>Standaryzowany gwint M8 pozwala na \u0142atwe mocowanie wielu akcesori\u00f3w i element\u00f3w wyposa\u017cenia geodezyjnego.<\/li>\n<\/ul>","protected":false},"featured_media":2244,"comment_status":"open","ping_status":"closed","template":"","meta":[],"product_brand":[],"product_cat":[79,102],"product_tag":[],"class_list":{"0":"post-2243","1":"product","2":"type-product","3":"status-publish","4":"has-post-thumbnail","6":"product_cat-surveying-accessory","7":"product_cat-monitoring-adapter","9":"first","10":"instock","11":"shipping-taxable","12":"product-type-simple"},"_links":{"self":[{"href":"https:\/\/mountlaser.com\/pl\/wp-json\/wp\/v2\/product\/2243","targetHints":{"allow":["GET"]}}],"collection":[{"href":"https:\/\/mountlaser.com\/pl\/wp-json\/wp\/v2\/product"}],"about":[{"href":"https:\/\/mountlaser.com\/pl\/wp-json\/wp\/v2\/types\/product"}],"replies":[{"embeddable":true,"href":"https:\/\/mountlaser.com\/pl\/wp-json\/wp\/v2\/comments?post=2243"}],"wp:featuredmedia":[{"embeddable":true,"href":"https:\/\/mountlaser.com\/pl\/wp-json\/wp\/v2\/media\/2244"}],"wp:attachment":[{"href":"https:\/\/mountlaser.com\/pl\/wp-json\/wp\/v2\/media?parent=2243"}],"wp:term":[{"taxonomy":"product_brand","embeddable":true,"href":"https:\/\/mountlaser.com\/pl\/wp-json\/wp\/v2\/product_brand?post=2243"},{"taxonomy":"product_cat","embeddable":true,"href":"https:\/\/mountlaser.com\/pl\/wp-json\/wp\/v2\/product_cat?post=2243"},{"taxonomy":"product_tag","embeddable":true,"href":"https:\/\/mountlaser.com\/pl\/wp-json\/wp\/v2\/product_tag?post=2243"}],"curies":[{"name":"wp","href":"https:\/\/api.w.org\/{rel}","templated":true}]}}