{"id":2237,"date":"2025-09-26T08:59:09","date_gmt":"2025-09-26T08:59:09","guid":{"rendered":"https:\/\/mountlaser.com\/?post_type=product&#038;p=2237"},"modified":"2025-12-01T01:19:55","modified_gmt":"2025-12-01T01:19:55","slug":"mpa03-mini-prism-adapter","status":"publish","type":"product","link":"https:\/\/mountlaser.com\/pl\/produkt\/mpa03-mini-prism-adapter\/","title":{"rendered":"Mini adapter pryzmatu MPA03"},"content":{"rendered":"<p>Bezpieczne mocowanie M8 za pomoc\u0105 \u015bruby MPA03<strong> <a href=\"https:\/\/mountlaser.com\/pl\/kategoria-produktu\/surveying-accessory\/\">Adapter nylonowy z gwintem M8<\/a><\/strong><\/p>\n<p>Ten <a href=\"https:\/\/mountlaser.com\/pl\/\"><strong>Mini adapter pryzmatu MPA03<\/strong><\/a> To specjalistyczne rozwi\u0105zanie przeznaczone do zastosowa\u0144 wymagaj\u0105cych bezpiecznego po\u0142\u0105czenia gwintowanego M8. Ten praktyczny adapter nylonowy z gwintem M8 zosta\u0142 zaprojektowany do \u0142\u0105czenia minipryzmat\u00f3w ze szwajcarskimi trzpieniami z urz\u0105dzeniami wyposa\u017conymi w standardowy punkt mocowania M8, zapewniaj\u0105c wszechstronn\u0105 i stabiln\u0105 instalacj\u0119.<\/p>\n<p><img fetchpriority=\"high\" decoding=\"async\" class=\"wp-image-2240 aligncenter\" src=\"https:\/\/mountlaser.com\/wp-content\/uploads\/2025\/09\/10-6.webp\" alt=\"Nylon Adapter with M8 thread\" width=\"500\" height=\"500\" srcset=\"https:\/\/mountlaser.com\/wp-content\/uploads\/2025\/09\/10-6.webp 1000w, https:\/\/mountlaser.com\/wp-content\/uploads\/2025\/09\/10-6-300x300.webp 300w, https:\/\/mountlaser.com\/wp-content\/uploads\/2025\/09\/10-6-400x400.webp 400w, https:\/\/mountlaser.com\/wp-content\/uploads\/2025\/09\/10-6-800x800.webp 800w, https:\/\/mountlaser.com\/wp-content\/uploads\/2025\/09\/10-6-600x600.webp 600w, https:\/\/mountlaser.com\/wp-content\/uploads\/2025\/09\/10-6-150x150.webp 150w, https:\/\/mountlaser.com\/wp-content\/uploads\/2025\/09\/10-6-768x768.webp 768w, https:\/\/mountlaser.com\/wp-content\/uploads\/2025\/09\/10-6-12x12.webp 12w\" sizes=\"(max-width: 500px) 100vw, 500px\" \/><\/p>\n<p>Kluczow\u0105 cech\u0105 wyr\u00f3\u017cniaj\u0105c\u0105 ten adapter jest zintegrowany mechanizm mocowania. <a href=\"https:\/\/mountlaser.com\/pl\/contact-us\/\">Adapter nylonowy MPA03 z gwintem M8<\/a> Wyposa\u017cony jest w zaostrzon\u0105 \u015brub\u0119 samogwintuj\u0105c\u0105, kt\u00f3ra umo\u017cliwia mocne i stabilne mocowanie do kompatybilnych otwor\u00f3w M8, zapobiegaj\u0105c luzowaniu si\u0119 z czasem. Wykonany z wytrzyma\u0142ego nylonu, ten adapter wytrzymuje trudne warunki terenowe, zapewniaj\u0105c jednocze\u015bnie doskona\u0142\u0105 izolacj\u0119 elektryczn\u0105. Dla \u0142atwej identyfikacji, jest dost\u0119pny w dw\u00f3ch wersjach oznaczonych kolorami: MPA03YS (\u017c\u00f3\u0142ty) i MPA03WS (bia\u0142y).<\/p>\n<p><strong>Stosowa\u0107 z adapterem nylonowym z gwintem M8<\/strong><\/p>\n<p><img decoding=\"async\" class=\"wp-image-2220 size-full aligncenter\" src=\"https:\/\/mountlaser.com\/wp-content\/uploads\/2025\/09\/1-5.webp\" alt=\"Nylon Adapter with M8 thread\" width=\"614\" height=\"759\" srcset=\"https:\/\/mountlaser.com\/wp-content\/uploads\/2025\/09\/1-5.webp 614w, https:\/\/mountlaser.com\/wp-content\/uploads\/2025\/09\/1-5-600x742.webp 600w, https:\/\/mountlaser.com\/wp-content\/uploads\/2025\/09\/1-5-243x300.webp 243w, https:\/\/mountlaser.com\/wp-content\/uploads\/2025\/09\/1-5-10x12.webp 10w\" sizes=\"(max-width: 614px) 100vw, 614px\" \/><\/p>","protected":false},"excerpt":{"rendered":"<ul>\n<li>Z\u0142\u0105cze gwintowane M8: Zapewnia bezpieczne z\u0142\u0105cze do monta\u017cu miniaturowego pryzmatu na dowolnym standardowym gwincie M8, zwi\u0119kszaj\u0105c kompatybilno\u015b\u0107.<\/li>\n<li>Zintegrowana \u015bruba samogwintuj\u0105ca: Zaostrzona \u015bruba samogwintuj\u0105ca M8 zapewnia mocny, odporny na wibracje chwyt, zwi\u0119kszaj\u0105c stabilno\u015b\u0107 podczas pomiar\u00f3w.<\/li>\n<li>Trwa\u0142o\u015b\u0107 i lekko\u015b\u0107: nylonowa konstrukcja zapewnia idealn\u0105 r\u00f3wnowag\u0119 mi\u0119dzy wytrzyma\u0142o\u015bci\u0105, trwa\u0142o\u015bci\u0105 i lekko\u015bci\u0105, jest odporna na korozj\u0119 i uderzenia.<\/li>\n<\/ul>","protected":false},"featured_media":2241,"comment_status":"open","ping_status":"closed","template":"","meta":[],"product_brand":[],"product_cat":[79,102],"product_tag":[],"class_list":{"0":"post-2237","1":"product","2":"type-product","3":"status-publish","4":"has-post-thumbnail","6":"product_cat-surveying-accessory","7":"product_cat-monitoring-adapter","9":"first","10":"instock","11":"shipping-taxable","12":"product-type-simple"},"_links":{"self":[{"href":"https:\/\/mountlaser.com\/pl\/wp-json\/wp\/v2\/product\/2237","targetHints":{"allow":["GET"]}}],"collection":[{"href":"https:\/\/mountlaser.com\/pl\/wp-json\/wp\/v2\/product"}],"about":[{"href":"https:\/\/mountlaser.com\/pl\/wp-json\/wp\/v2\/types\/product"}],"replies":[{"embeddable":true,"href":"https:\/\/mountlaser.com\/pl\/wp-json\/wp\/v2\/comments?post=2237"}],"wp:featuredmedia":[{"embeddable":true,"href":"https:\/\/mountlaser.com\/pl\/wp-json\/wp\/v2\/media\/2241"}],"wp:attachment":[{"href":"https:\/\/mountlaser.com\/pl\/wp-json\/wp\/v2\/media?parent=2237"}],"wp:term":[{"taxonomy":"product_brand","embeddable":true,"href":"https:\/\/mountlaser.com\/pl\/wp-json\/wp\/v2\/product_brand?post=2237"},{"taxonomy":"product_cat","embeddable":true,"href":"https:\/\/mountlaser.com\/pl\/wp-json\/wp\/v2\/product_cat?post=2237"},{"taxonomy":"product_tag","embeddable":true,"href":"https:\/\/mountlaser.com\/pl\/wp-json\/wp\/v2\/product_tag?post=2237"}],"curies":[{"name":"wp","href":"https:\/\/api.w.org\/{rel}","templated":true}]}}