{"id":2229,"date":"2025-09-26T08:52:32","date_gmt":"2025-09-26T08:52:32","guid":{"rendered":"https:\/\/mountlaser.com\/?post_type=product&#038;p=2229"},"modified":"2025-12-01T01:21:15","modified_gmt":"2025-12-01T01:21:15","slug":"mpa02-mini-prism-adapter","status":"publish","type":"product","link":"https:\/\/mountlaser.com\/pl\/produkt\/mpa02-mini-prism-adapter\/","title":{"rendered":"Mini adapter pryzmatu MPA02"},"content":{"rendered":"<p>Ten <a href=\"https:\/\/mountlaser.com\/pl\/products\/\"><strong>Mini adapter pryzmatu MPA02<\/strong><\/a> to kluczowy element zaprojektowany w celu zapewnienia niezawodnego i bezpiecznego interfejsu dla Twojego minipryzmatu. Ten konkretny <a href=\"https:\/\/mountlaser.com\/pl\/about-us\/\"><strong>Miniaturowy adapter nylonowy do \u0142\u0105czenia pryzmat\u00f3w<\/strong><\/a> jest zaprojektowany do \u0142\u0105czenia urz\u0105dze\u0144 z gwintem 3\/8\u2033-19 z miniaturowym pryzmatem wyposa\u017conym w szwajcarski czop, zapewniaj\u0105c precyzj\u0119 w r\u00f3\u017cnych konfiguracjach pomiarowych.<\/p>\n<p>Wykonany z wytrzyma\u0142ego nylonu, ten adapter z nylonu po\u0142\u0105czeniowego oferuje doskona\u0142\u0105 trwa\u0142o\u015b\u0107 i odporno\u015b\u0107 na czynniki \u015brodowiskowe, dzi\u0119ki czemu nadaje si\u0119 do wymagaj\u0105cych warunk\u00f3w terenowych. Aby u\u0142atwi\u0107 identyfikacj\u0119 i zarz\u0105dzanie zapasami, adapter MPA02 jest dost\u0119pny w dw\u00f3ch wersjach kolorystycznych: MPA02Y (\u017c\u00f3\u0142ty) i MPA02W (bia\u0142y).<\/p>\n<p>&nbsp;<\/p>\n<p><img fetchpriority=\"high\" decoding=\"async\" class=\"wp-image-2232 aligncenter\" src=\"https:\/\/mountlaser.com\/wp-content\/uploads\/2025\/09\/9-7.webp\" alt=\"Mini Prism Connection Nylon Adapter\" width=\"500\" height=\"500\" srcset=\"https:\/\/mountlaser.com\/wp-content\/uploads\/2025\/09\/9-7.webp 1000w, https:\/\/mountlaser.com\/wp-content\/uploads\/2025\/09\/9-7-300x300.webp 300w, https:\/\/mountlaser.com\/wp-content\/uploads\/2025\/09\/9-7-400x400.webp 400w, https:\/\/mountlaser.com\/wp-content\/uploads\/2025\/09\/9-7-800x800.webp 800w, https:\/\/mountlaser.com\/wp-content\/uploads\/2025\/09\/9-7-600x600.webp 600w, https:\/\/mountlaser.com\/wp-content\/uploads\/2025\/09\/9-7-150x150.webp 150w, https:\/\/mountlaser.com\/wp-content\/uploads\/2025\/09\/9-7-768x768.webp 768w, https:\/\/mountlaser.com\/wp-content\/uploads\/2025\/09\/9-7-12x12.webp 12w\" sizes=\"(max-width: 500px) 100vw, 500px\" \/><\/p>\n<p>To proste, ale skuteczne rozwi\u0105zanie <a href=\"https:\/\/mountlaser.com\/pl\/contact-us\/\">Miniaturowy adapter nylonowy do \u0142\u0105czenia pryzmat\u00f3w<\/a> gwarantuje, \u017ce pryzmat pozostanie stabilny, co jest podstaw\u0105 uzyskania dok\u0142adnych i sp\u00f3jnych danych.<\/p>\n<p><strong>Stosowa\u0107 z adapterem Mini Prism MPA02<\/strong><\/p>\n<p><img decoding=\"async\" class=\"wp-image-2220 size-full aligncenter\" src=\"https:\/\/mountlaser.com\/wp-content\/uploads\/2025\/09\/1-5.webp\" alt=\"Mini Prism Connection Nylon Adapter\" width=\"614\" height=\"759\" srcset=\"https:\/\/mountlaser.com\/wp-content\/uploads\/2025\/09\/1-5.webp 614w, https:\/\/mountlaser.com\/wp-content\/uploads\/2025\/09\/1-5-600x742.webp 600w, https:\/\/mountlaser.com\/wp-content\/uploads\/2025\/09\/1-5-243x300.webp 243w, https:\/\/mountlaser.com\/wp-content\/uploads\/2025\/09\/1-5-10x12.webp 10w\" sizes=\"(max-width: 614px) 100vw, 614px\" \/><\/p>","protected":false},"excerpt":{"rendered":"<ul>\n<li>Bezpieczne po\u0142\u0105czenie 3\/8\u2033: Posiada gwint 3\/8\u2033-19 zapewniaj\u0105cy standardowe i solidne po\u0142\u0105czenie.<\/li>\n<li>Szeroka gama przyrz\u0105d\u00f3w i akcesori\u00f3w geodezyjnych.<\/li>\n<li>Nylonowy korpus jest lekki, a jednocze\u015bnie wytrzyma\u0142y, odporny na korozj\u0119, uderzenia i trudne warunki atmosferyczne.<\/li>\n<\/ul>","protected":false},"featured_media":2233,"comment_status":"open","ping_status":"closed","template":"","meta":[],"product_brand":[],"product_cat":[79,102],"product_tag":[],"class_list":{"0":"post-2229","1":"product","2":"type-product","3":"status-publish","4":"has-post-thumbnail","6":"product_cat-surveying-accessory","7":"product_cat-monitoring-adapter","9":"first","10":"instock","11":"shipping-taxable","12":"product-type-simple"},"_links":{"self":[{"href":"https:\/\/mountlaser.com\/pl\/wp-json\/wp\/v2\/product\/2229","targetHints":{"allow":["GET"]}}],"collection":[{"href":"https:\/\/mountlaser.com\/pl\/wp-json\/wp\/v2\/product"}],"about":[{"href":"https:\/\/mountlaser.com\/pl\/wp-json\/wp\/v2\/types\/product"}],"replies":[{"embeddable":true,"href":"https:\/\/mountlaser.com\/pl\/wp-json\/wp\/v2\/comments?post=2229"}],"wp:featuredmedia":[{"embeddable":true,"href":"https:\/\/mountlaser.com\/pl\/wp-json\/wp\/v2\/media\/2233"}],"wp:attachment":[{"href":"https:\/\/mountlaser.com\/pl\/wp-json\/wp\/v2\/media?parent=2229"}],"wp:term":[{"taxonomy":"product_brand","embeddable":true,"href":"https:\/\/mountlaser.com\/pl\/wp-json\/wp\/v2\/product_brand?post=2229"},{"taxonomy":"product_cat","embeddable":true,"href":"https:\/\/mountlaser.com\/pl\/wp-json\/wp\/v2\/product_cat?post=2229"},{"taxonomy":"product_tag","embeddable":true,"href":"https:\/\/mountlaser.com\/pl\/wp-json\/wp\/v2\/product_tag?post=2229"}],"curies":[{"name":"wp","href":"https:\/\/api.w.org\/{rel}","templated":true}]}}