{"id":2222,"date":"2025-09-26T08:27:25","date_gmt":"2025-09-26T08:27:25","guid":{"rendered":"https:\/\/mountlaser.com\/?post_type=product&#038;p=2222"},"modified":"2025-12-01T01:22:55","modified_gmt":"2025-12-01T01:22:55","slug":"mpa01-mini-prism-adapter","status":"publish","type":"product","link":"https:\/\/mountlaser.com\/pl\/produkt\/mpa01-mini-prism-adapter\/","title":{"rendered":"Mini adapter pryzmatu MPA01"},"content":{"rendered":"<p>Ten <a href=\"https:\/\/mountlaser.com\/pl\/kategoria-produktu\/surveying-accessory\/\"><strong>Mini adapter pryzmatu MPA01<\/strong><\/a> To wszechstronne i niezb\u0119dne rozwi\u0105zanie \u0142\u0105cz\u0105ce minipryzmat z r\u00f3\u017cnymi systemami monta\u017cowymi. Ten wytrzyma\u0142y, nylonowy adapter do minipryzmatu zapewnia bezpieczne i precyzyjne po\u0142\u0105czenie, kt\u00f3re jest kluczowe dla uzyskania dok\u0142adnych danych pomiarowych w r\u00f3\u017cnorodnych zastosowaniach geodezyjnych.<\/p>\n<p>&nbsp;<\/p>\n<p>Kluczow\u0105 cech\u0105 tego adaptera jest jego kompatybilno\u015b\u0107 z dwoma gwintami. Adapter MPA01 Mini Prism jest wyposa\u017cony w standardowy gwint 5\/8\u2033-11, co umo\u017cliwia monta\u017c na szerokiej gamie statyw\u00f3w i tyczek, a zintegrowany sworze\u0144 szwajcarski zapewnia idealne dopasowanie do kompatybilnych mini pryzmat\u00f3w. Wykonany z wysokiej jako\u015bci nylonu, adapter ten <a href=\"https:\/\/mountlaser.com\/pl\/\"><strong>Mini adapter nylonowy Prism<\/strong><\/a> zapewnia doskona\u0142\u0105 trwa\u0142o\u015b\u0107 oraz odporno\u015b\u0107 na uderzenia i korozj\u0119.<\/p>\n<p><img fetchpriority=\"high\" decoding=\"async\" class=\"wp-image-2223 aligncenter\" src=\"https:\/\/mountlaser.com\/wp-content\/uploads\/2025\/09\/6-7.webp\" alt=\"Mini Prism Nylon Adapter\" width=\"500\" height=\"500\" srcset=\"https:\/\/mountlaser.com\/wp-content\/uploads\/2025\/09\/6-7.webp 1000w, https:\/\/mountlaser.com\/wp-content\/uploads\/2025\/09\/6-7-300x300.webp 300w, https:\/\/mountlaser.com\/wp-content\/uploads\/2025\/09\/6-7-400x400.webp 400w, https:\/\/mountlaser.com\/wp-content\/uploads\/2025\/09\/6-7-800x800.webp 800w, https:\/\/mountlaser.com\/wp-content\/uploads\/2025\/09\/6-7-600x600.webp 600w, https:\/\/mountlaser.com\/wp-content\/uploads\/2025\/09\/6-7-150x150.webp 150w, https:\/\/mountlaser.com\/wp-content\/uploads\/2025\/09\/6-7-768x768.webp 768w, https:\/\/mountlaser.com\/wp-content\/uploads\/2025\/09\/6-7-12x12.webp 12w\" sizes=\"(max-width: 500px) 100vw, 500px\" \/><\/p>\n<p>Aby u\u0142atwi\u0107 identyfikacj\u0119 i zarz\u0105dzanie zapasami na miejscu pracy, adapter MPA01 Mini Prism jest dost\u0119pny w dw\u00f3ch wariantach kolorystycznych: MPA01Y (\u017c\u00f3\u0142ty) i MPA01W (bia\u0142y).<\/p>\n<p><strong>U\u017cyj z <a href=\"https:\/\/mountlaser.com\/pl\/products\/\">Mini adapter pryzmatu MPA01<\/a><\/strong><\/p>\n<p><img decoding=\"async\" class=\"aligncenter wp-image-2220 size-full\" src=\"https:\/\/mountlaser.com\/wp-content\/uploads\/2025\/09\/1-5.webp\" alt=\"MPA01 Mini Prism Adapter\" width=\"614\" height=\"759\" srcset=\"https:\/\/mountlaser.com\/wp-content\/uploads\/2025\/09\/1-5.webp 614w, https:\/\/mountlaser.com\/wp-content\/uploads\/2025\/09\/1-5-600x742.webp 600w, https:\/\/mountlaser.com\/wp-content\/uploads\/2025\/09\/1-5-243x300.webp 243w, https:\/\/mountlaser.com\/wp-content\/uploads\/2025\/09\/1-5-10x12.webp 10w\" sizes=\"(max-width: 614px) 100vw, 614px\" \/><\/p>","protected":false},"excerpt":{"rendered":"<ul>\n<li>Posiada gwint 5\/8\u2033-11 zapewniaj\u0105cy szerok\u0105 kompatybilno\u015b\u0107 ze standardowym sprz\u0119tem pomiarowym oraz szwajcarski czop do bezpiecznego mocowania minipryzmatu.<\/li>\n<li>Nylonowa obudowa gwarantuje d\u0142ugotrwa\u0142\u0105 wydajno\u015b\u0107, odporno\u015b\u0107 na zu\u017cycie i uszkodzenia w trudnych warunkach terenowych.<\/li>\n<\/ul>","protected":false},"featured_media":2227,"comment_status":"open","ping_status":"closed","template":"","meta":[],"product_brand":[],"product_cat":[79,102],"product_tag":[],"class_list":{"0":"post-2222","1":"product","2":"type-product","3":"status-publish","4":"has-post-thumbnail","6":"product_cat-surveying-accessory","7":"product_cat-monitoring-adapter","9":"first","10":"instock","11":"shipping-taxable","12":"product-type-simple"},"_links":{"self":[{"href":"https:\/\/mountlaser.com\/pl\/wp-json\/wp\/v2\/product\/2222","targetHints":{"allow":["GET"]}}],"collection":[{"href":"https:\/\/mountlaser.com\/pl\/wp-json\/wp\/v2\/product"}],"about":[{"href":"https:\/\/mountlaser.com\/pl\/wp-json\/wp\/v2\/types\/product"}],"replies":[{"embeddable":true,"href":"https:\/\/mountlaser.com\/pl\/wp-json\/wp\/v2\/comments?post=2222"}],"wp:featuredmedia":[{"embeddable":true,"href":"https:\/\/mountlaser.com\/pl\/wp-json\/wp\/v2\/media\/2227"}],"wp:attachment":[{"href":"https:\/\/mountlaser.com\/pl\/wp-json\/wp\/v2\/media?parent=2222"}],"wp:term":[{"taxonomy":"product_brand","embeddable":true,"href":"https:\/\/mountlaser.com\/pl\/wp-json\/wp\/v2\/product_brand?post=2222"},{"taxonomy":"product_cat","embeddable":true,"href":"https:\/\/mountlaser.com\/pl\/wp-json\/wp\/v2\/product_cat?post=2222"},{"taxonomy":"product_tag","embeddable":true,"href":"https:\/\/mountlaser.com\/pl\/wp-json\/wp\/v2\/product_tag?post=2222"}],"curies":[{"name":"wp","href":"https:\/\/api.w.org\/{rel}","templated":true}]}}