{"id":2213,"date":"2025-09-26T08:09:31","date_gmt":"2025-09-26T08:09:31","guid":{"rendered":"https:\/\/mountlaser.com\/?post_type=product&#038;p=2213"},"modified":"2025-12-01T01:24:14","modified_gmt":"2025-12-01T01:24:14","slug":"mpa04-mini-prism-nylon-base","status":"publish","type":"product","link":"https:\/\/mountlaser.com\/pl\/produkt\/mpa04-mini-prism-nylon-base\/","title":{"rendered":"MPA04 Mini pryzmat z nylonow\u0105 podstaw\u0105"},"content":{"rendered":"<p>Ulepsz sw\u00f3j system pomiarowy dzi\u0119ki MPA04 <a href=\"https:\/\/mountlaser.com\/pl\/\"><strong>Miniaturowa pryzmatyczna podstawa nylonowa<\/strong><\/a><\/p>\n<p>Podstawa nylonowa MPA04 Mini Prism to niezb\u0119dny element \u0142\u0105czno\u015bci przeznaczony dla geodet\u00f3w, kt\u00f3rzy potrzebuj\u0105 niezawodnych i precyzyjnych rozwi\u0105za\u0144 monta\u017cowych dla swojego sprz\u0119tu monitoruj\u0105cego.<\/p>\n<p>Ten <a href=\"https:\/\/mountlaser.com\/pl\/kategoria-produktu\/surveying-accessory\/\"><strong>Adapter nylonowy MPA04<\/strong><\/a> zosta\u0142 specjalnie zaprojektowany do bezproblemowej integracji minipryzmat\u00f3w z r\u00f3\u017cnymi punktami monta\u017cowymi, zapewniaj\u0105c stabilno\u015b\u0107 i dok\u0142adno\u015b\u0107 w d\u0142ugoterminowych projektach monitorowania.<\/p>\n<p><img fetchpriority=\"high\" decoding=\"async\" class=\"wp-image-2218 aligncenter\" src=\"https:\/\/mountlaser.com\/wp-content\/uploads\/2025\/09\/MPA04-4.webp\" alt=\"MPA04 Nylon Adapter\" width=\"500\" height=\"500\" srcset=\"https:\/\/mountlaser.com\/wp-content\/uploads\/2025\/09\/MPA04-4.webp 1000w, https:\/\/mountlaser.com\/wp-content\/uploads\/2025\/09\/MPA04-4-300x300.webp 300w, https:\/\/mountlaser.com\/wp-content\/uploads\/2025\/09\/MPA04-4-400x400.webp 400w, https:\/\/mountlaser.com\/wp-content\/uploads\/2025\/09\/MPA04-4-800x800.webp 800w, https:\/\/mountlaser.com\/wp-content\/uploads\/2025\/09\/MPA04-4-600x600.webp 600w, https:\/\/mountlaser.com\/wp-content\/uploads\/2025\/09\/MPA04-4-150x150.webp 150w, https:\/\/mountlaser.com\/wp-content\/uploads\/2025\/09\/MPA04-4-768x768.webp 768w, https:\/\/mountlaser.com\/wp-content\/uploads\/2025\/09\/MPA04-4-12x12.webp 12w\" sizes=\"(max-width: 500px) 100vw, 500px\" \/><\/p>\n<p>Kluczow\u0105 cech\u0105 tego produktu jest jego solidna konstrukcja. <a href=\"https:\/\/mountlaser.com\/pl\/about-us\/\">Adapter nylonowy MPA04<\/a> Posiada wytrzyma\u0142\u0105, nylonow\u0105 podstaw\u0119, kt\u00f3ra zapewnia doskona\u0142\u0105 odporno\u015b\u0107 na czynniki \u015brodowiskowe, takie jak wilgo\u0107 i korozja, a jego wyrazisty \u017c\u00f3\u0142ty kolor zapewnia doskona\u0142\u0105 widoczno\u015b\u0107 w miejscu monta\u017cu, zmniejszaj\u0105c ryzyko zgubienia. Adapter jest wyposa\u017cony w precyzyjne z\u0142\u0105cze wtykowe typu szwajcarskiego, gwarantuj\u0105ce bezpieczne i idealne dopasowanie do kompatybilnych pryzmat\u00f3w.<\/p>\n<p>&nbsp;<\/p>\n<p><strong>Stosowa\u0107 z podstaw\u0105 nylonow\u0105 MPA04 Mini Prism<\/strong><\/p>\n<p><img decoding=\"async\" class=\"wp-image-2220 aligncenter\" src=\"https:\/\/mountlaser.com\/wp-content\/uploads\/2025\/09\/1-5.webp\" alt=\"MPA04 Nylon Adapter\" width=\"614\" height=\"759\" srcset=\"https:\/\/mountlaser.com\/wp-content\/uploads\/2025\/09\/1-5.webp 614w, https:\/\/mountlaser.com\/wp-content\/uploads\/2025\/09\/1-5-600x742.webp 600w, https:\/\/mountlaser.com\/wp-content\/uploads\/2025\/09\/1-5-243x300.webp 243w, https:\/\/mountlaser.com\/wp-content\/uploads\/2025\/09\/1-5-10x12.webp 10w\" sizes=\"(max-width: 614px) 100vw, 614px\" \/><\/p>","protected":false},"excerpt":{"rendered":"<ul>\n<li>Zapewnia niezawodny interfejs mi\u0119dzy miniaturowym pryzmatem (takim jak MP104) a stacj\u0105 monitoruj\u0105c\u0105 lub s\u0142upem dzi\u0119ki zastosowaniu wtyczki szwajcarskiej z okr\u0105g\u0142\u0105 podstaw\u0105.<\/li>\n<li>Nylonowa podstawa gwarantuje odporno\u015b\u0107 na trudne warunki zewn\u0119trzne, gwarantuj\u0105c d\u0142ugotrwa\u0142\u0105 wydajno\u015b\u0107.<\/li>\n<\/ul>","protected":false},"featured_media":2216,"comment_status":"open","ping_status":"closed","template":"","meta":[],"product_brand":[],"product_cat":[79,102],"product_tag":[],"class_list":{"0":"post-2213","1":"product","2":"type-product","3":"status-publish","4":"has-post-thumbnail","6":"product_cat-surveying-accessory","7":"product_cat-monitoring-adapter","9":"first","10":"instock","11":"shipping-taxable","12":"product-type-simple"},"_links":{"self":[{"href":"https:\/\/mountlaser.com\/pl\/wp-json\/wp\/v2\/product\/2213","targetHints":{"allow":["GET"]}}],"collection":[{"href":"https:\/\/mountlaser.com\/pl\/wp-json\/wp\/v2\/product"}],"about":[{"href":"https:\/\/mountlaser.com\/pl\/wp-json\/wp\/v2\/types\/product"}],"replies":[{"embeddable":true,"href":"https:\/\/mountlaser.com\/pl\/wp-json\/wp\/v2\/comments?post=2213"}],"wp:featuredmedia":[{"embeddable":true,"href":"https:\/\/mountlaser.com\/pl\/wp-json\/wp\/v2\/media\/2216"}],"wp:attachment":[{"href":"https:\/\/mountlaser.com\/pl\/wp-json\/wp\/v2\/media?parent=2213"}],"wp:term":[{"taxonomy":"product_brand","embeddable":true,"href":"https:\/\/mountlaser.com\/pl\/wp-json\/wp\/v2\/product_brand?post=2213"},{"taxonomy":"product_cat","embeddable":true,"href":"https:\/\/mountlaser.com\/pl\/wp-json\/wp\/v2\/product_cat?post=2213"},{"taxonomy":"product_tag","embeddable":true,"href":"https:\/\/mountlaser.com\/pl\/wp-json\/wp\/v2\/product_tag?post=2213"}],"curies":[{"name":"wp","href":"https:\/\/api.w.org\/{rel}","templated":true}]}}