{"id":2201,"date":"2025-09-24T09:17:08","date_gmt":"2025-09-24T09:17:08","guid":{"rendered":"https:\/\/mountlaser.com\/?post_type=product&#038;p=2201"},"modified":"2025-12-01T01:25:54","modified_gmt":"2025-12-01T01:25:54","slug":"gdf22-tribrach-with-optical-plummet","status":"publish","type":"product","link":"https:\/\/mountlaser.com\/pl\/produkt\/gdf22-tribrach-with-optical-plummet\/","title":{"rendered":"Podstawka GDF22 z pionownikiem optycznym"},"content":{"rendered":"<p>Ten <a href=\"https:\/\/mountlaser.com\/pl\/\"><strong>Podk\u0142adka geodezyjna GDF22<\/strong><\/a> zosta\u0142a zaprojektowana z my\u015bl\u0105 o niezawodnej pracy i wydajnej konfiguracji do codziennych, precyzyjnych zada\u0144. Ta solidna, aluminiowa spodarka jest wyposa\u017cona w standardowy gwint \u017ce\u0144ski 5\/8\u2033-11, co zapewnia uniwersaln\u0105 kompatybilno\u015b\u0107 z szerok\u0105 gam\u0105 instrument\u00f3w geodezyjnych.<\/p>\n<p>Najwa\u017cniejsz\u0105 cech\u0105 tego modelu jest zintegrowany pion optyczny, kt\u00f3ry znacznie zwi\u0119ksza szybko\u015b\u0107 i dok\u0142adno\u015b\u0107 centrowania nad punktem pomiarowym.<\/p>\n<p><img fetchpriority=\"high\" decoding=\"async\" class=\"aligncenter wp-image-2204\" src=\"https:\/\/mountlaser.com\/wp-content\/uploads\/2025\/09\/4-6.webp\" alt=\"GDF22 surveying tribrach\" width=\"500\" height=\"500\" srcset=\"https:\/\/mountlaser.com\/wp-content\/uploads\/2025\/09\/4-6.webp 1000w, https:\/\/mountlaser.com\/wp-content\/uploads\/2025\/09\/4-6-300x300.webp 300w, https:\/\/mountlaser.com\/wp-content\/uploads\/2025\/09\/4-6-400x400.webp 400w, https:\/\/mountlaser.com\/wp-content\/uploads\/2025\/09\/4-6-800x800.webp 800w, https:\/\/mountlaser.com\/wp-content\/uploads\/2025\/09\/4-6-600x600.webp 600w, https:\/\/mountlaser.com\/wp-content\/uploads\/2025\/09\/4-6-150x150.webp 150w, https:\/\/mountlaser.com\/wp-content\/uploads\/2025\/09\/4-6-768x768.webp 768w, https:\/\/mountlaser.com\/wp-content\/uploads\/2025\/09\/4-6-12x12.webp 12w\" sizes=\"(max-width: 500px) 100vw, 500px\" \/><\/p>\n<p>Jako wszechstronna spodarka geodezyjna GDF22, zosta\u0142a zaprojektowana z my\u015bl\u0105 o trwa\u0142o\u015bci i stabilnej wydajno\u015bci w terenie. Aby u\u0142atwi\u0107 zarz\u0105dzanie narz\u0119dziami i ich identyfikacj\u0119 na ruchliwych placach budowy, jest dost\u0119pna w kolorze zielonym i czarnym. Gdy potrzebujesz praktycznej funkcjonalno\u015bci\u2026 <a href=\"https:\/\/mountlaser.com\/pl\/kategoria-produktu\/surveying-accessory\/\"><strong>Podk\u0142adka gdf22 z pionownikiem optycznym<\/strong><\/a> Ten model oferuje wyj\u0105tkow\u0105 warto\u015b\u0107 w przypadku tyczenia budowlanego lub pomiar\u00f3w topograficznych. Wybierz niezawodno\u015b\u0107 tego podp\u00f3rki gdf22 z optyk\u0105, aby usprawni\u0107 sw\u00f3j proces pracy.<\/p>","protected":false},"excerpt":{"rendered":"<ul>\n<li>Trwa\u0142a konstrukcja aluminiowa z gwintem \u017ce\u0144skim 5\/8\u2033-11.<\/li>\n<li>Zintegrowany pionownik optyczny do regularnego, precyzyjnego centrowania.<\/li>\n<li>Dost\u0119pne w kolorze zielonym i czarnym, u\u0142atwiaj\u0105cym identyfikacj\u0119.<\/li>\n<\/ul>","protected":false},"featured_media":2202,"comment_status":"open","ping_status":"closed","template":"","meta":[],"product_brand":[],"product_cat":[79,101],"product_tag":[],"class_list":{"0":"post-2201","1":"product","2":"type-product","3":"status-publish","4":"has-post-thumbnail","6":"product_cat-surveying-accessory","7":"product_cat-standard-precision-tribrach","9":"first","10":"instock","11":"shipping-taxable","12":"product-type-simple"},"_links":{"self":[{"href":"https:\/\/mountlaser.com\/pl\/wp-json\/wp\/v2\/product\/2201","targetHints":{"allow":["GET"]}}],"collection":[{"href":"https:\/\/mountlaser.com\/pl\/wp-json\/wp\/v2\/product"}],"about":[{"href":"https:\/\/mountlaser.com\/pl\/wp-json\/wp\/v2\/types\/product"}],"replies":[{"embeddable":true,"href":"https:\/\/mountlaser.com\/pl\/wp-json\/wp\/v2\/comments?post=2201"}],"wp:featuredmedia":[{"embeddable":true,"href":"https:\/\/mountlaser.com\/pl\/wp-json\/wp\/v2\/media\/2202"}],"wp:attachment":[{"href":"https:\/\/mountlaser.com\/pl\/wp-json\/wp\/v2\/media?parent=2201"}],"wp:term":[{"taxonomy":"product_brand","embeddable":true,"href":"https:\/\/mountlaser.com\/pl\/wp-json\/wp\/v2\/product_brand?post=2201"},{"taxonomy":"product_cat","embeddable":true,"href":"https:\/\/mountlaser.com\/pl\/wp-json\/wp\/v2\/product_cat?post=2201"},{"taxonomy":"product_tag","embeddable":true,"href":"https:\/\/mountlaser.com\/pl\/wp-json\/wp\/v2\/product_tag?post=2201"}],"curies":[{"name":"wp","href":"https:\/\/api.w.org\/{rel}","templated":true}]}}