{"id":2200,"date":"2025-09-24T09:11:13","date_gmt":"2025-09-24T09:11:13","guid":{"rendered":"https:\/\/mountlaser.com\/?post_type=product&#038;p=2200"},"modified":"2025-12-01T01:28:32","modified_gmt":"2025-12-01T01:28:32","slug":"gdf21-tribrach-without-optical-plummet","status":"publish","type":"product","link":"https:\/\/mountlaser.com\/pl\/produkt\/gdf21-tribrach-without-optical-plummet\/","title":{"rendered":"GDF21 Spodarka bez pionownika optycznego"},"content":{"rendered":"<p>Ten <a href=\"https:\/\/mountlaser.com\/pl\/\"><strong>GDF21 Spodarka bez pionownika optycznego<\/strong><\/a> To solidny i niezawodny fundament do szerokiej gamy zada\u0144 geodezyjnych. Wykonany z wysokiej jako\u015bci aluminium i wyposa\u017cony w \u017ce\u0144ski gwint 5\/8\u2033-11, zapewnia bezpieczne mocowanie sprz\u0119tu.<\/p>\n<p>Ten model zosta\u0142 zbudowany zgodnie z rygorystycznymi standardami spodarki szwajcarskiej, k\u0142ad\u0105c nacisk na trwa\u0142o\u015b\u0107 i sp\u00f3jn\u0105 wydajno\u015b\u0107 w standardowych zastosowaniach wymagaj\u0105cych precyzji. Dost\u0119pny w kolorze zielonym lub czarnym, co u\u0142atwia identyfikacj\u0119 na miejscu pracy. <a href=\"https:\/\/mountlaser.com\/pl\/about-us\/\">GDF21<\/a> oferuje doskona\u0142y stosunek jako\u015bci do ceny.<\/p>\n<p>&nbsp;<\/p>\n<p><img fetchpriority=\"high\" decoding=\"async\" class=\"aligncenter wp-image-2196\" src=\"https:\/\/mountlaser.com\/wp-content\/uploads\/2025\/09\/4-5.webp\" alt=\"Swiss-Style Tribrach\" width=\"500\" height=\"500\" srcset=\"https:\/\/mountlaser.com\/wp-content\/uploads\/2025\/09\/4-5.webp 1000w, https:\/\/mountlaser.com\/wp-content\/uploads\/2025\/09\/4-5-300x300.webp 300w, https:\/\/mountlaser.com\/wp-content\/uploads\/2025\/09\/4-5-400x400.webp 400w, https:\/\/mountlaser.com\/wp-content\/uploads\/2025\/09\/4-5-800x800.webp 800w, https:\/\/mountlaser.com\/wp-content\/uploads\/2025\/09\/4-5-600x600.webp 600w, https:\/\/mountlaser.com\/wp-content\/uploads\/2025\/09\/4-5-150x150.webp 150w, https:\/\/mountlaser.com\/wp-content\/uploads\/2025\/09\/4-5-768x768.webp 768w, https:\/\/mountlaser.com\/wp-content\/uploads\/2025\/09\/4-5-12x12.webp 12w\" sizes=\"(max-width: 500px) 100vw, 500px\" \/><\/p>\n<p>Cho\u0107 nie posiada pionu optycznego, jego niezawodna konstrukcja sprawia, \u017ce jest to praktyczny wyb\u00f3r na placach budowy i w innych miejscach, gdzie podstawowa stabilno\u015b\u0107 jest kluczowa. Wybierz sprawdzon\u0105 niezawodno\u015b\u0107 <a href=\"https:\/\/mountlaser.com\/pl\/kategoria-produktu\/surveying-accessory\/\"><strong>Tr\u00f3jn\u00f3g w stylu szwajcarskim<\/strong><\/a> do Twoich niezb\u0119dnych konfiguracji. GDF21 uciele\u015bnia t\u0119 tradycj\u0119 w ekonomicznym opakowaniu, oferuj\u0105c solidno\u015b\u0107, jakiej oczekujesz od spodu w stylu szwajcarskim.<\/p>","protected":false},"excerpt":{"rendered":"<ul>\n<li>Wykonane z trwa\u0142ego aluminium ze standardowym gwintem \u017ce\u0144skim 5\/8\u2033-11 zapewniaj\u0105cym uniwersaln\u0105 kompatybilno\u015b\u0107.<\/li>\n<li>Przeznaczony do standardowych zastosowa\u0144 precyzyjnych bez zintegrowanego pionownika optycznego.<\/li>\n<\/ul>","protected":false},"featured_media":2195,"comment_status":"open","ping_status":"closed","template":"","meta":[],"product_brand":[],"product_cat":[79,101],"product_tag":[],"class_list":{"0":"post-2200","1":"product","2":"type-product","3":"status-publish","4":"has-post-thumbnail","6":"product_cat-surveying-accessory","7":"product_cat-standard-precision-tribrach","9":"first","10":"instock","11":"shipping-taxable","12":"product-type-simple"},"_links":{"self":[{"href":"https:\/\/mountlaser.com\/pl\/wp-json\/wp\/v2\/product\/2200","targetHints":{"allow":["GET"]}}],"collection":[{"href":"https:\/\/mountlaser.com\/pl\/wp-json\/wp\/v2\/product"}],"about":[{"href":"https:\/\/mountlaser.com\/pl\/wp-json\/wp\/v2\/types\/product"}],"replies":[{"embeddable":true,"href":"https:\/\/mountlaser.com\/pl\/wp-json\/wp\/v2\/comments?post=2200"}],"wp:featuredmedia":[{"embeddable":true,"href":"https:\/\/mountlaser.com\/pl\/wp-json\/wp\/v2\/media\/2195"}],"wp:attachment":[{"href":"https:\/\/mountlaser.com\/pl\/wp-json\/wp\/v2\/media?parent=2200"}],"wp:term":[{"taxonomy":"product_brand","embeddable":true,"href":"https:\/\/mountlaser.com\/pl\/wp-json\/wp\/v2\/product_brand?post=2200"},{"taxonomy":"product_cat","embeddable":true,"href":"https:\/\/mountlaser.com\/pl\/wp-json\/wp\/v2\/product_cat?post=2200"},{"taxonomy":"product_tag","embeddable":true,"href":"https:\/\/mountlaser.com\/pl\/wp-json\/wp\/v2\/product_tag?post=2200"}],"curies":[{"name":"wp","href":"https:\/\/api.w.org\/{rel}","templated":true}]}}