{"id":2181,"date":"2025-09-24T08:21:21","date_gmt":"2025-09-24T08:21:21","guid":{"rendered":"https:\/\/mountlaser.com\/?post_type=product&#038;p=2181"},"modified":"2025-12-01T01:34:36","modified_gmt":"2025-12-01T01:34:36","slug":"grt144-carrier-with-stub","status":"publish","type":"product","link":"https:\/\/mountlaser.com\/pl\/produkt\/grt144-carrier-with-stub\/","title":{"rendered":"GRT144 No\u015bnik z czopuchem"},"content":{"rendered":"<p>Ten <a href=\"https:\/\/mountlaser.com\/pl\/\">Monta\u017c lasera GRT144<\/a> to specjalistyczny uchwyt GRT144 do anten GPS, zaprojektowany z my\u015bl\u0105 o bezpiecznym i stabilnym monta\u017cu sprz\u0119tu geodezyjnego. Ten wytrzyma\u0142y aluminiowy uchwyt posiada zintegrowany trzpie\u0144, co zapewnia precyzyjne i niezawodne pozycjonowanie anten GPS w r\u00f3\u017cnych warunkach terenowych.<\/p>\n<p><img fetchpriority=\"high\" decoding=\"async\" class=\"aligncenter wp-image-2183\" src=\"https:\/\/mountlaser.com\/wp-content\/uploads\/2025\/09\/5-4.webp\" alt=\"Carrier GRT144 for GPS Antenna\" width=\"500\" height=\"500\" srcset=\"https:\/\/mountlaser.com\/wp-content\/uploads\/2025\/09\/5-4.webp 1000w, https:\/\/mountlaser.com\/wp-content\/uploads\/2025\/09\/5-4-300x300.webp 300w, https:\/\/mountlaser.com\/wp-content\/uploads\/2025\/09\/5-4-400x400.webp 400w, https:\/\/mountlaser.com\/wp-content\/uploads\/2025\/09\/5-4-800x800.webp 800w, https:\/\/mountlaser.com\/wp-content\/uploads\/2025\/09\/5-4-600x600.webp 600w, https:\/\/mountlaser.com\/wp-content\/uploads\/2025\/09\/5-4-150x150.webp 150w, https:\/\/mountlaser.com\/wp-content\/uploads\/2025\/09\/5-4-768x768.webp 768w, https:\/\/mountlaser.com\/wp-content\/uploads\/2025\/09\/5-4-12x12.webp 12w\" sizes=\"(max-width: 500px) 100vw, 500px\" \/><\/p>\n<p>Jako oddany <a href=\"https:\/\/mountlaser.com\/pl\/kategoria-produktu\/surveying-accessory\/\"><strong>No\u015bnik GRT144 do anteny GPS<\/strong><\/a>, Oferuje doskona\u0142\u0105 kompatybilno\u015b\u0107 ze standardowymi spodarkami, co czyni go niezb\u0119dnym narz\u0119dziem do precyzyjnego gromadzenia danych geoprzestrzennych. Dost\u0119pny w kolorze zielonym lub czarnym, co u\u0142atwia identyfikacj\u0119 sprz\u0119tu (SKU: 667313), ten uchwyt zapewnia trwa\u0142o\u015b\u0107 i wydajno\u015b\u0107 wymagan\u0105 w profesjonalnych zastosowaniach geodezyjnych. Zaufaj <a href=\"https:\/\/mountlaser.com\/pl\/about-us\/\">No\u015bnik GRT144 do anteny GPS<\/a> aby zachowa\u0107 integralno\u015b\u0107 sygna\u0142u i zwi\u0119kszy\u0107 dok\u0142adno\u015b\u0107 pomiar\u00f3w.<\/p>","protected":false},"excerpt":{"rendered":"<ul>\n<li>Bezpieczne mocowanie GPS: Zaprojektowane specjalnie do stabilnego umiejscowienia anteny GPS, gwarantuj\u0105c niezawodno\u015b\u0107 sygna\u0142u<\/li>\n<li>Konstrukcja aluminiowa: Wytrzyma\u0142y, a zarazem lekki materia\u0142, odpowiedni do u\u017cytku w terenie<\/li>\n<li>Integracja Stub: zapewnia precyzyjne pozycjonowanie i szybkie mo\u017cliwo\u015bci konfiguracji<\/li>\n<\/ul>","protected":false},"featured_media":2182,"comment_status":"open","ping_status":"closed","template":"","meta":[],"product_brand":[],"product_cat":[79,100],"product_tag":[],"class_list":{"0":"post-2181","1":"product","2":"type-product","3":"status-publish","4":"has-post-thumbnail","6":"product_cat-surveying-accessory","7":"product_cat-standard-precision-carrier","9":"first","10":"instock","11":"shipping-taxable","12":"product-type-simple"},"_links":{"self":[{"href":"https:\/\/mountlaser.com\/pl\/wp-json\/wp\/v2\/product\/2181","targetHints":{"allow":["GET"]}}],"collection":[{"href":"https:\/\/mountlaser.com\/pl\/wp-json\/wp\/v2\/product"}],"about":[{"href":"https:\/\/mountlaser.com\/pl\/wp-json\/wp\/v2\/types\/product"}],"replies":[{"embeddable":true,"href":"https:\/\/mountlaser.com\/pl\/wp-json\/wp\/v2\/comments?post=2181"}],"wp:featuredmedia":[{"embeddable":true,"href":"https:\/\/mountlaser.com\/pl\/wp-json\/wp\/v2\/media\/2182"}],"wp:attachment":[{"href":"https:\/\/mountlaser.com\/pl\/wp-json\/wp\/v2\/media?parent=2181"}],"wp:term":[{"taxonomy":"product_brand","embeddable":true,"href":"https:\/\/mountlaser.com\/pl\/wp-json\/wp\/v2\/product_brand?post=2181"},{"taxonomy":"product_cat","embeddable":true,"href":"https:\/\/mountlaser.com\/pl\/wp-json\/wp\/v2\/product_cat?post=2181"},{"taxonomy":"product_tag","embeddable":true,"href":"https:\/\/mountlaser.com\/pl\/wp-json\/wp\/v2\/product_tag?post=2181"}],"curies":[{"name":"wp","href":"https:\/\/api.w.org\/{rel}","templated":true}]}}