{"id":2174,"date":"2025-09-24T08:07:56","date_gmt":"2025-09-24T08:07:56","guid":{"rendered":"https:\/\/mountlaser.com\/?post_type=product&#038;p=2174"},"modified":"2025-12-01T01:39:14","modified_gmt":"2025-12-01T01:39:14","slug":"grt10-swiss-style-adapter-with-stub","status":"publish","type":"product","link":"https:\/\/mountlaser.com\/pl\/produkt\/grt10-swiss-style-adapter-with-stub\/","title":{"rendered":"GRT10 Adapter typu szwajcarskiego z bolcem"},"content":{"rendered":"<p>Ten <a href=\"https:\/\/mountlaser.com\/pl\/kategoria-produktu\/surveying-accessory\/\"><strong>Monta\u017c lasera GRT10<\/strong><\/a> jest precyzyjnie zaprojektowany <a href=\"https:\/\/mountlaser.com\/pl\/about-us\/\"><strong>No\u015bnik pryzmatu GRT10<\/strong><\/a> Zaprojektowany dla geodet\u00f3w wymagaj\u0105cych niezawodnej wydajno\u015bci. Zbudowany z solidnym, szwajcarskim z\u0142\u0105czem czopowym, ten aluminiowy uchwyt zapewnia bezpieczny monta\u017c pryzmat\u00f3w w r\u00f3\u017cnych zastosowaniach geodezyjnych.<\/p>\n<p><img fetchpriority=\"high\" decoding=\"async\" class=\"aligncenter wp-image-2177\" src=\"https:\/\/mountlaser.com\/wp-content\/uploads\/2025\/09\/5-3.webp\" alt=\"GRT10 Prism Carrier\" width=\"500\" height=\"500\" srcset=\"https:\/\/mountlaser.com\/wp-content\/uploads\/2025\/09\/5-3.webp 1000w, https:\/\/mountlaser.com\/wp-content\/uploads\/2025\/09\/5-3-300x300.webp 300w, https:\/\/mountlaser.com\/wp-content\/uploads\/2025\/09\/5-3-400x400.webp 400w, https:\/\/mountlaser.com\/wp-content\/uploads\/2025\/09\/5-3-800x800.webp 800w, https:\/\/mountlaser.com\/wp-content\/uploads\/2025\/09\/5-3-600x600.webp 600w, https:\/\/mountlaser.com\/wp-content\/uploads\/2025\/09\/5-3-150x150.webp 150w, https:\/\/mountlaser.com\/wp-content\/uploads\/2025\/09\/5-3-768x768.webp 768w, https:\/\/mountlaser.com\/wp-content\/uploads\/2025\/09\/5-3-12x12.webp 12w\" sizes=\"(max-width: 500px) 100vw, 500px\" \/><br \/>\nTen <a href=\"https:\/\/mountlaser.com\/pl\/contact-us\/\">No\u015bnik pryzmatu GRT10<\/a> Cechuje si\u0119 trwa\u0142\u0105, a zarazem lekk\u0105 konstrukcj\u0105, dzi\u0119ki czemu idealnie nadaje si\u0119 do d\u0142ugotrwa\u0142ego u\u017cytkowania w terenie, zapewniaj\u0105c jednocze\u015bnie precyzyjne pozycjonowanie. Dost\u0119pny w kolorze zielonym lub czarnym, co u\u0142atwia identyfikacj\u0119 sprz\u0119tu, model ten zapewnia wyj\u0105tkow\u0105 kompatybilno\u015b\u0107 ze standardowymi spodarkami. Wspornik pryzmatu GRT10 zapewnia sta\u0142\u0105 dok\u0142adno\u015b\u0107 i niezawodn\u0105 prac\u0119, oferuj\u0105c praktyczne rozwi\u0105zanie do codziennych zada\u0144 geodezyjnych.<\/p>","protected":false},"excerpt":{"rendered":"<ul>\n<li>Szwajcarska konstrukcja czopu: zapewnia bezpieczne i stabilne po\u0142\u0105czenie pryzmat\u00f3w, zwi\u0119kszaj\u0105c dok\u0142adno\u015b\u0107 pomiaru.<\/li>\n<li>Konstrukcja aluminiowa: \u0142\u0105czy wytrzyma\u0142o\u015b\u0107 z lekko\u015bci\u0105, zapewniaj\u0105c trwa\u0142o\u015b\u0107 i \u0142atwo\u015b\u0107 przenoszenia.<\/li>\n<\/ul>","protected":false},"featured_media":2175,"comment_status":"open","ping_status":"closed","template":"","meta":[],"product_brand":[],"product_cat":[79,100],"product_tag":[],"class_list":{"0":"post-2174","1":"product","2":"type-product","3":"status-publish","4":"has-post-thumbnail","6":"product_cat-surveying-accessory","7":"product_cat-standard-precision-carrier","9":"first","10":"instock","11":"shipping-taxable","12":"product-type-simple"},"_links":{"self":[{"href":"https:\/\/mountlaser.com\/pl\/wp-json\/wp\/v2\/product\/2174","targetHints":{"allow":["GET"]}}],"collection":[{"href":"https:\/\/mountlaser.com\/pl\/wp-json\/wp\/v2\/product"}],"about":[{"href":"https:\/\/mountlaser.com\/pl\/wp-json\/wp\/v2\/types\/product"}],"replies":[{"embeddable":true,"href":"https:\/\/mountlaser.com\/pl\/wp-json\/wp\/v2\/comments?post=2174"}],"wp:featuredmedia":[{"embeddable":true,"href":"https:\/\/mountlaser.com\/pl\/wp-json\/wp\/v2\/media\/2175"}],"wp:attachment":[{"href":"https:\/\/mountlaser.com\/pl\/wp-json\/wp\/v2\/media?parent=2174"}],"wp:term":[{"taxonomy":"product_brand","embeddable":true,"href":"https:\/\/mountlaser.com\/pl\/wp-json\/wp\/v2\/product_brand?post=2174"},{"taxonomy":"product_cat","embeddable":true,"href":"https:\/\/mountlaser.com\/pl\/wp-json\/wp\/v2\/product_cat?post=2174"},{"taxonomy":"product_tag","embeddable":true,"href":"https:\/\/mountlaser.com\/pl\/wp-json\/wp\/v2\/product_tag?post=2174"}],"curies":[{"name":"wp","href":"https:\/\/api.w.org\/{rel}","templated":true}]}}