{"id":2159,"date":"2025-09-24T07:44:59","date_gmt":"2025-09-24T07:44:59","guid":{"rendered":"https:\/\/mountlaser.com\/?post_type=product&#038;p=2159"},"modified":"2025-12-01T01:43:36","modified_gmt":"2025-12-01T01:43:36","slug":"grt146-standard-precision-carrier","status":"publish","type":"product","link":"https:\/\/mountlaser.com\/pl\/produkt\/grt146-standard-precision-carrier\/","title":{"rendered":"GRT146 Standardowy precyzyjny no\u015bnik"},"content":{"rendered":"<p>Ten <a href=\"https:\/\/mountlaser.com\/pl\/\"><strong>Monta\u017c lasera GRT146<\/strong><\/a> to wytrzyma\u0142y i niezawodny uchwyt GRT146 zaprojektowany z my\u015bl\u0105 o bezproblemowej integracji ze spodarkami geodezyjnymi. Wykonany z wysokiej jako\u015bci aluminium, uchwyt ten stanowi trwa\u0142e, a jednocze\u015bnie lekkie rozwi\u0105zanie do monta\u017cu pryzmat\u00f3w i innych akcesori\u00f3w.<\/p>\n<p>Ten <a href=\"https:\/\/mountlaser.com\/pl\/kategoria-produktu\/surveying-accessory\/\"><strong>No\u015bnik GRT146<\/strong><\/a> jest zaprojektowany z my\u015bl\u0105 o precyzji i trwa\u0142o\u015bci, gwarantuj\u0105c stabiln\u0105 prac\u0119 w r\u00f3\u017cnych warunkach terenowych.<\/p>\n<p>&nbsp;<\/p>\n<p><img fetchpriority=\"high\" decoding=\"async\" class=\"wp-image-2162 aligncenter\" src=\"https:\/\/mountlaser.com\/wp-content\/uploads\/2025\/09\/5-2.webp\" alt=\"GRT146 Carrier\" width=\"500\" height=\"500\" srcset=\"https:\/\/mountlaser.com\/wp-content\/uploads\/2025\/09\/5-2.webp 1000w, https:\/\/mountlaser.com\/wp-content\/uploads\/2025\/09\/5-2-300x300.webp 300w, https:\/\/mountlaser.com\/wp-content\/uploads\/2025\/09\/5-2-400x400.webp 400w, https:\/\/mountlaser.com\/wp-content\/uploads\/2025\/09\/5-2-800x800.webp 800w, https:\/\/mountlaser.com\/wp-content\/uploads\/2025\/09\/5-2-600x600.webp 600w, https:\/\/mountlaser.com\/wp-content\/uploads\/2025\/09\/5-2-150x150.webp 150w, https:\/\/mountlaser.com\/wp-content\/uploads\/2025\/09\/5-2-768x768.webp 768w, https:\/\/mountlaser.com\/wp-content\/uploads\/2025\/09\/5-2-12x12.webp 12w\" sizes=\"(max-width: 500px) 100vw, 500px\" \/><\/p>\n<p>Dost\u0119pny w kolorze zielonym lub czarnym, co u\u0142atwia identyfikacj\u0119 sprz\u0119tu, ten model (SKU: 667216) oferuje doskona\u0142\u0105 kompatybilno\u015b\u0107 i stosunek jako\u015bci do ceny. To podstawowy komponent, kt\u00f3remu mo\u017cna zaufa\u0107. <a href=\"https:\/\/mountlaser.com\/pl\/contact-us\/\">No\u015bnik GRT146<\/a> zapewnia podstawow\u0105 wydajno\u015b\u0107 w codziennych zadaniach geodezyjnych.<\/p>","protected":false},"excerpt":{"rendered":"<ul>\n<li>Precyzyjna in\u017cynieria: zapewnia dok\u0142adne i bezpieczne dopasowanie do standardowych spodarek, co przek\u0142ada si\u0119 na sta\u0142\u0105 dok\u0142adno\u015b\u0107 pomiar\u00f3w.<\/li>\n<li>Opcje kolor\u00f3w: Dost\u0119pne w kolorze zielonym i czarnym, co u\u0142atwia zarz\u0105dzanie sprz\u0119tem i jego organizacj\u0119.<\/li>\n<\/ul>","protected":false},"featured_media":2160,"comment_status":"open","ping_status":"closed","template":"","meta":[],"product_brand":[],"product_cat":[79,100],"product_tag":[],"class_list":{"0":"post-2159","1":"product","2":"type-product","3":"status-publish","4":"has-post-thumbnail","6":"product_cat-surveying-accessory","7":"product_cat-standard-precision-carrier","9":"first","10":"instock","11":"shipping-taxable","12":"product-type-simple"},"_links":{"self":[{"href":"https:\/\/mountlaser.com\/pl\/wp-json\/wp\/v2\/product\/2159","targetHints":{"allow":["GET"]}}],"collection":[{"href":"https:\/\/mountlaser.com\/pl\/wp-json\/wp\/v2\/product"}],"about":[{"href":"https:\/\/mountlaser.com\/pl\/wp-json\/wp\/v2\/types\/product"}],"replies":[{"embeddable":true,"href":"https:\/\/mountlaser.com\/pl\/wp-json\/wp\/v2\/comments?post=2159"}],"wp:featuredmedia":[{"embeddable":true,"href":"https:\/\/mountlaser.com\/pl\/wp-json\/wp\/v2\/media\/2160"}],"wp:attachment":[{"href":"https:\/\/mountlaser.com\/pl\/wp-json\/wp\/v2\/media?parent=2159"}],"wp:term":[{"taxonomy":"product_brand","embeddable":true,"href":"https:\/\/mountlaser.com\/pl\/wp-json\/wp\/v2\/product_brand?post=2159"},{"taxonomy":"product_cat","embeddable":true,"href":"https:\/\/mountlaser.com\/pl\/wp-json\/wp\/v2\/product_cat?post=2159"},{"taxonomy":"product_tag","embeddable":true,"href":"https:\/\/mountlaser.com\/pl\/wp-json\/wp\/v2\/product_tag?post=2159"}],"curies":[{"name":"wp","href":"https:\/\/api.w.org\/{rel}","templated":true}]}}