{"id":2158,"date":"2025-09-24T07:35:41","date_gmt":"2025-09-24T07:35:41","guid":{"rendered":"https:\/\/mountlaser.com\/?post_type=product&#038;p=2158"},"modified":"2025-12-01T01:45:01","modified_gmt":"2025-12-01T01:45:01","slug":"gzs4-1-standard-precision-carrier","status":"publish","type":"product","link":"https:\/\/mountlaser.com\/pl\/produkt\/gzs4-1-standard-precision-carrier\/","title":{"rendered":"GZS4-1 Standardowy precyzyjny no\u015bnik"},"content":{"rendered":"<p>Osi\u0105gnij niezr\u00f3wnan\u0105 dok\u0142adno\u015b\u0107 pomiaru wysoko\u015bci dzi\u0119ki <a href=\"https:\/\/mountlaser.com\/pl\/\">Mocowanie laserowe<\/a> <a href=\"https:\/\/mountlaser.com\/pl\/kategoria-produktu\/surveying-accessory\/\"><strong>Hak wysoko\u015bci GZS4-1<\/strong><\/a>. Ten innowacyjny hak do pomiaru wysoko\u015bci GZS4-1 zosta\u0142 zaprojektowany specjalnie z my\u015bl\u0105 o bezproblemowym po\u0142\u0105czeniu ze wszystkimi uchwytami Leica Geosystems, umo\u017cliwiaj\u0105c umieszczenie ta\u015bmy mierniczej bezpo\u015brednio pod \u015brodkiem spodarki.<\/p>\n<p>Zintegrowana ta\u015bma miernicza posiada podzia\u0142k\u0119 w milimetrach i calach, umo\u017cliwiaj\u0105c precyzyjny pomiar wysoko\u015bci anten i reflektor\u00f3w GNSS z \u0142atwo\u015bci\u0105. Wykonane z wytrzyma\u0142ego aluminium, to niezb\u0119dne narz\u0119dzie gwarantuje niezawodno\u015b\u0107 na ka\u017cdym placu budowy.<\/p>\n<p><img fetchpriority=\"high\" decoding=\"async\" class=\"wp-image-2193 aligncenter\" src=\"https:\/\/mountlaser.com\/wp-content\/uploads\/2025\/09\/6885317e8096e117dcc3e7916444fd42.webp\" alt=\"GZS4-1 Height Hook\" width=\"500\" height=\"500\" srcset=\"https:\/\/mountlaser.com\/wp-content\/uploads\/2025\/09\/6885317e8096e117dcc3e7916444fd42.webp 800w, https:\/\/mountlaser.com\/wp-content\/uploads\/2025\/09\/6885317e8096e117dcc3e7916444fd42-300x300.webp 300w, https:\/\/mountlaser.com\/wp-content\/uploads\/2025\/09\/6885317e8096e117dcc3e7916444fd42-400x400.webp 400w, https:\/\/mountlaser.com\/wp-content\/uploads\/2025\/09\/6885317e8096e117dcc3e7916444fd42-600x600.webp 600w, https:\/\/mountlaser.com\/wp-content\/uploads\/2025\/09\/6885317e8096e117dcc3e7916444fd42-150x150.webp 150w, https:\/\/mountlaser.com\/wp-content\/uploads\/2025\/09\/6885317e8096e117dcc3e7916444fd42-768x768.webp 768w, https:\/\/mountlaser.com\/wp-content\/uploads\/2025\/09\/6885317e8096e117dcc3e7916444fd42-12x12.webp 12w\" sizes=\"(max-width: 500px) 100vw, 500px\" \/><\/p>\n<p>Ten <a href=\"https:\/\/mountlaser.com\/pl\/products\/\">Hak wysoko\u015bci GZS4-1<\/a> jest dost\u0119pny w kolorze zielonym lub czarnym, dzi\u0119ki czemu stanowi niezb\u0119dne akcesorium dla geodet\u00f3w wymagaj\u0105cych precyzji i wydajno\u015bci podczas pracy.<\/p>","protected":false},"excerpt":{"rendered":"<ul>\n<li>Posiada zintegrowan\u0105 ta\u015bm\u0119 miernicz\u0105 z podzia\u0142k\u0105 w mm i calach umo\u017cliwiaj\u0105c\u0105 bezpo\u015bredni i dok\u0142adny odczyt wysoko\u015bci pod spodem.<\/li>\n<li>Bezproblemowa integracja ze wszystkimi standardowymi uchwytami Leica Geosystems, co zapewnia uniwersalne zastosowanie.<\/li>\n<\/ul>","protected":false},"featured_media":2193,"comment_status":"open","ping_status":"closed","template":"","meta":[],"product_brand":[],"product_cat":[79,100],"product_tag":[],"class_list":{"0":"post-2158","1":"product","2":"type-product","3":"status-publish","4":"has-post-thumbnail","6":"product_cat-surveying-accessory","7":"product_cat-standard-precision-carrier","9":"first","10":"instock","11":"shipping-taxable","12":"product-type-simple"},"_links":{"self":[{"href":"https:\/\/mountlaser.com\/pl\/wp-json\/wp\/v2\/product\/2158","targetHints":{"allow":["GET"]}}],"collection":[{"href":"https:\/\/mountlaser.com\/pl\/wp-json\/wp\/v2\/product"}],"about":[{"href":"https:\/\/mountlaser.com\/pl\/wp-json\/wp\/v2\/types\/product"}],"replies":[{"embeddable":true,"href":"https:\/\/mountlaser.com\/pl\/wp-json\/wp\/v2\/comments?post=2158"}],"wp:featuredmedia":[{"embeddable":true,"href":"https:\/\/mountlaser.com\/pl\/wp-json\/wp\/v2\/media\/2193"}],"wp:attachment":[{"href":"https:\/\/mountlaser.com\/pl\/wp-json\/wp\/v2\/media?parent=2158"}],"wp:term":[{"taxonomy":"product_brand","embeddable":true,"href":"https:\/\/mountlaser.com\/pl\/wp-json\/wp\/v2\/product_brand?post=2158"},{"taxonomy":"product_cat","embeddable":true,"href":"https:\/\/mountlaser.com\/pl\/wp-json\/wp\/v2\/product_cat?post=2158"},{"taxonomy":"product_tag","embeddable":true,"href":"https:\/\/mountlaser.com\/pl\/wp-json\/wp\/v2\/product_tag?post=2158"}],"curies":[{"name":"wp","href":"https:\/\/api.w.org\/{rel}","templated":true}]}}