{"id":2151,"date":"2025-09-24T07:18:36","date_gmt":"2025-09-24T07:18:36","guid":{"rendered":"https:\/\/mountlaser.com\/?post_type=product&#038;p=2151"},"modified":"2025-12-01T01:46:52","modified_gmt":"2025-12-01T01:46:52","slug":"grt247-standard-precision-carrier","status":"publish","type":"product","link":"https:\/\/mountlaser.com\/pl\/produkt\/grt247-standard-precision-carrier\/","title":{"rendered":"GRT247 Standardowy precyzyjny no\u015bnik"},"content":{"rendered":"<p>Ten <a href=\"https:\/\/mountlaser.com\/pl\/\"><strong>Monta\u017c lasera GRT247<\/strong><\/a> to wysokiej jako\u015bci aluminiowy, precyzyjny uchwyt zaprojektowany dla geodet\u00f3w wymagaj\u0105cych wyj\u0105tkowej stabilno\u015bci i wytrzyma\u0142o\u015bci. Zaprojektowany jako adapter do spodarki w stylu szwajcarskim, ten wytrzyma\u0142y uchwyt zapewnia bezproblemow\u0105 integracj\u0119 z posiadanym sprz\u0119tem.<\/p>\n<p><img fetchpriority=\"high\" decoding=\"async\" class=\"wp-image-2155 aligncenter\" src=\"https:\/\/mountlaser.com\/wp-content\/uploads\/2025\/09\/6-1.webp\" alt=\"Aluminum Precision Carrier\" width=\"500\" height=\"500\" srcset=\"https:\/\/mountlaser.com\/wp-content\/uploads\/2025\/09\/6-1.webp 1000w, https:\/\/mountlaser.com\/wp-content\/uploads\/2025\/09\/6-1-300x300.webp 300w, https:\/\/mountlaser.com\/wp-content\/uploads\/2025\/09\/6-1-400x400.webp 400w, https:\/\/mountlaser.com\/wp-content\/uploads\/2025\/09\/6-1-800x800.webp 800w, https:\/\/mountlaser.com\/wp-content\/uploads\/2025\/09\/6-1-600x600.webp 600w, https:\/\/mountlaser.com\/wp-content\/uploads\/2025\/09\/6-1-150x150.webp 150w, https:\/\/mountlaser.com\/wp-content\/uploads\/2025\/09\/6-1-768x768.webp 768w, https:\/\/mountlaser.com\/wp-content\/uploads\/2025\/09\/6-1-12x12.webp 12w\" sizes=\"(max-width: 500px) 100vw, 500px\" \/><\/p>\n<p>Wykonany z wysokiej jako\u015bci aluminium, ten aluminiowy, precyzyjny baga\u017cnik zapewnia idealn\u0105 r\u00f3wnowag\u0119 mi\u0119dzy lekko\u015bci\u0105 i solidno\u015bci\u0105, idealny do wymagaj\u0105cych warunk\u00f3w terenowych. Dost\u0119pny w kolorze zielonym lub czarnym dla \u0142atwej identyfikacji.<\/p>\n<p>Aby uzyska\u0107 niezawodne po\u0142\u0105czenie, kt\u00f3re Ci\u0119 nie zawiedzie, GRT247 <a href=\"https:\/\/mountlaser.com\/pl\/kategoria-produktu\/surveying-accessory\/\"><strong>Aluminiowy precyzyjny no\u015bnik<\/strong><\/a> jest ostatecznym wyborem pod k\u0105tem precyzji i trwa\u0142o\u015bci.<\/p>","protected":false},"excerpt":{"rendered":"<ul>\n<li>Konstrukcja aluminiowa o wysokiej wytrzyma\u0142o\u015bci: zapewnia optymalny stosunek wytrzyma\u0142o\u015bci do masy<\/li>\n<li>zapewniaj\u0105c trwa\u0142o\u015b\u0107 bez zb\u0119dnej obj\u0119to\u015bci.<\/li>\n<li>Kompatybilno\u015b\u0107 ze systemem Swiss-Style: Zaprojektowany do precyzyjnego i niezawodnego monta\u017cu w kompatybilnych spodarkach.<\/li>\n<\/ul>","protected":false},"featured_media":2152,"comment_status":"open","ping_status":"closed","template":"","meta":[],"product_brand":[],"product_cat":[79,100],"product_tag":[],"class_list":{"0":"post-2151","1":"product","2":"type-product","3":"status-publish","4":"has-post-thumbnail","6":"product_cat-surveying-accessory","7":"product_cat-standard-precision-carrier","9":"first","10":"instock","11":"shipping-taxable","12":"product-type-simple"},"_links":{"self":[{"href":"https:\/\/mountlaser.com\/pl\/wp-json\/wp\/v2\/product\/2151","targetHints":{"allow":["GET"]}}],"collection":[{"href":"https:\/\/mountlaser.com\/pl\/wp-json\/wp\/v2\/product"}],"about":[{"href":"https:\/\/mountlaser.com\/pl\/wp-json\/wp\/v2\/types\/product"}],"replies":[{"embeddable":true,"href":"https:\/\/mountlaser.com\/pl\/wp-json\/wp\/v2\/comments?post=2151"}],"wp:featuredmedia":[{"embeddable":true,"href":"https:\/\/mountlaser.com\/pl\/wp-json\/wp\/v2\/media\/2152"}],"wp:attachment":[{"href":"https:\/\/mountlaser.com\/pl\/wp-json\/wp\/v2\/media?parent=2151"}],"wp:term":[{"taxonomy":"product_brand","embeddable":true,"href":"https:\/\/mountlaser.com\/pl\/wp-json\/wp\/v2\/product_brand?post=2151"},{"taxonomy":"product_cat","embeddable":true,"href":"https:\/\/mountlaser.com\/pl\/wp-json\/wp\/v2\/product_cat?post=2151"},{"taxonomy":"product_tag","embeddable":true,"href":"https:\/\/mountlaser.com\/pl\/wp-json\/wp\/v2\/product_tag?post=2151"}],"curies":[{"name":"wp","href":"https:\/\/api.w.org\/{rel}","templated":true}]}}