{"id":169,"date":"2024-02-28T15:44:56","date_gmt":"2024-02-28T15:44:56","guid":{"rendered":"https:\/\/startersites.io\/blocksy\/pottery\/?post_type=product&#038;p=169"},"modified":"2025-12-01T07:49:40","modified_gmt":"2025-12-01T07:49:40","slug":"fdj01d-japanese-style-tribrach","status":"publish","type":"product","link":"https:\/\/mountlaser.com\/pl\/produkt\/fdj01d-japanese-style-tribrach\/","title":{"rendered":"Spodarka FDJ01D w stylu japo\u0144skim"},"content":{"rendered":"<p>Ten <a href=\"https:\/\/mountlaser.com\/pl\/\"><strong>Mocowanie lasera FDJ01D<\/strong><\/a> ustanawia nowy standard jako niezb\u0119dny<a href=\"https:\/\/mountlaser.com\/pl\/kategoria-produktu\/surveying-accessory\/\"><strong> Spodarka do sprz\u0119tu geodezyjnego<\/strong><\/a>.<\/p>\n<p>Ta niezwykle precyzyjna spodarka geodezyjna jest wyposa\u017cona w precyzyjny pionownik optyczny zaprojektowany zgodnie ze s\u0142ynnym japo\u0144skim stylem TOP, co zapewnia niezr\u00f3wnan\u0105 dok\u0142adno\u015b\u0107 i trwa\u0142o\u015b\u0107.<\/p>\n<p><img fetchpriority=\"high\" decoding=\"async\" class=\"wp-image-2137 aligncenter\" src=\"https:\/\/mountlaser.com\/wp-content\/uploads\/2024\/02\/4.webp\" alt=\"Tribrach for surveying equipment \" width=\"500\" height=\"500\" srcset=\"https:\/\/mountlaser.com\/wp-content\/uploads\/2024\/02\/4.webp 1000w, https:\/\/mountlaser.com\/wp-content\/uploads\/2024\/02\/4-300x300.webp 300w, https:\/\/mountlaser.com\/wp-content\/uploads\/2024\/02\/4-400x400.webp 400w, https:\/\/mountlaser.com\/wp-content\/uploads\/2024\/02\/4-800x800.webp 800w, https:\/\/mountlaser.com\/wp-content\/uploads\/2024\/02\/4-600x600.webp 600w, https:\/\/mountlaser.com\/wp-content\/uploads\/2024\/02\/4-150x150.webp 150w, https:\/\/mountlaser.com\/wp-content\/uploads\/2024\/02\/4-768x768.webp 768w, https:\/\/mountlaser.com\/wp-content\/uploads\/2024\/02\/4-12x12.webp 12w\" sizes=\"(max-width: 500px) 100vw, 500px\" \/><\/p>\n<p>Zaprojektowany dla najbardziej wymagaj\u0105cych profesjonalist\u00f3w, <a href=\"https:\/\/mountlaser.com\/pl\/contact-us\/\">FDJ01D<\/a> Zapewnia szybki i precyzyjny monta\u017c, zapewniaj\u0105c solidny fundament dla Twojego tachimetru. Dost\u0119pny w kolorze \u017c\u00f3\u0142tym, szarym lub czarnym.<br \/>\nJe\u015bli potrzebujesz niezawodnej spodarki geodezyjnej zwi\u0119kszaj\u0105cej wydajno\u015b\u0107, FDJ01D jest najlepszym wyborem dla sprz\u0119tu geodezyjnego, stworzonego do pracy w ka\u017cdych warunkach.<\/p>","protected":false},"excerpt":{"rendered":"<ul>\n<li>Wysoka precyzja wykonania: gwarantuje idealne wymuszone centrowanie, zapewniaj\u0105c integralno\u015b\u0107 pomiar\u00f3w.<\/li>\n<li>Japo\u0144ski standard najwy\u017cszej jako\u015bci: Wyprodukowano z najwy\u017cszej jako\u015bci materia\u0142\u00f3w i z najwy\u017csz\u0105 staranno\u015bci\u0105<\/li>\n<li>zapewniaj\u0105ca wyj\u0105tkow\u0105 trwa\u0142o\u015b\u0107 i wydajno\u015b\u0107 w trudnych warunkach.<\/li>\n<\/ul>","protected":false},"featured_media":2135,"comment_status":"open","ping_status":"closed","template":"","meta":[],"product_brand":[],"product_cat":[79,99],"product_tag":[],"class_list":{"0":"post-169","1":"product","2":"type-product","3":"status-publish","4":"has-post-thumbnail","6":"product_cat-surveying-accessory","7":"product_cat-japanese-style-tribrach","9":"first","10":"instock","11":"shipping-taxable","12":"product-type-simple"},"_links":{"self":[{"href":"https:\/\/mountlaser.com\/pl\/wp-json\/wp\/v2\/product\/169","targetHints":{"allow":["GET"]}}],"collection":[{"href":"https:\/\/mountlaser.com\/pl\/wp-json\/wp\/v2\/product"}],"about":[{"href":"https:\/\/mountlaser.com\/pl\/wp-json\/wp\/v2\/types\/product"}],"replies":[{"embeddable":true,"href":"https:\/\/mountlaser.com\/pl\/wp-json\/wp\/v2\/comments?post=169"}],"wp:featuredmedia":[{"embeddable":true,"href":"https:\/\/mountlaser.com\/pl\/wp-json\/wp\/v2\/media\/2135"}],"wp:attachment":[{"href":"https:\/\/mountlaser.com\/pl\/wp-json\/wp\/v2\/media?parent=169"}],"wp:term":[{"taxonomy":"product_brand","embeddable":true,"href":"https:\/\/mountlaser.com\/pl\/wp-json\/wp\/v2\/product_brand?post=169"},{"taxonomy":"product_cat","embeddable":true,"href":"https:\/\/mountlaser.com\/pl\/wp-json\/wp\/v2\/product_cat?post=169"},{"taxonomy":"product_tag","embeddable":true,"href":"https:\/\/mountlaser.com\/pl\/wp-json\/wp\/v2\/product_tag?post=169"}],"curies":[{"name":"wp","href":"https:\/\/api.w.org\/{rel}","templated":true}]}}