{"id":167,"date":"2024-02-28T15:44:01","date_gmt":"2024-02-28T15:44:01","guid":{"rendered":"https:\/\/startersites.io\/blocksy\/pottery\/?post_type=product&#038;p=167"},"modified":"2025-12-01T07:57:53","modified_gmt":"2025-12-01T07:57:53","slug":"tr-8p-japanese-style-tribrach","status":"publish","type":"product","link":"https:\/\/mountlaser.com\/pl\/produkt\/tr-8p-japanese-style-tribrach\/","title":{"rendered":"TR-8P tr\u00f3jbrach w stylu japo\u0144skim"},"content":{"rendered":"<p>Osi\u0105gnij niezr\u00f3wnan\u0105 szybko\u015b\u0107 i dok\u0142adno\u015b\u0107 konfiguracji dzi\u0119ki <a href=\"https:\/\/mountlaser.com\/pl\/\"><strong>Monta\u017c lasera TR-8P<\/strong><\/a>, najwy\u017cszej jako\u015bci tachimetr spodarka zaprojektowana dla nowoczesnych geodet\u00f3w.<\/p>\n<p>Ten <a href=\"https:\/\/mountlaser.com\/pl\/kategoria-produktu\/surveying-accessory\/\"><strong>Tachimetr<\/strong><\/a> Posiada wysokiej jako\u015bci wbudowany pion optyczny, wyprodukowany zgodnie z rygorystycznymi standardami japo\u0144skiego stylu TOP. TR-8P stanowi idealn\u0105 podstaw\u0119 dla Twojego instrumentu, gwarantuj\u0105c precyzj\u0119, jakiej wymaga Twoja praca. Wybierz kolor \u017c\u00f3\u0142ty, szary lub czarny, aby oznaczy\u0107 sprz\u0119t kolorami, co zwi\u0119ksza wydajno\u015b\u0107 i organizacj\u0119.<\/p>\n<p><img fetchpriority=\"high\" decoding=\"async\" class=\"wp-image-2139 aligncenter\" src=\"https:\/\/mountlaser.com\/wp-content\/uploads\/2024\/02\/7.webp\" alt=\"Total Station Tribrach\" width=\"500\" height=\"500\" srcset=\"https:\/\/mountlaser.com\/wp-content\/uploads\/2024\/02\/7.webp 1000w, https:\/\/mountlaser.com\/wp-content\/uploads\/2024\/02\/7-300x300.webp 300w, https:\/\/mountlaser.com\/wp-content\/uploads\/2024\/02\/7-400x400.webp 400w, https:\/\/mountlaser.com\/wp-content\/uploads\/2024\/02\/7-800x800.webp 800w, https:\/\/mountlaser.com\/wp-content\/uploads\/2024\/02\/7-600x600.webp 600w, https:\/\/mountlaser.com\/wp-content\/uploads\/2024\/02\/7-150x150.webp 150w, https:\/\/mountlaser.com\/wp-content\/uploads\/2024\/02\/7-768x768.webp 768w, https:\/\/mountlaser.com\/wp-content\/uploads\/2024\/02\/7-12x12.webp 12w\" sizes=\"(max-width: 500px) 100vw, 500px\" \/><br \/>\nDla profesjonalist\u00f3w, kt\u00f3rzy nie id\u0105 na kompromis w kwestii jako\u015bci, <a href=\"https:\/\/mountlaser.com\/pl\/contact-us\/\">TR-8P<\/a> to najlepsza spodarka tachimetryczna, kt\u00f3ra gwarantuje niezawodno\u015b\u0107 na ka\u017cdym placu budowy.<\/p>","protected":false},"excerpt":{"rendered":"<ul>\n<li>Umo\u017cliwia szybkie i precyzyjne centrowanie punkt\u00f3w pomiarowych, znacznie skracaj\u0105c czas konfiguracji.<\/li>\n<li>Zapewnia bezb\u0142\u0119dne wymuszone centrowanie, gwarantuj\u0105c dok\u0142adno\u015b\u0107 i integralno\u015b\u0107 pomiar\u00f3w tachimetru.<\/li>\n<li>Wykonane z materia\u0142\u00f3w najwy\u017cszej jako\u015bci, co zapewnia wyj\u0105tkow\u0105 trwa\u0142o\u015b\u0107 i d\u0142ugotrwa\u0142\u0105 wydajno\u015b\u0107 w wymagaj\u0105cych warunkach.<\/li>\n<\/ul>","protected":false},"featured_media":2136,"comment_status":"open","ping_status":"closed","template":"","meta":[],"product_brand":[],"product_cat":[79,99],"product_tag":[],"class_list":{"0":"post-167","1":"product","2":"type-product","3":"status-publish","4":"has-post-thumbnail","6":"product_cat-surveying-accessory","7":"product_cat-japanese-style-tribrach","9":"first","10":"instock","11":"shipping-taxable","12":"product-type-simple"},"_links":{"self":[{"href":"https:\/\/mountlaser.com\/pl\/wp-json\/wp\/v2\/product\/167","targetHints":{"allow":["GET"]}}],"collection":[{"href":"https:\/\/mountlaser.com\/pl\/wp-json\/wp\/v2\/product"}],"about":[{"href":"https:\/\/mountlaser.com\/pl\/wp-json\/wp\/v2\/types\/product"}],"replies":[{"embeddable":true,"href":"https:\/\/mountlaser.com\/pl\/wp-json\/wp\/v2\/comments?post=167"}],"wp:featuredmedia":[{"embeddable":true,"href":"https:\/\/mountlaser.com\/pl\/wp-json\/wp\/v2\/media\/2136"}],"wp:attachment":[{"href":"https:\/\/mountlaser.com\/pl\/wp-json\/wp\/v2\/media?parent=167"}],"wp:term":[{"taxonomy":"product_brand","embeddable":true,"href":"https:\/\/mountlaser.com\/pl\/wp-json\/wp\/v2\/product_brand?post=167"},{"taxonomy":"product_cat","embeddable":true,"href":"https:\/\/mountlaser.com\/pl\/wp-json\/wp\/v2\/product_cat?post=167"},{"taxonomy":"product_tag","embeddable":true,"href":"https:\/\/mountlaser.com\/pl\/wp-json\/wp\/v2\/product_tag?post=167"}],"curies":[{"name":"wp","href":"https:\/\/api.w.org\/{rel}","templated":true}]}}