{"id":165,"date":"2024-02-28T15:42:54","date_gmt":"2024-02-28T15:42:54","guid":{"rendered":"https:\/\/startersites.io\/blocksy\/pottery\/?post_type=product&#038;p=165"},"modified":"2025-12-01T08:01:42","modified_gmt":"2025-12-01T08:01:42","slug":"fdj01l-laser-japanese-style-tribrach","status":"publish","type":"product","link":"https:\/\/mountlaser.com\/pl\/produkt\/fdj01l-laser-japanese-style-tribrach\/","title":{"rendered":"Spodarka FDJ01L LASER w stylu japo\u0144skim"},"content":{"rendered":"<p>Przedstawiamy <a href=\"https:\/\/mountlaser.com\/pl\/\">Uchwyt laserowy FDJ01L<\/a>, rewolucyjny, precyzyjny adapter do spodarki, kt\u00f3ry integruje zaawansowan\u0105 technologi\u0119 pionownika laserowego. Ten produkt wyznacza nowy standard japo\u0144skiej spodarki optycznej, \u0142\u0105cz\u0105c cenion\u0105 jako\u015b\u0107 japo\u0144skiej in\u017cynierii z precyzj\u0105 nowoczesnego lasera.<\/p>\n<p><img fetchpriority=\"high\" decoding=\"async\" class=\"wp-image-2141 aligncenter\" src=\"https:\/\/mountlaser.com\/wp-content\/uploads\/2024\/02\/1.webp\" alt=\"high precision tribrach adapter \" width=\"500\" height=\"500\" srcset=\"https:\/\/mountlaser.com\/wp-content\/uploads\/2024\/02\/1.webp 1000w, https:\/\/mountlaser.com\/wp-content\/uploads\/2024\/02\/1-300x300.webp 300w, https:\/\/mountlaser.com\/wp-content\/uploads\/2024\/02\/1-400x400.webp 400w, https:\/\/mountlaser.com\/wp-content\/uploads\/2024\/02\/1-800x800.webp 800w, https:\/\/mountlaser.com\/wp-content\/uploads\/2024\/02\/1-600x600.webp 600w, https:\/\/mountlaser.com\/wp-content\/uploads\/2024\/02\/1-150x150.webp 150w, https:\/\/mountlaser.com\/wp-content\/uploads\/2024\/02\/1-768x768.webp 768w, https:\/\/mountlaser.com\/wp-content\/uploads\/2024\/02\/1-12x12.webp 12w\" sizes=\"(max-width: 500px) 100vw, 500px\" \/><\/p>\n<p>Ten <a href=\"https:\/\/mountlaser.com\/pl\/kategoria-produktu\/surveying-accessory\/\"><strong>FDJ01L<\/strong><\/a> przeznaczony jest dla geodet\u00f3w, kt\u00f3rzy wymagaj\u0105 najszybszej i najbardziej precyzyjnej konfiguracji w r\u00f3\u017cnych warunkach o\u015bwietleniowych.<\/p>\n<p>Jako najwy\u017cszej klasy japo\u0144ska tr\u00f3jbracha optyczna, oferuje niezr\u00f3wnan\u0105 \u0142atwo\u015b\u0107 obs\u0142ugi. Wybierz kolor \u017c\u00f3\u0142ty, szary lub czarny, aby u\u0142atwi\u0107 zarz\u0105dzanie sprz\u0119tem. To doskona\u0142y fundament. <a href=\"https:\/\/mountlaser.com\/pl\/contact-us\/\"><strong>adapter do tr\u00f3jramiennej o wysokiej precyzji<\/strong><\/a> zapewnia wydajno\u015b\u0107 przewy\u017cszaj\u0105c\u0105 oczekiwania, dzi\u0119ki czemu jest doskona\u0142ym wyborem dla profesjonalist\u00f3w.<\/p>","protected":false},"excerpt":{"rendered":"<ul>\n<li>Zintegrowany pionownik laserowy: zapewnia bardzo widoczny i precyzyjny punkt do szybkiego centrowania, zar\u00f3wno w dzie\u0144, jak i w nocy.<\/li>\n<li>Wyj\u0105tkowa dok\u0142adno\u015b\u0107: Zaprojektowany jako prawdziwie precyzyjny adapter spodarki, aby zapewni\u0107 idealne wymuszone centrowanie tachimetru.<\/li>\n<\/ul>","protected":false},"featured_media":2142,"comment_status":"open","ping_status":"closed","template":"","meta":[],"product_brand":[],"product_cat":[79,99],"product_tag":[],"class_list":{"0":"post-165","1":"product","2":"type-product","3":"status-publish","4":"has-post-thumbnail","6":"product_cat-surveying-accessory","7":"product_cat-japanese-style-tribrach","9":"first","10":"instock","11":"shipping-taxable","12":"product-type-simple"},"_links":{"self":[{"href":"https:\/\/mountlaser.com\/pl\/wp-json\/wp\/v2\/product\/165","targetHints":{"allow":["GET"]}}],"collection":[{"href":"https:\/\/mountlaser.com\/pl\/wp-json\/wp\/v2\/product"}],"about":[{"href":"https:\/\/mountlaser.com\/pl\/wp-json\/wp\/v2\/types\/product"}],"replies":[{"embeddable":true,"href":"https:\/\/mountlaser.com\/pl\/wp-json\/wp\/v2\/comments?post=165"}],"wp:featuredmedia":[{"embeddable":true,"href":"https:\/\/mountlaser.com\/pl\/wp-json\/wp\/v2\/media\/2142"}],"wp:attachment":[{"href":"https:\/\/mountlaser.com\/pl\/wp-json\/wp\/v2\/media?parent=165"}],"wp:term":[{"taxonomy":"product_brand","embeddable":true,"href":"https:\/\/mountlaser.com\/pl\/wp-json\/wp\/v2\/product_brand?post=165"},{"taxonomy":"product_cat","embeddable":true,"href":"https:\/\/mountlaser.com\/pl\/wp-json\/wp\/v2\/product_cat?post=165"},{"taxonomy":"product_tag","embeddable":true,"href":"https:\/\/mountlaser.com\/pl\/wp-json\/wp\/v2\/product_tag?post=165"}],"curies":[{"name":"wp","href":"https:\/\/api.w.org\/{rel}","templated":true}]}}