{"id":1599,"date":"2024-03-20T16:36:27","date_gmt":"2024-03-20T16:36:27","guid":{"rendered":"https:\/\/startersites.io\/blocksy\/pottery\/?post_type=product&#038;p=408"},"modified":"2025-12-01T06:57:05","modified_gmt":"2025-12-01T06:57:05","slug":"fdc01dg-japanese-style-tribrach-carrier-2","status":"publish","type":"product","link":"https:\/\/mountlaser.com\/pl\/produkt\/fdc01dg-japanese-style-tribrach-carrier-2\/","title":{"rendered":"FDC01DG No\u015bnik tr\u00f3jbracha w stylu japo\u0144skim"},"content":{"rendered":"<p>Ulepsz swoj\u0105 instalacj\u0119 pomiarow\u0105 dzi\u0119ki <a href=\"https:\/\/mountlaser.com\/pl\/kategoria-produktu\/surveying-accessory\/\"><strong>Monta\u017c lasera FDJ01<\/strong><\/a>, najwy\u017cszej klasy spodarka w stylu japo\u0144skim na sprzeda\u017c, b\u0119d\u0105ca przyk\u0142adem precyzyjnej in\u017cynierii. Ten model zosta\u0142 zaprojektowany dla profesjonalist\u00f3w, kt\u00f3rzy oczekuj\u0105 niezawodno\u015bci bez konieczno\u015bci stosowania skomplikowanych pionownik\u00f3w optycznych.<\/p>\n<p>Wykonany zgodnie z rygorystycznymi standardami japo\u0144skiego wzornictwa, FDJ01 oferuje wyj\u0105tkow\u0105 stabilno\u015b\u0107 i trwa\u0142o\u015b\u0107, co czyni go idealnym do wsp\u00f3\u0142pracy z tachimetrami i innymi instrumentami geodezyjnymi. Je\u015bli szukasz wysokiej jako\u015bci<a href=\"https:\/\/mountlaser.com\/pl\/about-us\/\"> <strong>Sprzedam tr\u00f3jbrach w stylu japo\u0144skim<\/strong><\/a>, FDJ01 oferuje wyj\u0105tkow\u0105 r\u00f3wnowag\u0119 mi\u0119dzy wydajno\u015bci\u0105 i warto\u015bci\u0105.<\/p>\n<p><img fetchpriority=\"high\" decoding=\"async\" class=\"wp-image-2130 aligncenter\" src=\"https:\/\/mountlaser.com\/wp-content\/uploads\/2025\/09\/5-1.webp\" alt=\"Japanese style tribrach\u00a0for sale\" width=\"500\" height=\"500\" srcset=\"https:\/\/mountlaser.com\/wp-content\/uploads\/2025\/09\/5-1.webp 1000w, https:\/\/mountlaser.com\/wp-content\/uploads\/2025\/09\/5-1-300x300.webp 300w, https:\/\/mountlaser.com\/wp-content\/uploads\/2025\/09\/5-1-400x400.webp 400w, https:\/\/mountlaser.com\/wp-content\/uploads\/2025\/09\/5-1-800x800.webp 800w, https:\/\/mountlaser.com\/wp-content\/uploads\/2025\/09\/5-1-600x600.webp 600w, https:\/\/mountlaser.com\/wp-content\/uploads\/2025\/09\/5-1-150x150.webp 150w, https:\/\/mountlaser.com\/wp-content\/uploads\/2025\/09\/5-1-768x768.webp 768w, https:\/\/mountlaser.com\/wp-content\/uploads\/2025\/09\/5-1-12x12.webp 12w\" sizes=\"(max-width: 500px) 100vw, 500px\" \/><\/p>\n<p>Wybierz kolor \u017c\u00f3\u0142ty, szary lub czarny, aby oznaczy\u0107 sw\u00f3j sprz\u0119t. Zapoznaj si\u0119 z nasz\u0105 ofert\u0105 tego wytrzyma\u0142ego sprz\u0119tu. <a href=\"https:\/\/mountlaser.com\/pl\/contact-us\/\">Tr\u00f3jramiennik w stylu japo\u0144skim<\/a> na sprzeda\u017c dzisiaj.<\/p>","protected":false},"excerpt":{"rendered":"<ul>\n<li>Sprzedam tr\u00f3jbrach w stylu japo\u0144skim<\/li>\n<li>Konstrukcja o wysokiej precyzji: zapewnia dok\u0142adne i niezawodne wymuszone centrowanie instrument\u00f3w pomiarowych, minimalizuj\u0105c b\u0142\u0119dy.<\/li>\n<li>Brak pionu optycznego (FDJ01): Usprawnia proces konfiguracji, oferuj\u0105c solidne i ekonomiczne rozwi\u0105zanie dla r\u00f3\u017cnych miejsc pracy.<\/li>\n<\/ul>","protected":false},"featured_media":2129,"comment_status":"open","ping_status":"closed","template":"","meta":[],"product_brand":[],"product_cat":[99,79],"product_tag":[],"class_list":{"0":"post-1599","1":"product","2":"type-product","3":"status-publish","4":"has-post-thumbnail","6":"product_cat-japanese-style-tribrach","7":"product_cat-surveying-accessory","9":"first","10":"instock","11":"shipping-taxable","12":"product-type-simple"},"_links":{"self":[{"href":"https:\/\/mountlaser.com\/pl\/wp-json\/wp\/v2\/product\/1599","targetHints":{"allow":["GET"]}}],"collection":[{"href":"https:\/\/mountlaser.com\/pl\/wp-json\/wp\/v2\/product"}],"about":[{"href":"https:\/\/mountlaser.com\/pl\/wp-json\/wp\/v2\/types\/product"}],"replies":[{"embeddable":true,"href":"https:\/\/mountlaser.com\/pl\/wp-json\/wp\/v2\/comments?post=1599"}],"wp:featuredmedia":[{"embeddable":true,"href":"https:\/\/mountlaser.com\/pl\/wp-json\/wp\/v2\/media\/2129"}],"wp:attachment":[{"href":"https:\/\/mountlaser.com\/pl\/wp-json\/wp\/v2\/media?parent=1599"}],"wp:term":[{"taxonomy":"product_brand","embeddable":true,"href":"https:\/\/mountlaser.com\/pl\/wp-json\/wp\/v2\/product_brand?post=1599"},{"taxonomy":"product_cat","embeddable":true,"href":"https:\/\/mountlaser.com\/pl\/wp-json\/wp\/v2\/product_cat?post=1599"},{"taxonomy":"product_tag","embeddable":true,"href":"https:\/\/mountlaser.com\/pl\/wp-json\/wp\/v2\/product_tag?post=1599"}],"curies":[{"name":"wp","href":"https:\/\/api.w.org\/{rel}","templated":true}]}}