{"id":3347,"date":"2025-11-05T01:45:32","date_gmt":"2025-11-05T01:45:32","guid":{"rendered":"https:\/\/mountlaser.com\/?post_type=product&#038;p=3347"},"modified":"2025-11-28T02:35:32","modified_gmt":"2025-11-28T02:35:32","slug":"rap001-002-right-angle-prism","status":"publish","type":"product","link":"https:\/\/mountlaser.com\/ko\/product\/rap001-002-right-angle-prism\/","title":{"rendered":"RAP001\/002 \uc9c1\uac01 \ud504\ub9ac\uc998"},"content":{"rendered":"<p>RAP001 \ub2e8\uc77c \uc9c1\uac01 \ud504\ub9ac\uc998\uc740 \uc815\ubc00\ud558\uac8c \uc124\uacc4\ub41c \uc81c\ud488\uc785\ub2c8\ub2e4. <a href=\"https:\/\/mountlaser.com\/ko\/\"><strong>\uc9c1\uac01 \ud504\ub9ac\uc998<\/strong><\/a> \uce21\ub7c9 \ubc0f \uc5d4\uc9c0\ub2c8\uc5b4\ub9c1 \ubd84\uc57c\uc5d0\uc11c \uc815\ud655\ud55c 90\u00b0 \ubc18\uc0ac \ubc0f \uc815\ub82c\uc744 \uc704\ud574 \uc124\uacc4\ub418\uc5c8\uc2b5\ub2c8\ub2e4. \uc791\uc9c0\ub9cc \ub0b4\uad6c\uc131\uc774 \ub6f0\uc5b4\ub09c \uc774 \uc81c\ud488\uc740 <a href=\"https:\/\/mountlaser.com\/ko\/products\/\"><strong>RAP001 \ub2e8\uc77c \uc9c1\uac01 \ud504\ub9ac\uc998<\/strong><\/a> \uc881\uac70\ub098 \uc7a5\uc560\ubb3c\uc774 \uc788\ub294 \uacf5\uac04\uc5d0\uc11c \uc791\uc5c5\ud560 \ub54c \uc548\uc815\uc801\uc778 \uad11\ud559 \ubc29\ud5a5 \uc804\ud658\uc744 \ubcf4\uc7a5\ud558\ubbc0\ub85c \ud1a0\ud0c8 \uc2a4\ud14c\uc774\uc158 \ubc0f \ubcc0\ud615 \ubaa8\ub2c8\ud130\ub9c1 \uc791\uc5c5\uc5d0 \uc774\uc0c1\uc801\uc785\ub2c8\ub2e4.<\/p>\n<p>\uc774\uac83 <a href=\"https:\/\/mountlaser.com\/ko\/contact-us\/\">\uc9c1\uac01 \ud504\ub9ac\uc998<\/a> \uc774 \uc81c\ud488\uc740 15mm \uae08\uc18d \ud558\uc6b0\uc9d5\uc5d0 26.8\u00d726.8\u00d737.9\u00d710mm \ud06c\uae30\uc758 \uad11\ud559 \uc18c\uc790\uac00 \ub0b4\uc7a5\ub418\uc5b4 \uc788\uc5b4 8 arc\ucd08 \ubbf8\ub9cc\uc758 \uc815\ubc00\ub3c4\ub85c \uc815\ud655\ud55c \uac01\ub3c4 \uce21\uc815\uc774 \uac00\ub2a5\ud569\ub2c8\ub2e4. \uc778\uccb4\uacf5\ud559\uc801\uc73c\ub85c \uc124\uacc4\ub41c 62mm \uc190\uc7a1\uc774(\ub0b4\uacbd 10mm \/ \uc678\uacbd 15mm)\ub294 \ud3b8\uc548\ud55c \uadf8\ub9bd\uac10\uc744 \uc81c\uacf5\ud558\uba70, \uc635\uc158\uc73c\ub85c \uc81c\uacf5\ub418\ub294 \ucd94 \uc2ac\ub86f\uc744 \ud1b5\ud574 \ud604\uc7a5\uc5d0\uc11c \uac04\ud3b8\ud558\uac8c \uc218\uc9c1 \uc815\ub82c\uc744 \ud560 \uc218 \uc788\uc2b5\ub2c8\ub2e4. \ubca8\ud2b8 \ub8e8\ud504\uac00 \uc788\ub294 \uace0\uae09 \uc778\uc870 \uac00\uc8fd \ud30c\uc6b0\uce58\ub294 \uc81c\ud488\uc744 \uc548\uc804\ud558\uac8c \ubcf4\ud638\ud558\uace0 \ud734\ub300\ud560 \uc218 \uc788\ub3c4\ub85d \ud574\uc90d\ub2c8\ub2e4.<\/p>\n<figure id=\"attachment_3349\" aria-describedby=\"caption-attachment-3349\" style=\"width: 500px\" class=\"wp-caption aligncenter\"><img fetchpriority=\"high\" decoding=\"async\" class=\"wp-image-3349\" src=\"https:\/\/mountlaser.com\/wp-content\/uploads\/2025\/11\/3-4RAP0012.webp\" alt=\"RAP001 Single Right Angle Prism\" width=\"500\" height=\"500\" srcset=\"https:\/\/mountlaser.com\/wp-content\/uploads\/2025\/11\/3-4RAP0012.webp 1000w, https:\/\/mountlaser.com\/wp-content\/uploads\/2025\/11\/3-4RAP0012-300x300.webp 300w, https:\/\/mountlaser.com\/wp-content\/uploads\/2025\/11\/3-4RAP0012-400x400.webp 400w, https:\/\/mountlaser.com\/wp-content\/uploads\/2025\/11\/3-4RAP0012-800x800.webp 800w, https:\/\/mountlaser.com\/wp-content\/uploads\/2025\/11\/3-4RAP0012-600x600.webp 600w, https:\/\/mountlaser.com\/wp-content\/uploads\/2025\/11\/3-4RAP0012-150x150.webp 150w, https:\/\/mountlaser.com\/wp-content\/uploads\/2025\/11\/3-4RAP0012-768x768.webp 768w, https:\/\/mountlaser.com\/wp-content\/uploads\/2025\/11\/3-4RAP0012-12x12.webp 12w\" sizes=\"(max-width: 500px) 100vw, 500px\" \/><figcaption id=\"caption-attachment-3349\" class=\"wp-caption-text\">RAP001 \ub2e8\uc77c \uc9c1\uac01 \ud504\ub9ac\uc998<\/figcaption><\/figure>\n<figure id=\"attachment_3356\" aria-describedby=\"caption-attachment-3356\" style=\"width: 500px\" class=\"wp-caption aligncenter\"><img decoding=\"async\" class=\"wp-image-3356\" src=\"https:\/\/mountlaser.com\/wp-content\/uploads\/2025\/11\/3-5RAP0021.webp\" alt=\"RAP002 right angle prism\" width=\"500\" height=\"500\" srcset=\"https:\/\/mountlaser.com\/wp-content\/uploads\/2025\/11\/3-5RAP0021.webp 1000w, https:\/\/mountlaser.com\/wp-content\/uploads\/2025\/11\/3-5RAP0021-300x300.webp 300w, https:\/\/mountlaser.com\/wp-content\/uploads\/2025\/11\/3-5RAP0021-400x400.webp 400w, https:\/\/mountlaser.com\/wp-content\/uploads\/2025\/11\/3-5RAP0021-800x800.webp 800w, https:\/\/mountlaser.com\/wp-content\/uploads\/2025\/11\/3-5RAP0021-600x600.webp 600w, https:\/\/mountlaser.com\/wp-content\/uploads\/2025\/11\/3-5RAP0021-150x150.webp 150w, https:\/\/mountlaser.com\/wp-content\/uploads\/2025\/11\/3-5RAP0021-768x768.webp 768w, https:\/\/mountlaser.com\/wp-content\/uploads\/2025\/11\/3-5RAP0021-12x12.webp 12w\" sizes=\"(max-width: 500px) 100vw, 500px\" \/><figcaption id=\"caption-attachment-3356\" class=\"wp-caption-text\">RAP002 \uc9c1\uac01 \ud504\ub9ac\uc998<\/figcaption><\/figure>\n<p>\ud5a5\uc0c1\ub41c \ud65c\uc6a9\uc131\uc744 \uc704\ud574 RAP002 \ub4c0\uc5bc \uc9c1\uac01 \ud504\ub9ac\uc998 \ubc84\uc804\uc740 \ub300\ud615 \uc911\uc559 \ub80c\uc988\uc640 \ud68c\uc804\uc2dd \ucee4\ubc84\ub97c \ud1b5\ud574 90\u00b0 \ubc0f 180\u00b0 \uce21\uc815\uc744 \ubaa8\ub450 \uc9c0\uc6d0\ud569\ub2c8\ub2e4. \ud2b9\uc218 \ubaa8\ub2c8\ud130\ub9c1 \ub610\ub294 \uc0b0\uc5c5\uc6a9 \uc815\ub82c \uc694\uad6c \uc0ac\ud56d\uc744 \ucda9\uc871\ud558\uae30 \uc704\ud574 OEM \ub9de\ucda4 \uc81c\uc791\ub3c4 \uac00\ub2a5\ud569\ub2c8\ub2e4.<\/p>","protected":false},"excerpt":{"rendered":"<ul>\n<li>\ud1a0\ud0c8 \uc2a4\ud14c\uc774\uc158 \ubc0f \uc815\ub82c \uc2dc\uc2a4\ud15c\uc6a9<\/li>\n<li>\ud611\uc18c\ud55c \uacf5\uac04\uc5d0 \uc18c\ud615 \uc124\uce58 \uac00\ub2a5<\/li>\n<li>\uc7a5\uae30 \ubaa8\ub2c8\ud130\ub9c1 \ubc0f \uac74\uc124 \uc870\uc815 \uc791\uc5c5<\/li>\n<li>\ucd94\ub97c \uc774\uc6a9\ud55c \uac04\ud3b8\ud55c \ud604\uc7a5 \uc815\ub82c<\/li>\n<\/ul>","protected":false},"featured_media":3356,"comment_status":"open","ping_status":"closed","template":"","meta":[],"product_brand":[],"product_cat":[72,112],"product_tag":[],"class_list":{"0":"post-3347","1":"product","2":"type-product","3":"status-publish","4":"has-post-thumbnail","6":"product_cat-reflective-target-prism","7":"product_cat-monitoring-prism","9":"first","10":"instock","11":"shipping-taxable","12":"product-type-simple"},"_links":{"self":[{"href":"https:\/\/mountlaser.com\/ko\/wp-json\/wp\/v2\/product\/3347","targetHints":{"allow":["GET"]}}],"collection":[{"href":"https:\/\/mountlaser.com\/ko\/wp-json\/wp\/v2\/product"}],"about":[{"href":"https:\/\/mountlaser.com\/ko\/wp-json\/wp\/v2\/types\/product"}],"replies":[{"embeddable":true,"href":"https:\/\/mountlaser.com\/ko\/wp-json\/wp\/v2\/comments?post=3347"}],"wp:featuredmedia":[{"embeddable":true,"href":"https:\/\/mountlaser.com\/ko\/wp-json\/wp\/v2\/media\/3356"}],"wp:attachment":[{"href":"https:\/\/mountlaser.com\/ko\/wp-json\/wp\/v2\/media?parent=3347"}],"wp:term":[{"taxonomy":"product_brand","embeddable":true,"href":"https:\/\/mountlaser.com\/ko\/wp-json\/wp\/v2\/product_brand?post=3347"},{"taxonomy":"product_cat","embeddable":true,"href":"https:\/\/mountlaser.com\/ko\/wp-json\/wp\/v2\/product_cat?post=3347"},{"taxonomy":"product_tag","embeddable":true,"href":"https:\/\/mountlaser.com\/ko\/wp-json\/wp\/v2\/product_tag?post=3347"}],"curies":[{"name":"wp","href":"https:\/\/api.w.org\/{rel}","templated":true}]}}