{"id":3347,"date":"2025-11-05T01:45:32","date_gmt":"2025-11-05T01:45:32","guid":{"rendered":"https:\/\/mountlaser.com\/?post_type=product&#038;p=3347"},"modified":"2025-11-28T02:35:32","modified_gmt":"2025-11-28T02:35:32","slug":"rap001-002-right-angle-prism","status":"publish","type":"product","link":"https:\/\/mountlaser.com\/km\/product\/rap001-002-right-angle-prism\/","title":{"rendered":"RAP001\/002 \u1796\u17d2\u179a\u17b8\u179f\u1798\u17bb\u17c6\u1781\u17b6\u1784\u179f\u17d2\u178f\u17b6\u17c6"},"content":{"rendered":"<p>\u1796\u17d2\u179a\u17b8\u179f\u1798\u17bb\u17c6\u179f\u17d2\u178f\u17b6\u17c6\u178f\u17c2\u1798\u17bd\u1799 RAP001 \u1782\u17ba\u1787\u17b6\u1796\u17d2\u179a\u17b8\u179f\u178a\u17c2\u179b\u178f\u17d2\u179a\u17bc\u179c\u1794\u17b6\u1793\u179a\u1785\u1793\u17b6\u17a1\u17be\u1784\u1799\u17c9\u17b6\u1784\u1787\u17b6\u1780\u17cb\u179b\u17b6\u1780\u17cb <a href=\"https:\/\/mountlaser.com\/km\/\"><strong>\u1796\u17d2\u179a\u17b8\u179f\u1798\u17bb\u17c6\u1781\u17b6\u1784\u179f\u17d2\u178f\u17b6\u17c6<\/strong><\/a> \u178f\u17d2\u179a\u17bc\u179c\u1794\u17b6\u1793\u179a\u1785\u1793\u17b6\u17a1\u17be\u1784\u179f\u1798\u17d2\u179a\u17b6\u1794\u17cb\u1780\u17b6\u179a\u1786\u17d2\u179b\u17bb\u17c7\u1794\u1789\u17d2\u1785\u17b6\u17c6\u1784 \u1793\u17b7\u1784\u1780\u17b6\u179a\u178f\u1798\u17d2\u179a\u17b9\u1798 90\u00b0 \u17b2\u17d2\u1799\u1794\u17b6\u1793\u178f\u17d2\u179a\u17b9\u1798\u178f\u17d2\u179a\u17bc\u179c\u1780\u17d2\u1793\u17bb\u1784\u1780\u17b6\u179a\u179f\u17d2\u1791\u1784\u17cb\u1798\u178f\u17b7 \u1793\u17b7\u1784\u1780\u1798\u17d2\u1798\u179c\u17b7\u1792\u17b8\u179c\u17b7\u179f\u17d2\u179c\u1780\u1798\u17d2\u1798\u17d4 \u178f\u17bc\u1785\u1785\u17d2\u179a\u17a1\u17b9\u1784 \u1794\u17c9\u17bb\u1793\u17d2\u178f\u17c2\u1794\u17d2\u179a\u17be\u1794\u17d2\u179a\u17b6\u179f\u17cb\u1794\u17b6\u1793\u1799\u17bc\u179a <a href=\"https:\/\/mountlaser.com\/km\/products\/\"><strong>\u1796\u17d2\u179a\u17b8\u179f\u1798\u17bb\u17c6\u1781\u17b6\u1784\u179f\u17d2\u178f\u17b6\u17c6\u178f\u17c2\u1798\u17bd\u1799 RAP001<\/strong><\/a> \u1792\u17b6\u1793\u17b6\u1793\u17bc\u179c\u1780\u17b6\u179a\u1794\u17d2\u178f\u17bc\u179a\u1791\u17b7\u179f\u178a\u17c5\u17a2\u17bb\u1794\u1791\u17b7\u1780\u178a\u17c2\u179b\u17a2\u17b6\u1785\u1791\u17bb\u1780\u1785\u17b7\u178f\u17d2\u178f\u1794\u17b6\u1793\u1793\u17c5\u1796\u17c1\u179b\u1792\u17d2\u179c\u17be\u1780\u17b6\u179a\u1793\u17c5\u1780\u17d2\u1793\u17bb\u1784\u178f\u17c6\u1794\u1793\u17cb\u1785\u1784\u17d2\u17a2\u17c0\u178f \u17ac\u179f\u17d2\u1791\u17c7 \u178a\u17c2\u179b\u1792\u17d2\u179c\u17be\u17b1\u17d2\u1799\u179c\u17b6\u179b\u17d2\u17a2\u179f\u1798\u17d2\u179a\u17b6\u1794\u17cb\u1797\u17b6\u179a\u1780\u17b7\u1785\u17d2\u1785\u178f\u17d2\u179a\u17bd\u178f\u1796\u17b7\u1793\u17b7\u178f\u17d2\u1799\u179f\u17d2\u1790\u17b6\u1793\u17b8\u1799\u17cd\u179f\u179a\u17bb\u1794 \u1793\u17b7\u1784\u1780\u17b6\u179a\u178f\u17d2\u179a\u17bd\u178f\u1796\u17b7\u1793\u17b7\u178f\u17d2\u1799\u1780\u17b6\u179a\u1781\u17bc\u1785\u1791\u17d2\u179a\u1784\u17cb\u1791\u17d2\u179a\u17b6\u1799\u17d4.<\/p>\n<p>\u1793\u17c1\u17c7 <a href=\"https:\/\/mountlaser.com\/km\/contact-us\/\">\u1796\u17d2\u179a\u17b8\u179f\u1798\u17bb\u17c6\u1781\u17b6\u1784\u179f\u17d2\u178f\u17b6\u17c6<\/a> \u1798\u17b6\u1793\u200b\u1792\u17b6\u178f\u17bb\u200b\u17a2\u17bb\u1794\u1791\u17b7\u1780\u200b\u1791\u17c6\u17a0\u17c6 26.8\u00d726.8\u00d737.9\u00d710 \u1798.\u1798 \u178a\u17c2\u179b\u200b\u179a\u17bb\u17c6\u200b\u1796\u17d0\u1791\u17d2\u1792\u200b\u1780\u17d2\u1793\u17bb\u1784\u200b\u179f\u17d2\u179a\u17c4\u1798\u200b\u178a\u17c2\u1780\u200b\u1780\u1798\u17d2\u179a\u17b6\u179f\u17cb 15 \u1798.\u1798 \u178a\u17c2\u179b\u200b\u1795\u17d2\u178f\u179b\u17cb\u200b\u1793\u17bc\u179c\u200b\u1797\u17b6\u1796\u200b\u178f\u17d2\u179a\u17b9\u1798\u178f\u17d2\u179a\u17bc\u179c\u200b\u1793\u17c3\u200b\u17a2\u17b6\u1780\u179c\u17b7\u1793\u17b6\u1791\u17b8\u200b\u178f\u17b7\u1785\u200b\u1787\u17b6\u1784 8 \u179f\u1798\u17d2\u179a\u17b6\u1794\u17cb\u200b\u1780\u17b6\u179a\u200b\u179c\u17b6\u179f\u17cb\u200b\u1798\u17bb\u17c6\u200b\u178a\u17cf\u200b\u1785\u17d2\u1794\u17b6\u179f\u17cb\u179b\u17b6\u179f\u17cb\u17d4 \u1785\u17c6\u178e\u17bb\u1785\u200b\u1791\u17b6\u1789\u200b\u1791\u17c6\u17a0\u17c6 62 \u1798.\u1798 \u178a\u17c2\u179b\u200b\u179a\u1785\u1793\u17b6\u200b\u17a1\u17be\u1784\u200b\u179f\u1798\u17d2\u179a\u17b6\u1794\u17cb\u200b\u1780\u17b6\u179a\u200b\u1794\u17d2\u179a\u17be\u200b\u1794\u17d2\u179a\u17b6\u179f\u17cb\u200b\u179a\u1794\u179f\u17cb\u200b\u179c\u17b6\u200b\u1795\u17d2\u178f\u179b\u17cb\u200b\u1793\u17bc\u179c\u200b\u1780\u17b6\u179a\u200b\u1780\u17d2\u178f\u17b6\u1794\u17cb\u200b\u178a\u17cf\u200b\u1798\u17b6\u1793\u200b\u1795\u17b6\u179f\u17bb\u1780\u1797\u17b6\u1796 (\u00d810 \u1798.\u1798 ID \/ \u00d815 \u1798.\u1798 OD) \u1793\u17b7\u1784\u200b\u179a\u1793\u17d2\u1792\u200b\u178a\u17c4\u178f\u200b\u1781\u17d2\u179f\u17c2\u200b\u1797\u17d2\u179b\u17b9\u1794\u1797\u17d2\u179b\u17c2\u178f\u17d7\u200b\u178a\u17c2\u179b\u200b\u17a2\u17b6\u1785\u200b\u1794\u17d2\u179a\u17be\u200b\u1787\u17b6\u200b\u1787\u1798\u17d2\u179a\u17be\u179f\u200b\u1794\u17b6\u1793\u200b\u17a2\u1793\u17bb\u1789\u17d2\u1789\u17b6\u178f\u200b\u17b1\u17d2\u1799\u200b\u1798\u17b6\u1793\u200b\u1780\u17b6\u179a\u200b\u178f\u1798\u17d2\u179a\u17b9\u1798\u200b\u1794\u1789\u17d2\u1788\u179a\u200b\u1794\u17b6\u1793\u200b\u1784\u17b6\u1799\u200b\u179f\u17d2\u179a\u17bd\u179b\u200b\u1793\u17c5\u200b\u1780\u17d2\u1793\u17bb\u1784\u200b\u179c\u17b6\u179b\u17d4 \u1780\u17b6\u1794\u17bc\u1794\u200b\u179f\u17d2\u1794\u17c2\u1780\u200b\u179f\u17b7\u1794\u17d2\u1794\u1793\u17b7\u1798\u17d2\u1798\u17b7\u178f\u200b\u178a\u17c2\u179b\u200b\u1798\u17b6\u1793\u200b\u1782\u17bb\u178e\u1797\u17b6\u1796\u200b\u1781\u17d2\u1796\u179f\u17cb\u200b\u1787\u17b6\u1798\u17bd\u1799\u200b\u1793\u17b9\u1784\u200b\u179a\u1784\u17d2\u179c\u17b7\u179b\u200b\u1781\u17d2\u179f\u17c2\u200b\u1780\u17d2\u179a\u179c\u17b6\u178f\u17cb\u200b\u1792\u17b6\u1793\u17b6\u200b\u1793\u17bc\u179c\u200b\u1780\u17b6\u179a\u200b\u1780\u17b6\u179a\u1796\u17b6\u179a \u1793\u17b7\u1784\u200b\u1797\u17b6\u1796\u200b\u1784\u17b6\u1799\u179f\u17d2\u179a\u17bd\u179b\u200b\u1799\u1780\u200b\u178f\u17b6\u1798\u200b\u1781\u17d2\u179b\u17bd\u1793\u17d4.<\/p>\n<figure id=\"attachment_3349\" aria-describedby=\"caption-attachment-3349\" style=\"width: 500px\" class=\"wp-caption aligncenter\"><img fetchpriority=\"high\" decoding=\"async\" class=\"wp-image-3349\" src=\"https:\/\/mountlaser.com\/wp-content\/uploads\/2025\/11\/3-4RAP0012.webp\" alt=\"RAP001 Single Right Angle Prism\" width=\"500\" height=\"500\" srcset=\"https:\/\/mountlaser.com\/wp-content\/uploads\/2025\/11\/3-4RAP0012.webp 1000w, https:\/\/mountlaser.com\/wp-content\/uploads\/2025\/11\/3-4RAP0012-300x300.webp 300w, https:\/\/mountlaser.com\/wp-content\/uploads\/2025\/11\/3-4RAP0012-400x400.webp 400w, https:\/\/mountlaser.com\/wp-content\/uploads\/2025\/11\/3-4RAP0012-800x800.webp 800w, https:\/\/mountlaser.com\/wp-content\/uploads\/2025\/11\/3-4RAP0012-600x600.webp 600w, https:\/\/mountlaser.com\/wp-content\/uploads\/2025\/11\/3-4RAP0012-150x150.webp 150w, https:\/\/mountlaser.com\/wp-content\/uploads\/2025\/11\/3-4RAP0012-768x768.webp 768w, https:\/\/mountlaser.com\/wp-content\/uploads\/2025\/11\/3-4RAP0012-12x12.webp 12w\" sizes=\"(max-width: 500px) 100vw, 500px\" \/><figcaption id=\"caption-attachment-3349\" class=\"wp-caption-text\">\u1796\u17d2\u179a\u17b8\u179f\u1798\u17bb\u17c6\u1781\u17b6\u1784\u179f\u17d2\u178f\u17b6\u17c6\u178f\u17c2\u1798\u17bd\u1799 RAP001<\/figcaption><\/figure>\n<figure id=\"attachment_3356\" aria-describedby=\"caption-attachment-3356\" style=\"width: 500px\" class=\"wp-caption aligncenter\"><img decoding=\"async\" class=\"wp-image-3356\" src=\"https:\/\/mountlaser.com\/wp-content\/uploads\/2025\/11\/3-5RAP0021.webp\" alt=\"RAP002 right angle prism\" width=\"500\" height=\"500\" srcset=\"https:\/\/mountlaser.com\/wp-content\/uploads\/2025\/11\/3-5RAP0021.webp 1000w, https:\/\/mountlaser.com\/wp-content\/uploads\/2025\/11\/3-5RAP0021-300x300.webp 300w, https:\/\/mountlaser.com\/wp-content\/uploads\/2025\/11\/3-5RAP0021-400x400.webp 400w, https:\/\/mountlaser.com\/wp-content\/uploads\/2025\/11\/3-5RAP0021-800x800.webp 800w, https:\/\/mountlaser.com\/wp-content\/uploads\/2025\/11\/3-5RAP0021-600x600.webp 600w, https:\/\/mountlaser.com\/wp-content\/uploads\/2025\/11\/3-5RAP0021-150x150.webp 150w, https:\/\/mountlaser.com\/wp-content\/uploads\/2025\/11\/3-5RAP0021-768x768.webp 768w, https:\/\/mountlaser.com\/wp-content\/uploads\/2025\/11\/3-5RAP0021-12x12.webp 12w\" sizes=\"(max-width: 500px) 100vw, 500px\" \/><figcaption id=\"caption-attachment-3356\" class=\"wp-caption-text\">\u1796\u17d2\u179a\u17b8\u179f\u1798\u17bb\u17c6\u1781\u17b6\u1784\u179f\u17d2\u178f\u17b6\u17c6 RAP002<\/figcaption><\/figure>\n<p>\u178a\u17be\u1798\u17d2\u1794\u17b8\u1797\u17b6\u1796\u1794\u178f\u17cb\u1794\u17c2\u1793\u1780\u17b6\u1793\u17cb\u178f\u17c2\u1794\u17d2\u179a\u179f\u17be\u179a\u17a1\u17be\u1784 \u1796\u17d2\u179a\u17b8\u179f\u1798\u17bb\u17c6\u179f\u17d2\u178f\u17b6\u17c6\u1796\u17b8\u179a RAP002 \u17a2\u17b6\u1785\u179c\u17b6\u179f\u17cb\u1794\u17b6\u1793\u1791\u17b6\u17c6\u1784\u1798\u17bb\u17c6 90\u00b0 \u1793\u17b7\u1784 180\u00b0 \u178a\u17c4\u1799\u1798\u17b6\u1793\u1780\u17c2\u179c\u1792\u17c6\u1798\u17bd\u1799\u1793\u17c5\u1780\u178e\u17d2\u178f\u17b6\u179b \u1793\u17b7\u1784\u1782\u1798\u17d2\u179a\u1794\u1794\u1784\u17d2\u179c\u17b7\u179b\u17d4 \u1780\u17b6\u179a\u1794\u17d2\u178a\u17bc\u179a\u178f\u17b6\u1798\u1794\u17c6\u178e\u1784 OEM \u17a2\u17b6\u1785\u179a\u1780\u1794\u17b6\u1793\u178a\u17be\u1798\u17d2\u1794\u17b8\u1794\u17c6\u1796\u17c1\u1789\u178f\u1798\u17d2\u179a\u17bc\u179c\u1780\u17b6\u179a\u178f\u17d2\u179a\u17bd\u178f\u1796\u17b7\u1793\u17b7\u178f\u17d2\u1799\u17af\u1780\u1791\u17c1\u179f \u17ac\u1780\u17b6\u179a\u178f\u1798\u17d2\u179a\u17b9\u1798\u17a7\u179f\u17d2\u179f\u17b6\u17a0\u1780\u1798\u17d2\u1798\u17d4.<\/p>","protected":false},"excerpt":{"rendered":"<ul>\n<li>\u179f\u1798\u17d2\u179a\u17b6\u1794\u17cb\u179f\u17d2\u1790\u17b6\u1793\u17b8\u1799\u17cd\u179f\u179a\u17bb\u1794 \u1793\u17b7\u1784\u1794\u17d2\u179a\u1796\u17d0\u1793\u17d2\u1792\u178f\u1798\u17d2\u179a\u17b9\u1798<\/li>\n<li>\u1780\u17b6\u179a\u178a\u17c6\u17a1\u17be\u1784\u178f\u17bc\u1785\u1785\u1784\u17d2\u17a2\u17c0\u178f\u1780\u17d2\u1793\u17bb\u1784\u1780\u1793\u17d2\u179b\u17c2\u1784\u1798\u17b6\u1793\u1780\u17c6\u178e\u178f\u17cb<\/li>\n<li>\u1780\u17b6\u179a\u1784\u17b6\u179a\u178f\u17d2\u179a\u17bd\u178f\u1796\u17b7\u1793\u17b7\u178f\u17d2\u1799\u179a\u1799\u17c8\u1796\u17c1\u179b\u179c\u17c2\u1784 \u1793\u17b7\u1784\u1780\u17b6\u179a\u178f\u1798\u17d2\u179a\u17b9\u1798\u179f\u17c6\u178e\u1784\u17cb<\/li>\n<li>\u1780\u17b6\u179a\u178f\u1798\u17d2\u179a\u17b9\u1798\u179c\u17b6\u179b\u1784\u17b6\u1799\u179f\u17d2\u179a\u17bd\u179b\u1787\u17b6\u1798\u17bd\u1799\u1793\u17b9\u1784\u1797\u17b6\u1796\u1786\u1794\u1782\u17d2\u1793\u17b6\u1793\u17c3 plumb-bob<\/li>\n<\/ul>","protected":false},"featured_media":3356,"comment_status":"open","ping_status":"closed","template":"","meta":[],"product_brand":[],"product_cat":[72,112],"product_tag":[],"class_list":{"0":"post-3347","1":"product","2":"type-product","3":"status-publish","4":"has-post-thumbnail","6":"product_cat-reflective-target-prism","7":"product_cat-monitoring-prism","9":"first","10":"instock","11":"shipping-taxable","12":"product-type-simple"},"_links":{"self":[{"href":"https:\/\/mountlaser.com\/km\/wp-json\/wp\/v2\/product\/3347","targetHints":{"allow":["GET"]}}],"collection":[{"href":"https:\/\/mountlaser.com\/km\/wp-json\/wp\/v2\/product"}],"about":[{"href":"https:\/\/mountlaser.com\/km\/wp-json\/wp\/v2\/types\/product"}],"replies":[{"embeddable":true,"href":"https:\/\/mountlaser.com\/km\/wp-json\/wp\/v2\/comments?post=3347"}],"wp:featuredmedia":[{"embeddable":true,"href":"https:\/\/mountlaser.com\/km\/wp-json\/wp\/v2\/media\/3356"}],"wp:attachment":[{"href":"https:\/\/mountlaser.com\/km\/wp-json\/wp\/v2\/media?parent=3347"}],"wp:term":[{"taxonomy":"product_brand","embeddable":true,"href":"https:\/\/mountlaser.com\/km\/wp-json\/wp\/v2\/product_brand?post=3347"},{"taxonomy":"product_cat","embeddable":true,"href":"https:\/\/mountlaser.com\/km\/wp-json\/wp\/v2\/product_cat?post=3347"},{"taxonomy":"product_tag","embeddable":true,"href":"https:\/\/mountlaser.com\/km\/wp-json\/wp\/v2\/product_tag?post=3347"}],"curies":[{"name":"wp","href":"https:\/\/api.w.org\/{rel}","templated":true}]}}