{"id":3347,"date":"2025-11-05T01:45:32","date_gmt":"2025-11-05T01:45:32","guid":{"rendered":"https:\/\/mountlaser.com\/?post_type=product&#038;p=3347"},"modified":"2025-11-28T02:35:32","modified_gmt":"2025-11-28T02:35:32","slug":"rap001-002-right-angle-prism","status":"publish","type":"product","link":"https:\/\/mountlaser.com\/ja\/product\/rap001-002-right-angle-prism\/","title":{"rendered":"RAP001\/002 \u76f4\u89d2\u30d7\u30ea\u30ba\u30e0"},"content":{"rendered":"<p>RAP001\u30b7\u30f3\u30b0\u30eb\u76f4\u89d2\u30d7\u30ea\u30ba\u30e0\u306f\u7cbe\u5bc6\u306b\u8a2d\u8a08\u3055\u308c\u305f <a href=\"https:\/\/mountlaser.com\/ja\/\"><strong>\u76f4\u89d2\u30d7\u30ea\u30ba\u30e0<\/strong><\/a> \u6e2c\u91cf\u3084\u30a8\u30f3\u30b8\u30cb\u30a2\u30ea\u30f3\u30b0\u7528\u9014\u306b\u304a\u3051\u308b\u6b63\u78ba\u306a90\u00b0\u53cd\u5c04\u3068\u4f4d\u7f6e\u5408\u308f\u305b\u306e\u305f\u3081\u306b\u8a2d\u8a08\u3055\u308c\u3066\u3044\u307e\u3059\u3002\u30b3\u30f3\u30d1\u30af\u30c8\u3067\u3042\u308a\u306a\u304c\u3089\u8010\u4e45\u6027\u306b\u512a\u308c\u305f <a href=\"https:\/\/mountlaser.com\/ja\/products\/\"><strong>RAP001 \u5358\u76f4\u89d2\u30d7\u30ea\u30ba\u30e0<\/strong><\/a> \u72ed\u3044\u5834\u6240\u3084\u969c\u5bb3\u7269\u306e\u3042\u308b\u5834\u6240\u3067\u306e\u4f5c\u696d\u6642\u306b\u4fe1\u983c\u6027\u306e\u9ad8\u3044\u5149\u5b66\u65b9\u5411\u8ee2\u63db\u3092\u4fdd\u8a3c\u3059\u308b\u305f\u3081\u3001\u30c8\u30fc\u30bf\u30eb \u30b9\u30c6\u30fc\u30b7\u30e7\u30f3\u3084\u5909\u5f62\u76e3\u8996\u306e\u30bf\u30b9\u30af\u306b\u6700\u9069\u3067\u3059\u3002.<\/p>\n<p>\u3053\u308c <a href=\"https:\/\/mountlaser.com\/ja\/contact-us\/\">\u76f4\u89d2\u30d7\u30ea\u30ba\u30e0<\/a> 26.8\u00d726.8\u00d737.9\u00d710 mm\u306e\u5149\u5b66\u7d20\u5b50\u309215 mm\u306e\u91d1\u5c5e\u30cf\u30a6\u30b8\u30f3\u30b0\u306b\u53ce\u3081\u30018\u79d2\u89d2\u672a\u6e80\u306e\u7cbe\u5ea6\u3067\u7cbe\u5bc6\u306a\u89d2\u5ea6\u6e2c\u5b9a\u3092\u5b9f\u73fe\u3057\u307e\u3059\u3002\u4eba\u9593\u5de5\u5b66\u306b\u57fa\u3065\u3044\u305f62 mm\u30cf\u30f3\u30c9\u30eb\u306f\u5feb\u9069\u306a\u30b0\u30ea\u30c3\u30d7\u3092\u5b9f\u73fe\u3057\uff08\u5185\u5f84\u00d810 mm \/ \u5916\u5f84\u00d815 mm\uff09\u3001\u30aa\u30d7\u30b7\u30e7\u30f3\u306e\u4e0b\u3052\u632f\u308a\u7528\u30b9\u30ed\u30c3\u30c8\u306b\u3088\u308a\u3001\u73fe\u5834\u3067\u306e\u5782\u76f4\u65b9\u5411\u306e\u8abf\u6574\u304c\u5bb9\u6613\u3067\u3059\u3002\u30d9\u30eb\u30c8\u30eb\u30fc\u30d7\u4ed8\u304d\u306e\u9ad8\u54c1\u8cea\u4eba\u5de5\u76ae\u9769\u88fd\u30dd\u30fc\u30c1\u304c\u3001\u4fdd\u8b77\u6027\u80fd\u3068\u643a\u5e2f\u6027\u3092\u78ba\u4fdd\u3057\u307e\u3059\u3002.<\/p>\n<figure id=\"attachment_3349\" aria-describedby=\"caption-attachment-3349\" style=\"width: 500px\" class=\"wp-caption aligncenter\"><img fetchpriority=\"high\" decoding=\"async\" class=\"wp-image-3349\" src=\"https:\/\/mountlaser.com\/wp-content\/uploads\/2025\/11\/3-4RAP0012.webp\" alt=\"RAP001 Single Right Angle Prism\" width=\"500\" height=\"500\" srcset=\"https:\/\/mountlaser.com\/wp-content\/uploads\/2025\/11\/3-4RAP0012.webp 1000w, https:\/\/mountlaser.com\/wp-content\/uploads\/2025\/11\/3-4RAP0012-300x300.webp 300w, https:\/\/mountlaser.com\/wp-content\/uploads\/2025\/11\/3-4RAP0012-400x400.webp 400w, https:\/\/mountlaser.com\/wp-content\/uploads\/2025\/11\/3-4RAP0012-800x800.webp 800w, https:\/\/mountlaser.com\/wp-content\/uploads\/2025\/11\/3-4RAP0012-600x600.webp 600w, https:\/\/mountlaser.com\/wp-content\/uploads\/2025\/11\/3-4RAP0012-150x150.webp 150w, https:\/\/mountlaser.com\/wp-content\/uploads\/2025\/11\/3-4RAP0012-768x768.webp 768w, https:\/\/mountlaser.com\/wp-content\/uploads\/2025\/11\/3-4RAP0012-12x12.webp 12w\" sizes=\"(max-width: 500px) 100vw, 500px\" \/><figcaption id=\"caption-attachment-3349\" class=\"wp-caption-text\">RAP001 \u5358\u76f4\u89d2\u30d7\u30ea\u30ba\u30e0<\/figcaption><\/figure>\n<figure id=\"attachment_3356\" aria-describedby=\"caption-attachment-3356\" style=\"width: 500px\" class=\"wp-caption aligncenter\"><img decoding=\"async\" class=\"wp-image-3356\" src=\"https:\/\/mountlaser.com\/wp-content\/uploads\/2025\/11\/3-5RAP0021.webp\" alt=\"RAP002 right angle prism\" width=\"500\" height=\"500\" srcset=\"https:\/\/mountlaser.com\/wp-content\/uploads\/2025\/11\/3-5RAP0021.webp 1000w, https:\/\/mountlaser.com\/wp-content\/uploads\/2025\/11\/3-5RAP0021-300x300.webp 300w, https:\/\/mountlaser.com\/wp-content\/uploads\/2025\/11\/3-5RAP0021-400x400.webp 400w, https:\/\/mountlaser.com\/wp-content\/uploads\/2025\/11\/3-5RAP0021-800x800.webp 800w, https:\/\/mountlaser.com\/wp-content\/uploads\/2025\/11\/3-5RAP0021-600x600.webp 600w, https:\/\/mountlaser.com\/wp-content\/uploads\/2025\/11\/3-5RAP0021-150x150.webp 150w, https:\/\/mountlaser.com\/wp-content\/uploads\/2025\/11\/3-5RAP0021-768x768.webp 768w, https:\/\/mountlaser.com\/wp-content\/uploads\/2025\/11\/3-5RAP0021-12x12.webp 12w\" sizes=\"(max-width: 500px) 100vw, 500px\" \/><figcaption id=\"caption-attachment-3356\" class=\"wp-caption-text\">RAP002 \u76f4\u89d2\u30d7\u30ea\u30ba\u30e0<\/figcaption><\/figure>\n<p>RAP002\u30c7\u30e5\u30a2\u30eb\u76f4\u89d2\u30d7\u30ea\u30ba\u30e0\u30d0\u30fc\u30b8\u30e7\u30f3\u306f\u3001\u5927\u578b\u306e\u4e2d\u592e\u30ec\u30f3\u30ba\u3068\u56de\u8ee2\u30ab\u30d0\u30fc\u3092\u5099\u3048\u300190\u00b0\u3068180\u00b0\u306e\u4e21\u65b9\u306e\u6e2c\u5b9a\u304c\u53ef\u80fd\u3067\u3001\u6c4e\u7528\u6027\u3092\u9ad8\u3081\u3066\u3044\u307e\u3059\u3002\u7279\u6b8a\u306a\u76e3\u8996\u3084\u7523\u696d\u7528\u30a2\u30e9\u30a4\u30e1\u30f3\u30c8\u306e\u30cb\u30fc\u30ba\u306b\u5408\u308f\u305b\u3066OEM\u30ab\u30b9\u30bf\u30de\u30a4\u30ba\u3082\u53ef\u80fd\u3067\u3059\u3002.<\/p>","protected":false},"excerpt":{"rendered":"<ul>\n<li>\u30c8\u30fc\u30bf\u30eb\u30b9\u30c6\u30fc\u30b7\u30e7\u30f3\u304a\u3088\u3073\u30a2\u30e9\u30a4\u30e1\u30f3\u30c8\u30b7\u30b9\u30c6\u30e0\u7528<\/li>\n<li>\u9650\u3089\u308c\u305f\u30b9\u30da\u30fc\u30b9\u306b\u30b3\u30f3\u30d1\u30af\u30c8\u306b\u8a2d\u7f6e<\/li>\n<li>\u9577\u671f\u30e2\u30cb\u30bf\u30ea\u30f3\u30b0\u3068\u5efa\u8a2d\u30a2\u30e9\u30a4\u30e1\u30f3\u30c8\u4f5c\u696d<\/li>\n<li>\u4e0b\u3052\u632f\u308a\u4e92\u63db\u6027\u306b\u3088\u308b\u73fe\u5834\u3067\u306e\u7c21\u5358\u306a\u4f4d\u7f6e\u5408\u308f\u305b<\/li>\n<\/ul>","protected":false},"featured_media":3356,"comment_status":"open","ping_status":"closed","template":"","meta":[],"product_brand":[],"product_cat":[72,112],"product_tag":[],"class_list":{"0":"post-3347","1":"product","2":"type-product","3":"status-publish","4":"has-post-thumbnail","6":"product_cat-reflective-target-prism","7":"product_cat-monitoring-prism","9":"first","10":"instock","11":"shipping-taxable","12":"product-type-simple"},"_links":{"self":[{"href":"https:\/\/mountlaser.com\/ja\/wp-json\/wp\/v2\/product\/3347","targetHints":{"allow":["GET"]}}],"collection":[{"href":"https:\/\/mountlaser.com\/ja\/wp-json\/wp\/v2\/product"}],"about":[{"href":"https:\/\/mountlaser.com\/ja\/wp-json\/wp\/v2\/types\/product"}],"replies":[{"embeddable":true,"href":"https:\/\/mountlaser.com\/ja\/wp-json\/wp\/v2\/comments?post=3347"}],"wp:featuredmedia":[{"embeddable":true,"href":"https:\/\/mountlaser.com\/ja\/wp-json\/wp\/v2\/media\/3356"}],"wp:attachment":[{"href":"https:\/\/mountlaser.com\/ja\/wp-json\/wp\/v2\/media?parent=3347"}],"wp:term":[{"taxonomy":"product_brand","embeddable":true,"href":"https:\/\/mountlaser.com\/ja\/wp-json\/wp\/v2\/product_brand?post=3347"},{"taxonomy":"product_cat","embeddable":true,"href":"https:\/\/mountlaser.com\/ja\/wp-json\/wp\/v2\/product_cat?post=3347"},{"taxonomy":"product_tag","embeddable":true,"href":"https:\/\/mountlaser.com\/ja\/wp-json\/wp\/v2\/product_tag?post=3347"}],"curies":[{"name":"wp","href":"https:\/\/api.w.org\/{rel}","templated":true}]}}