{"id":608,"date":"2024-03-28T10:15:24","date_gmt":"2024-03-28T10:15:24","guid":{"rendered":"https:\/\/startersites.io\/blocksy\/pottery\/?post_type=product&#038;p=608"},"modified":"2025-12-01T01:52:03","modified_gmt":"2025-12-01T01:52:03","slug":"ma-g32-auto-level","status":"publish","type":"product","link":"https:\/\/mountlaser.com\/it\/prodotto\/ma-g32-auto-level\/","title":{"rendered":"MA-G32 Auto Livella"},"content":{"rendered":"<p>IL <a href=\"https:\/\/mountlaser.com\/it\/\"><strong>MA-G32 Auto Livella<\/strong><\/a> di Mountlaser \u00e8 uno strumento ottico di alta precisione e di livello professionale progettato per un&#039;ampia gamma di <a href=\"https:\/\/mountlaser.com\/it\/categoria-prodotto\/surveying-instrument\/automatic-level\/\"><strong>livelli automatici per rilievi topografici<\/strong><\/a> Applicazioni. Livella automatica per rilievi topografici. Progettato per affidabilit\u00e0 e facilit\u00e0 d&#039;uso, offre la precisione necessaria per il livellamento di cantieri edili, lo sviluppo del territorio e altre attivit\u00e0 essenziali. Questo modello \u00e8 una scelta eccezionale tra i moderni livelli topografici, offrendo chiarezza e stabilit\u00e0 eccezionali per garantire che i dati fondamentali del progetto siano impeccabili.<\/p>\n<p>Dotato di un telescopio raddrizzatore con ingrandimento 32X e di un compensatore ad aria ad alta sensibilit\u00e0, il modello MA-G32 fornisce un&#039;immagine nitida e rivolta verso l&#039;alto e mantiene automaticamente una linea di mira orizzontale, anche su terreni instabili.<\/p>\n<p>Il suo robusto grado di protezione IP54 protegge da polvere e spruzzi d&#039;acqua, rendendo la livella automatica per rilievi topografici un partner affidabile per i cantieri pi\u00f9 impegnativi. Per i professionisti che cercano livelli di rilievo affidabili e precisi, la MA-G32 incarna l&#039;impegno di Mountlaser per la qualit\u00e0 e le prestazioni di tutti i nostri livelli automatici per rilievi topografici.<\/p>\n<p><img fetchpriority=\"high\" decoding=\"async\" class=\"aligncenter wp-image-1883\" src=\"https:\/\/mountlaser.com\/wp-content\/uploads\/2024\/03\/MA-G323.webp\" alt=\"Auto Levels For Surveying\" width=\"500\" height=\"500\" srcset=\"https:\/\/mountlaser.com\/wp-content\/uploads\/2024\/03\/MA-G323.webp 1000w, https:\/\/mountlaser.com\/wp-content\/uploads\/2024\/03\/MA-G323-300x300.webp 300w, https:\/\/mountlaser.com\/wp-content\/uploads\/2024\/03\/MA-G323-400x400.webp 400w, https:\/\/mountlaser.com\/wp-content\/uploads\/2024\/03\/MA-G323-800x800.webp 800w, https:\/\/mountlaser.com\/wp-content\/uploads\/2024\/03\/MA-G323-600x600.webp 600w, https:\/\/mountlaser.com\/wp-content\/uploads\/2024\/03\/MA-G323-150x150.webp 150w, https:\/\/mountlaser.com\/wp-content\/uploads\/2024\/03\/MA-G323-768x768.webp 768w, https:\/\/mountlaser.com\/wp-content\/uploads\/2024\/03\/MA-G323-12x12.webp 12w\" sizes=\"(max-width: 500px) 100vw, 500px\" \/><\/p>\n<p><strong><a href=\"https:\/\/mountlaser.com\/it\/about-us\/\">MA-G32 Auto Livella<\/a> Specifiche<\/strong><\/p>\n<table style=\"border-collapse: collapse; width: 552.02pt;\" border=\"0\" width=\"736\" cellspacing=\"0\" cellpadding=\"0\">\n<tbody>\n<tr style=\"height: 14.25pt;\">\n<td class=\"et2\" style=\"height: 14.25pt; width: 255.75pt;\" width=\"341\" height=\"19\">Modello n.<\/td>\n<td class=\"et3\" style=\"width: 296.25pt;\" width=\"395\">MA-G32<\/td>\n<\/tr>\n<tr style=\"height: 14.25pt;\">\n<td class=\"et4\" style=\"height: 14.25pt;\" height=\"19\">Distanza di lavoro<\/td>\n<td class=\"et5\">50 metri<\/td>\n<\/tr>\n<tr style=\"height: 14.25pt;\">\n<td class=\"et4\" style=\"height: 14.25pt;\" height=\"19\">Deviazione standard per 1 km di corsa doppia<\/td>\n<td class=\"et5\">1,5 mm<\/td>\n<\/tr>\n<tr style=\"height: 14.25pt;\">\n<td class=\"et4\" style=\"height: 14.25pt;\" height=\"19\">Ingrandimento del telescopio<\/td>\n<td class=\"et5\">32X<\/td>\n<\/tr>\n<tr style=\"height: 14.25pt;\">\n<td class=\"et4\" style=\"height: 14.25pt;\" height=\"19\">Immagine del telescopio<\/td>\n<td class=\"et5\">Eretto<\/td>\n<\/tr>\n<tr style=\"height: 14.25pt;\">\n<td class=\"et4\" style=\"height: 14.25pt;\" height=\"19\">Distanza visiva minima<\/td>\n<td class=\"et5\">0,5 metri<\/td>\n<\/tr>\n<tr style=\"height: 14.25pt;\">\n<td class=\"et4\" style=\"height: 14.25pt;\" height=\"19\">Visualizza errore di distanza<\/td>\n<td class=\"et5\">\u2264\u00b10,5%<\/td>\n<\/tr>\n<tr style=\"height: 14.25pt;\">\n<td class=\"et4\" style=\"height: 14.25pt;\" height=\"19\">Dimensione effettiva dell&#039;apertura dell&#039;obiettivo<\/td>\n<td class=\"et5\">4Omm<\/td>\n<\/tr>\n<tr style=\"height: 14.25pt;\">\n<td class=\"et4\" style=\"height: 14.25pt;\" height=\"19\">Errore di messa a fuoco<\/td>\n<td class=\"et5\">\u22641,0 mm<\/td>\n<\/tr>\n<tr style=\"height: 14.25pt;\">\n<td class=\"et4\" style=\"height: 14.25pt;\" height=\"19\">Tipo di compensatore<\/td>\n<td class=\"et5\">Smorzamento dell&#039;aria<\/td>\n<\/tr>\n<tr style=\"height: 14.25pt;\">\n<td class=\"et4\" style=\"height: 14.25pt;\" height=\"19\">Errore di compensazione<\/td>\n<td class=\"et5\">&lt;0,5\u2032<\/td>\n<\/tr>\n<tr style=\"height: 14.25pt;\">\n<td class=\"et4\" style=\"height: 14.25pt;\" height=\"19\">Reticolo<\/td>\n<td class=\"et5\">Reticolo a croce<\/td>\n<\/tr>\n<tr style=\"height: 14.25pt;\">\n<td class=\"et4\" style=\"height: 14.25pt;\" height=\"19\">Precisione dell&#039;impostazione<\/td>\n<td class=\"et5\">+0,4\u2032<\/td>\n<\/tr>\n<tr style=\"height: 14.25pt;\">\n<td class=\"et4\" style=\"height: 14.25pt;\" height=\"19\">Resistente all&#039;acqua e alla polvere<\/td>\n<td class=\"et5\">IP54<\/td>\n<\/tr>\n<tr style=\"height: 14.25pt;\">\n<td class=\"et4\" style=\"height: 14.25pt;\" height=\"19\">Stand Accassony<\/td>\n<td class=\"et5\">Filo a piombo, manuale, perno di regolazione, casa in plastica<\/td>\n<\/tr>\n<tr style=\"height: 14.25pt;\">\n<td class=\"et6\" style=\"height: 14.25pt;\" height=\"19\">Invia peso<\/td>\n<td class=\"et7\">1,35 kg<\/td>\n<\/tr>\n<\/tbody>\n<\/table>\n<p>&nbsp;<\/p>","protected":false},"excerpt":{"rendered":"<ul>\n<li>Alta precisione: raggiunge una deviazione standard di 1,5 mm per km con doppia corsa per risultati affidabili.<\/li>\n<li>\u00a0livella automatica per rilievi L&#039;ingrandimento 32X garantisce una visione chiara e rivolta verso l&#039;alto, semplificando le operazioni e riducendo gli errori.<\/li>\n<li>Compensazione automatica: il compensatore ad aria stabilizza automaticamente la linea.<\/li>\n<li>Struttura resistente: la classificazione IP54 di impermeabilit\u00e0 e resistenza alla polvere garantisce prestazioni ottimali anche in condizioni difficili.<\/li>\n<\/ul>","protected":false},"featured_media":1882,"comment_status":"open","ping_status":"closed","template":"","meta":[],"product_brand":[],"product_cat":[15,140],"product_tag":[],"class_list":{"0":"post-608","1":"product","2":"type-product","3":"status-publish","4":"has-post-thumbnail","6":"product_cat-surveying-instrument","7":"product_cat-automatic-level","9":"first","10":"instock","11":"shipping-taxable","12":"product-type-simple"},"_links":{"self":[{"href":"https:\/\/mountlaser.com\/it\/wp-json\/wp\/v2\/product\/608","targetHints":{"allow":["GET"]}}],"collection":[{"href":"https:\/\/mountlaser.com\/it\/wp-json\/wp\/v2\/product"}],"about":[{"href":"https:\/\/mountlaser.com\/it\/wp-json\/wp\/v2\/types\/product"}],"replies":[{"embeddable":true,"href":"https:\/\/mountlaser.com\/it\/wp-json\/wp\/v2\/comments?post=608"}],"wp:featuredmedia":[{"embeddable":true,"href":"https:\/\/mountlaser.com\/it\/wp-json\/wp\/v2\/media\/1882"}],"wp:attachment":[{"href":"https:\/\/mountlaser.com\/it\/wp-json\/wp\/v2\/media?parent=608"}],"wp:term":[{"taxonomy":"product_brand","embeddable":true,"href":"https:\/\/mountlaser.com\/it\/wp-json\/wp\/v2\/product_brand?post=608"},{"taxonomy":"product_cat","embeddable":true,"href":"https:\/\/mountlaser.com\/it\/wp-json\/wp\/v2\/product_cat?post=608"},{"taxonomy":"product_tag","embeddable":true,"href":"https:\/\/mountlaser.com\/it\/wp-json\/wp\/v2\/product_tag?post=608"}],"curies":[{"name":"parola chiave","href":"https:\/\/api.w.org\/{rel}","templated":true}]}}