{"id":5978,"date":"2025-12-18T06:49:45","date_gmt":"2025-12-18T06:49:45","guid":{"rendered":"https:\/\/mountlaser.com\/?post_type=product&#038;p=5978"},"modified":"2025-12-18T06:49:45","modified_gmt":"2025-12-18T06:49:45","slug":"ys1-120h-laser-level-tripod","status":"publish","type":"product","link":"https:\/\/mountlaser.com\/it\/prodotto\/ys1-120h-laser-level-tripod\/","title":{"rendered":"Treppiede per livella laser YS1-120H"},"content":{"rendered":"<p data-start=\"285\" data-end=\"798\">IL <a href=\"https:\/\/mountlaser.com\/it\/\"><strong data-start=\"289\" data-end=\"320\">Treppiede per livella laser YS1-120H<\/strong><\/a> \u00e8 una soluzione di supporto durevole e di livello professionale progettata per il posizionamento preciso del livello laser nei cantieri edili e di rilevamento. Costruito come un <a href=\"https:\/\/mountlaser.com\/it\/products\/\"><strong data-start=\"468\" data-end=\"500\">Treppiede per ascensore in acciaio giallo<\/strong><\/a>, Combina una struttura in acciaio ad alta resistenza con stabili piedini a ferro di cavallo, garantendo prestazioni affidabili anche su terreni irregolari. Il treppiede per livella laser YS1-120H, versatile treppiede in acciaio giallo, offre un&#039;eccellente stabilit\u00e0 e una lunga durata per applicazioni sul campo impegnative.<\/p>\n<p data-start=\"800\" data-end=\"1338\">Realizzato in acciaio ad alta resistenza e rifinito in giallo ad alta visibilit\u00e0, il treppiede per livella laser YS1-120H \u00e8 progettato per resistere alle condizioni di lavoro pi\u00f9 difficili. Questo treppiede elevatore in acciaio giallo \u00e8 dotato di una testa inclinabile rimovibile con filettatura standard da 1\/4\u2033-20, che lo rende compatibile con un&#039;ampia gamma di livelle laser e strumenti di misura. Sia per uso interno che esterno, il treppiede per livella laser YS1-120H offre una regolazione fluida dell&#039;altezza e un supporto affidabile come un treppiede elevatore professionale in acciaio giallo.<\/p>\n<p data-start=\"1340\" data-end=\"1795\">Disponibile con altezza di 120 cm e 150 cm, il treppiede laser YS1-120H \u00e8 ideale per gli utenti che richiedono flessibilit\u00e0 e precisione. Il suo design a ferro di cavallo migliora la presa e la stabilit\u00e0 su diverse superfici, mentre la testa inclinabile rimovibile consente una regolazione precisa dell&#039;angolazione. Progettato per lavori di tracciamento, allineamento e livellamento in cantiere, questo treppiede laser \u00e8 ideale per gli utenti che richiedono flessibilit\u00e0 e precisione. <a href=\"https:\/\/mountlaser.com\/it\/contact-us\/\">Treppiede per ascensore in acciaio giallo<\/a> garantisce risultati coerenti in diversi ambienti di lavoro.<\/p>\n<div>\n<table style=\"border-collapse: collapse; width: 1002.02pt;\" border=\"0\" width=\"1336\" cellspacing=\"0\" cellpadding=\"0\">\n<tbody>\n<tr style=\"height: 14.25pt;\">\n<td class=\"et2\" style=\"height: 14.25pt; width: 127.50pt;\" width=\"170\" height=\"19\">NUMERO<\/td>\n<td class=\"et3\" style=\"width: 196.50pt;\" width=\"262\">COLORE<\/td>\n<td class=\"et3\" style=\"width: 213.00pt;\" width=\"284\">MATERIALE<\/td>\n<td class=\"et3\" style=\"width: 93.75pt;\" width=\"125\">ALTEZZA<\/td>\n<td class=\"et3\" style=\"width: 170.25pt;\" width=\"227\">FILO<\/td>\n<td class=\"et4\" style=\"width: 201.00pt;\" width=\"268\">IMMAGINE<\/td>\n<\/tr>\n<tr style=\"height: 14.25pt;\">\n<td class=\"et5\" style=\"height: 14.25pt;\" height=\"19\">YS1-120H<\/td>\n<td class=\"et5\">Giallo<\/td>\n<td class=\"et5\">Acciaio<\/td>\n<td class=\"et5\">120 centimetri<\/td>\n<td class=\"et5\">5\/8\u2033-11<\/td>\n<td class=\"et6\"><img fetchpriority=\"high\" decoding=\"async\" class=\"aligncenter wp-image-5981\" src=\"https:\/\/mountlaser.com\/wp-content\/uploads\/2025\/12\/YS1150H3.webp\" alt=\"YS1-120H Laser Level Tripod\" width=\"500\" height=\"500\" srcset=\"https:\/\/mountlaser.com\/wp-content\/uploads\/2025\/12\/YS1150H3.webp 1000w, https:\/\/mountlaser.com\/wp-content\/uploads\/2025\/12\/YS1150H3-300x300.webp 300w, https:\/\/mountlaser.com\/wp-content\/uploads\/2025\/12\/YS1150H3-150x150.webp 150w, https:\/\/mountlaser.com\/wp-content\/uploads\/2025\/12\/YS1150H3-768x768.webp 768w, https:\/\/mountlaser.com\/wp-content\/uploads\/2025\/12\/YS1150H3-12x12.webp 12w, https:\/\/mountlaser.com\/wp-content\/uploads\/2025\/12\/YS1150H3-600x600.webp 600w, https:\/\/mountlaser.com\/wp-content\/uploads\/2025\/12\/YS1150H3-800x800.webp 800w, https:\/\/mountlaser.com\/wp-content\/uploads\/2025\/12\/YS1150H3-400x400.webp 400w\" sizes=\"(max-width: 500px) 100vw, 500px\" \/><\/td>\n<\/tr>\n<tr style=\"height: 14.25pt;\">\n<td class=\"et5\" style=\"height: 14.25pt;\" height=\"19\">YS1-150H<\/td>\n<td class=\"et5\">Giallo<\/td>\n<td class=\"et5\">Acciaio<\/td>\n<td class=\"et5\">150 centimetri<\/td>\n<td class=\"et5\">5\/8\u2033-11<\/td>\n<td class=\"et6\"><img decoding=\"async\" class=\"alignnone wp-image-5983\" src=\"https:\/\/mountlaser.com\/wp-content\/uploads\/2025\/12\/YS1150H5.webp\" alt=\"YS1-120H Laser Level Tripod\" width=\"500\" height=\"500\" srcset=\"https:\/\/mountlaser.com\/wp-content\/uploads\/2025\/12\/YS1150H5.webp 1000w, https:\/\/mountlaser.com\/wp-content\/uploads\/2025\/12\/YS1150H5-300x300.webp 300w, https:\/\/mountlaser.com\/wp-content\/uploads\/2025\/12\/YS1150H5-150x150.webp 150w, https:\/\/mountlaser.com\/wp-content\/uploads\/2025\/12\/YS1150H5-768x768.webp 768w, https:\/\/mountlaser.com\/wp-content\/uploads\/2025\/12\/YS1150H5-12x12.webp 12w, https:\/\/mountlaser.com\/wp-content\/uploads\/2025\/12\/YS1150H5-600x600.webp 600w, https:\/\/mountlaser.com\/wp-content\/uploads\/2025\/12\/YS1150H5-800x800.webp 800w, https:\/\/mountlaser.com\/wp-content\/uploads\/2025\/12\/YS1150H5-400x400.webp 400w\" sizes=\"(max-width: 500px) 100vw, 500px\" \/><\/td>\n<\/tr>\n<\/tbody>\n<\/table>\n<\/div>","protected":false},"excerpt":{"rendered":"<ul>\n<li>Fornisce un supporto stabile e sicuro per i livelli laser durante le attivit\u00e0 di misurazione e allineamento<\/li>\n<li>Il design dell&#039;elevatore regolabile consente un posizionamento preciso dell&#039;altezza per una proiezione laser accurata<\/li>\n<li>La testa inclinabile rimovibile consente una regolazione flessibile dell&#039;angolazione per una maggiore usabilit\u00e0<\/li>\n<li>I piedi a ferro di cavallo migliorano la stabilit\u00e0 su superfici irregolari o morbide<\/li>\n<li>La finitura gialla ad alta visibilit\u00e0 aumenta la sicurezza in cantiere e il riconoscimento degli utensili<\/li>\n<\/ul>","protected":false},"featured_media":5980,"comment_status":"open","ping_status":"closed","template":"","meta":[],"product_brand":[],"product_cat":[122,94],"product_tag":[],"class_list":{"0":"post-5978","1":"product","2":"type-product","3":"status-publish","4":"has-post-thumbnail","6":"product_cat-laser-level-tripod","7":"product_cat-laser-level-accessory","9":"first","10":"instock","11":"shipping-taxable","12":"product-type-simple"},"_links":{"self":[{"href":"https:\/\/mountlaser.com\/it\/wp-json\/wp\/v2\/product\/5978","targetHints":{"allow":["GET"]}}],"collection":[{"href":"https:\/\/mountlaser.com\/it\/wp-json\/wp\/v2\/product"}],"about":[{"href":"https:\/\/mountlaser.com\/it\/wp-json\/wp\/v2\/types\/product"}],"replies":[{"embeddable":true,"href":"https:\/\/mountlaser.com\/it\/wp-json\/wp\/v2\/comments?post=5978"}],"wp:featuredmedia":[{"embeddable":true,"href":"https:\/\/mountlaser.com\/it\/wp-json\/wp\/v2\/media\/5980"}],"wp:attachment":[{"href":"https:\/\/mountlaser.com\/it\/wp-json\/wp\/v2\/media?parent=5978"}],"wp:term":[{"taxonomy":"product_brand","embeddable":true,"href":"https:\/\/mountlaser.com\/it\/wp-json\/wp\/v2\/product_brand?post=5978"},{"taxonomy":"product_cat","embeddable":true,"href":"https:\/\/mountlaser.com\/it\/wp-json\/wp\/v2\/product_cat?post=5978"},{"taxonomy":"product_tag","embeddable":true,"href":"https:\/\/mountlaser.com\/it\/wp-json\/wp\/v2\/product_tag?post=5978"}],"curies":[{"name":"parola chiave","href":"https:\/\/api.w.org\/{rel}","templated":true}]}}